{"id":1111,"date":"2020-11-08T18:23:34","date_gmt":"2020-11-08T17:23:34","guid":{"rendered":"https:\/\/teswic.com\/?page_id=1111"},"modified":"2020-12-14T12:47:26","modified_gmt":"2020-12-14T11:47:26","slug":"https-teswic-com-es","status":"publish","type":"page","link":"https:\/\/teswic.com\/es\/https-teswic-com-es\/","title":{"rendered":"COLLECT &#038; COMPACT"},"content":{"rendered":"\r\n<h2 class=\"wp-block-heading\">Compactador de botellas pl\u00e1sticas<\/h2>\r\n<h3>\u00a0\u00a0 para una log\u00edstica razonable<\/h3>\r\n<h3>\u00a0\u00a0\u00a0\u00a0\u00a0 permite la recolecci\u00f3n descentralizada<\/h3>\r\n<h3>\u00a0\u00a0\u00a0\u00a0\u00a0\u00a0\u00a0\u00a0 aumenta las tasas de recogida<\/h3>\r\n<p>&nbsp;<\/p>\r\n\r\n\r\n\r\n<figure class=\"wp-block-image size-large is-resized\"><img loading=\"lazy\" decoding=\"async\" class=\"alignnone wp-image-1113\" title=\"Collect &amp; Compact - Compactaci\u00f3n de botellas de pl\u00e1stico de TESWIC\" src=\"https:\/\/teswic.com\/wp-content\/uploads\/2020\/09\/CollectCompact_PET-bottle-compaction-collection-684x1024.jpg\" alt=\"Collect &amp; Compact - Compactaci\u00f3n de botellas de pl\u00e1stico de TESWIC\" width=\"260\" height=\"389\" srcset=\"https:\/\/teswic.com\/wp-content\/uploads\/2020\/09\/CollectCompact_PET-bottle-compaction-collection-684x1024.jpg 684w, https:\/\/teswic.com\/wp-content\/uploads\/2020\/09\/CollectCompact_PET-bottle-compaction-collection-200x300.jpg 200w, https:\/\/teswic.com\/wp-content\/uploads\/2020\/09\/CollectCompact_PET-bottle-compaction-collection-768x1149.jpg 768w, https:\/\/teswic.com\/wp-content\/uploads\/2020\/09\/CollectCompact_PET-bottle-compaction-collection-1026x1536.jpg 1026w, https:\/\/teswic.com\/wp-content\/uploads\/2020\/09\/CollectCompact_PET-bottle-compaction-collection.jpg 1200w\" sizes=\"auto, (max-width: 260px) 100vw, 260px\" \/>\r\n<figcaption>COLLECT &amp; COMPACT es un compactador manual de botellas plasticas que:<\/figcaption>\r\n<\/figure>\r\n\r\n\r\n\r\n<ul class=\"wp-block-list\">\r\n<li>Compacta botellas de pl\u00e1stico de 0,5l a 2,0l<\/li>\r\n<li>Compacta las botellas cerradas<\/li>\r\n<li>Compacta hasta 400 botellas por hora<\/li>\r\n<\/ul>\r\n\r\n\r\n\r\n<figure class=\"wp-block-image size-large\">\r\n<div id=\"attachment_1078\" style=\"width: 610px\" class=\"wp-caption alignnone\"><img loading=\"lazy\" decoding=\"async\" aria-describedby=\"caption-attachment-1078\" class=\"wp-image-1078\" title=\"Compactador botellas pl\u00e1sticas de TESWIC\" src=\"https:\/\/teswic.com\/wp-content\/uploads\/2020\/10\/Flasche_15l_600x450.jpg\" alt=\"Collect &amp; Compact - Compactaci\u00f3n de botellas de pl\u00e1stico de TESWIC\" width=\"600\" height=\"450\" srcset=\"https:\/\/teswic.com\/wp-content\/uploads\/2020\/10\/Flasche_15l_600x450.jpg 600w, https:\/\/teswic.com\/wp-content\/uploads\/2020\/10\/Flasche_15l_600x450-300x225.jpg 300w\" sizes=\"auto, (max-width: 600px) 100vw, 600px\" \/><p id=\"caption-attachment-1078\" class=\"wp-caption-text\">Una botella de 1,5l despu\u00e9s de la compactaci\u00f3n.<\/p><\/div>\r\n<\/figure>\r\n\r\n\r\n\r\n\r\n\r\n<h3 class=\"wp-block-heading\">\u00a0<\/h3>\r\n<h3>Caracter\u00edsticas que convencen:<\/h3>\r\n<ul>\r\n<li>Perfora cada botella. Esto es perfecto para el transporte y la presi\u00f3n de las botellas en balas.<\/li>\r\n<li>Carcasa bloqueable en la construcci\u00f3n del sistema: El tama\u00f1o de la carcasa se puede adaptar al tama\u00f1o de los contenedores de residuos utilizados localmente. Tambi\u00e9n se puede utilizar con una bolsa de pl\u00e1stico de 240l.<\/li>\r\n<li>Adecuado para su uso en exteriores.<\/li>\r\n<\/ul>\r\n\r\n\r\n\r\n\r\n\r\n<p><a href=\"https:\/\/www.youtube.com\/watch?v=rdA00X0y_AQ\" target=\"_blank\" rel=\"noreferrer noopener\"><strong>Mira el video<\/strong><\/a> <a href=\"https:\/\/youtu.be\/hF_SqAMZM08\" target=\"_blank\" rel=\"noreferrer noopener\"><img loading=\"lazy\" decoding=\"async\" width=\"75\" height=\"42\" class=\"wp-image-1121\" style=\"width: 75px;\" src=\"https:\/\/teswic.com\/wp-content\/uploads\/2020\/09\/YouTubeLogo.png\" alt=\"\" \/><\/a><\/p>\r\n<p>&nbsp;<\/p>\r\n\r\n\r\n\r\n\r\n\r\n<h2 class=\"wp-block-heading\">Preguntas y respuestas sobre la compactaci\u00f3n manual de botellas de pl\u00e1stico con Collect &amp; Compact<\/h2>\r\n\r\n\r\n\r\n<h4 class=\"wp-block-heading\">\u00bfQu\u00e9 envases de bebidas puedo compactar con Collect &amp; Compact?<\/h4>\r\n\r\n\r\n\r\n<ul class=\"wp-block-list\">\r\n<li><strong>Botellas de PET individuales, vac\u00edas y desechables.<\/strong> No importa si las botellas alimentadas est\u00e1n abiertas o cerradas. Hasta un di\u00e1metro de botella de 9 cm y una longitud de 35 cm (esto corresponde en la mayor\u00eda de los casos a una botella de 2,0 l) Collect &amp; Compact prensar\u00e1 cada botella.<\/li>\r\n<li>Tetra Paks.<\/li>\r\n<\/ul>\r\n\r\n\r\n\r\n<h4 class=\"wp-block-heading\"><img loading=\"lazy\" decoding=\"async\" class=\"alignleft wp-image-1115 size-medium\" title=\"Compactador botellas plasticas\" src=\"https:\/\/teswic.com\/wp-content\/uploads\/2019\/10\/VerpressteFlascghe_aussgeschnitten_blau_kleine-Aufl\u00f6sung-300x73.png\" alt=\"Compactador botellas plasticas\" width=\"300\" height=\"73\" srcset=\"https:\/\/teswic.com\/wp-content\/uploads\/2019\/10\/VerpressteFlascghe_aussgeschnitten_blau_kleine-Aufl\u00f6sung-300x73.png 300w, https:\/\/teswic.com\/wp-content\/uploads\/2019\/10\/VerpressteFlascghe_aussgeschnitten_blau_kleine-Aufl\u00f6sung.png 639w\" sizes=\"auto, (max-width: 300px) 100vw, 300px\" \/><\/h4>\r\n<p>&nbsp;<\/p>\r\n<p>&nbsp;<\/p>\r\n<h4>\u00bfD\u00f3nde puedo instalar Collect &amp; Compact?<\/h4>\r\n\r\n\r\n\r\n<p>Collect &amp; Compact puede instalarse pr\u00e1cticamente en cualquier lugar:<\/p>\r\n<ul>\r\n<li>En puntos de recogida p\u00fablicos como estaciones de servicio de autopistas, estadios, aeropuertos, estaciones de tren, carreteras y playas.<\/li>\r\n<li>En el punto de recogida de residuos de los edificios de apartamentos.<\/li>\r\n<li>M\u00f3viles en remolques.<\/li>\r\n<\/ul>\r\n\r\n\r\n\r\n\r\n\r\n<h4 class=\"wp-block-heading\">\u00bfCu\u00e1les son las exigencias de Collect &amp; Compact para el lugar de instalaci\u00f3n?<\/h4>\r\n<ul>\r\n<li>No se requiere ninguna conexi\u00f3n de energ\u00eda. El operador compacta las botellas individualmente a mano.<\/li>\r\n<li>Collect &amp; Compact es ideal para su uso en exteriores ya que est\u00e1 hecho de acero inoxidable de alta calidad.<\/li>\r\n<li>Se requiere una superficie plana de aprox. 2 m\u00b2.<\/li>\r\n<\/ul>\r\n\r\n\r\n\r\n\r\n\r\n<h4 class=\"wp-block-heading\">\u00bfQu\u00e9 ventajas ofrece Collect &amp; Compact al operador?<\/h4>\r\n<ul>\r\n<li>Collect &amp; Compact es un sistema de recogida descentralizado. Puede instalarse pr\u00e1cticamente en cualquier lugar. La gente puede desechar adecuadamente sus botellas de pl\u00e1stico incluso en lugares que no ofrecen un techo o electricidad.<\/li>\r\n<li>La experiencia demuestra que las tasas de recogida aumentan cuando las personas tienen m\u00e1s posibilidades de deshacerse de sus botellas de forma adecuada.<\/li>\r\n<li>La recogida separada de botellas de pl\u00e1stico permite el reciclaje de forma selectiva.<\/li>\r\n<li>Al comprimir las botellas, todos contribuyen a <a href=\"https:\/\/teswic.com\/es\/el-material-reciclable-pet\/ventajas\/\">mejorar la log\u00edstica.<\/a> El veh\u00edculo de recogida transporta plastico en lugar de aire. No hay que olvidar la disminuci\u00f3n de los viajes de los veh\u00edculos de recogida.<\/li>\r\n<li>Todo el mundo puede contribuir al reciclaje y a la reducci\u00f3n de las emisiones de CO\u00b2.<\/li>\r\n<\/ul>\r\n\r\n\r\n\r\n\r\n\r\n<h4 class=\"wp-block-heading\">\u00bfQu\u00e9 ventajas ofrece Collect &amp; Compact a una empresa de eliminaci\u00f3n de residuos?<\/h4>\r\n<ul>\r\n<li>Collect &amp; Compact se puede colocar de forma flexible, ya que no se necesita ni electricidad ni un techno. Permite una recolecci\u00f3n descentralizada que se sabe que aumenta la cuota de recolecci\u00f3n.<\/li>\r\n<li>Al comprimir las botellas durante la inserci\u00f3n, se prolongan los intervalos de vaciado del contenedor. Los intervalos son por lo menos el doble.<\/li>\r\n<li>Collect &amp; Compact perfora cada una de las botellas. Un veh\u00edculo de recogida de basuras equipado con un compactador puede comprimir a\u00fan m\u00e1s las botellas recogidas y aumentar as\u00ed su capacidad de carga. Se mejora la rentabilidad de los transportes.<\/li>\r\n<li>Las botellas perforadas pueden ser introducidas directamente en una balaprensa. La etapa de producci\u00f3n de la perforaci\u00f3n no es aplicable.<\/li>\r\n<li>La compactaci\u00f3n manual de las botellas de pl\u00e1stico contribuye a cumplir <a href=\"https:\/\/teswic.com\/es\/el-pet-en-el-centro-de-la-ue\/\">los requisitos de la UE.<\/a><\/li>\r\n<\/ul>\r\n\r\n\r\n\r\n\r\n\r\n<h4 class=\"wp-block-heading\">\u00bfQu\u00e9 contenedores de recogida puedo usar con Collect &amp; Compact?<\/h4>\r\n<ul>\r\n<li>Debido al dise\u00f1o especial de la carcasa, puede adaptarse f\u00e1cilmente a los tama\u00f1os de los contenedores de residuos locales.<\/li>\r\n<li>Como alternativa, se puede colgar una bolsa de pl\u00e1stico de 120l en la carcasa.<\/li>\r\n<li>La puerta de la carcasa est\u00e1 equipada con una cerradura de seguridad.<\/li>\r\n<\/ul>\r\n\r\n\r\n\r\n\r\n\r\n<h4 class=\"wp-block-heading\">\u00bfC\u00f3mo puedo limpiar Collect &amp; Compact?<\/h4>\r\n<ul>\r\n<li>Hecho de acero inoxidable de alta calidad, tanto la prensa como la carcasa se pueden limpiar con un limpiador de alta presi\u00f3n.<\/li>\r\n<li>Debido a la tecnolog\u00eda especial de la prensa, normalmente quedan peque\u00f1os vol\u00famenes de l\u00edquido residual en la botella. S\u00f3lo los vol\u00famenes m\u00e1s grandes caen en el recipiente de recogida.<\/li>\r\n<\/ul>\r\n\r\n\r\n\r\n\r\n\r\n<h4 class=\"wp-block-heading\">\u00bfQu\u00e9 variantes de aplicaci\u00f3n est\u00e1n disponibles?<\/h4>\r\n<ul>\r\n<li>Carcasa de recogida, en la que se puede colocar un contenedor de basura estandarizado.<\/li>\r\n<li>Carcasa de recogida con una bolsa de pl\u00e1stico de recogida de 120l.<\/li>\r\n<li>Como pieza sobrepuesta para sistemas subterr\u00e1neos.<\/li>\r\n<\/ul>\r\n<p>&nbsp;<\/p>\r\n\r\n\r\n\r\n<h2 class=\"wp-block-heading\">Datos t\u00e9cnicos de Collect &amp; Compact<\/h2>\r\n\r\n\r\n\r\n<figure class=\"wp-block-table\">\r\n<table>\r\n<tbody>\r\n<tr>\r\n<td>Di\u00e1metro m\u00e1ximo de la botella<\/td>\r\n<td>\u00a090 mm<\/td>\r\n<\/tr>\r\n<tr>\r\n<td>Longitud de la botella<\/td>\r\n<td>150-350 mm<\/td>\r\n<\/tr>\r\n<tr>\r\n<td>Soporte m\u00f3vil para bolsas de pl\u00e1stico de<\/td>\r\n<td>120l<\/td>\r\n<\/tr>\r\n<tr>\r\n<td>Dimensiones de la puerta<\/td>\r\n<td>An 480 x Al 980 mm<\/td>\r\n<\/tr>\r\n<tr>\r\n<td>Dimensiones de la m\u00e1quina<\/td>\r\n<td>Pr 825 x An 585 x Al 1455 mm<\/td>\r\n<\/tr>\r\n<tr>\r\n<td>Altura m\u00e1xima.<\/td>\r\n<td>Al 1710 mm<\/td>\r\n<\/tr>\r\n<tr>\r\n<td>Peso<\/td>\r\n<td>47 kg<\/td>\r\n<\/tr>\r\n<\/tbody>\r\n<\/table>\r\n<p>&nbsp;<\/p>\r\n<\/figure>\r\n\r\n\r\n","protected":false},"excerpt":{"rendered":"<p>Collect &#038; Compact &#8211; compactaci\u00f3n manual de botellas de pl\u00e1stico directamente en el punto de recogida. No hay consumo de energ\u00eda. Adecuado para hasta 400 botellas por hora.<br \/>\nPara una log\u00edstica razonable. Para la recolecci\u00f3n descentralizada. Aumenta las tasas de recogida.<\/p>\n","protected":false},"author":1,"featured_media":1120,"parent":0,"menu_order":0,"comment_status":"closed","ping_status":"closed","template":"","meta":{"footnotes":""},"class_list":["post-1111","page","type-page","status-publish","has-post-thumbnail","hentry"],"yoast_head":"<!-- This site is optimized with the Yoast SEO plugin v20.3 - https:\/\/yoast.com\/wordpress\/plugins\/seo\/ -->\n<title>Compactador botellas pl\u00e1sticas | Collect &amp; Compact | TESWIC<\/title>\n<meta name=\"description\" content=\"Compactador manual de botellas pl\u00e1sticas. Compacta directamente en el punto de recogida. No hay consumo de energ\u00eda. 240l recipiente de recogida.\" \/>\n<meta name=\"robots\" content=\"index, follow, max-snippet:-1, max-image-preview:large, max-video-preview:-1\" \/>\n<link rel=\"canonical\" href=\"https:\/\/teswic.com\/es\/https-teswic-com-es\/\" \/>\n<meta property=\"og:locale\" content=\"es_ES\" \/>\n<meta property=\"og:type\" content=\"article\" \/>\n<meta property=\"og:title\" content=\"Compactador botellas pl\u00e1sticas | Collect &amp; Compact | TESWIC\" \/>\n<meta property=\"og:description\" content=\"Compactador manual de botellas pl\u00e1sticas. Compacta directamente en el punto de recogida. No hay consumo de energ\u00eda. 240l recipiente de recogida.\" \/>\n<meta property=\"og:url\" content=\"https:\/\/teswic.com\/es\/https-teswic-com-es\/\" \/>\n<meta property=\"og:site_name\" content=\"Collect recyclables in compressed form.\" \/>\n<meta property=\"article:modified_time\" content=\"2020-12-14T11:47:26+00:00\" \/>\n<meta property=\"og:image\" content=\"https:\/\/teswic.com\/wp-content\/uploads\/2020\/09\/Presse_mitFlascheGriff_freigestellt.jpg\" \/>\n\t<meta property=\"og:image:width\" content=\"2560\" \/>\n\t<meta property=\"og:image:height\" content=\"1920\" \/>\n\t<meta property=\"og:image:type\" content=\"image\/jpeg\" \/>\n<meta name=\"twitter:card\" content=\"summary_large_image\" \/>\n<meta name=\"twitter:label1\" content=\"Tiempo de lectura\" \/>\n\t<meta name=\"twitter:data1\" content=\"4 minutos\" \/>\n<script type=\"application\/ld+json\" class=\"yoast-schema-graph\">{\"@context\":\"https:\/\/schema.org\",\"@graph\":[{\"@type\":\"WebPage\",\"@id\":\"https:\/\/teswic.com\/es\/https-teswic-com-es\/\",\"url\":\"https:\/\/teswic.com\/es\/https-teswic-com-es\/\",\"name\":\"Compactador botellas pl\u00e1sticas | Collect & Compact | TESWIC\",\"isPartOf\":{\"@id\":\"https:\/\/teswic.com\/#website\"},\"datePublished\":\"2020-11-08T17:23:34+00:00\",\"dateModified\":\"2020-12-14T11:47:26+00:00\",\"description\":\"Compactador manual de botellas pl\u00e1sticas. Compacta directamente en el punto de recogida. No hay consumo de energ\u00eda. 240l recipiente de recogida.\",\"breadcrumb\":{\"@id\":\"https:\/\/teswic.com\/es\/https-teswic-com-es\/#breadcrumb\"},\"inLanguage\":\"es\",\"potentialAction\":[{\"@type\":\"ReadAction\",\"target\":[\"https:\/\/teswic.com\/es\/https-teswic-com-es\/\"]}]},{\"@type\":\"BreadcrumbList\",\"@id\":\"https:\/\/teswic.com\/es\/https-teswic-com-es\/#breadcrumb\",\"itemListElement\":[{\"@type\":\"ListItem\",\"position\":1,\"name\":\"Startseite\",\"item\":\"https:\/\/teswic.com\/es\/\"},{\"@type\":\"ListItem\",\"position\":2,\"name\":\"COLLECT &#038; COMPACT\"}]},{\"@type\":\"WebSite\",\"@id\":\"https:\/\/teswic.com\/#website\",\"url\":\"https:\/\/teswic.com\/\",\"name\":\"Collect recyclables in compressed form.\",\"description\":\"Manual compaction of empties. \",\"publisher\":{\"@id\":\"https:\/\/teswic.com\/#organization\"},\"potentialAction\":[{\"@type\":\"SearchAction\",\"target\":{\"@type\":\"EntryPoint\",\"urlTemplate\":\"https:\/\/teswic.com\/?s={search_term_string}\"},\"query-input\":\"required name=search_term_string\"}],\"inLanguage\":\"es\"},{\"@type\":\"Organization\",\"@id\":\"https:\/\/teswic.com\/#organization\",\"name\":\"Teswic Technologies\",\"url\":\"https:\/\/teswic.com\/\",\"logo\":{\"@type\":\"ImageObject\",\"inLanguage\":\"es\",\"@id\":\"https:\/\/teswic.com\/#\/schema\/logo\/image\/\",\"url\":\"https:\/\/teswic.com\/wp-content\/uploads\/2020\/04\/Teswic150x30.png\",\"contentUrl\":\"https:\/\/teswic.com\/wp-content\/uploads\/2020\/04\/Teswic150x30.png\",\"width\":150,\"height\":35,\"caption\":\"Teswic Technologies\"},\"image\":{\"@id\":\"https:\/\/teswic.com\/#\/schema\/logo\/image\/\"},\"sameAs\":[\"https:\/\/www.linkedin.com\/company\/teswic-technologies\",\"https:\/\/www.youtube.com\/channel\/UCfleVzQ0OZ-NIJkLOpOBjaQ\"]}]}<\/script>\n<!-- \/ Yoast SEO plugin. -->","yoast_head_json":{"title":"Compactador botellas pl\u00e1sticas | Collect & Compact | TESWIC","description":"Compactador manual de botellas pl\u00e1sticas. Compacta directamente en el punto de recogida. No hay consumo de energ\u00eda. 240l recipiente de recogida.","robots":{"index":"index","follow":"follow","max-snippet":"max-snippet:-1","max-image-preview":"max-image-preview:large","max-video-preview":"max-video-preview:-1"},"canonical":"https:\/\/teswic.com\/es\/https-teswic-com-es\/","og_locale":"es_ES","og_type":"article","og_title":"Compactador botellas pl\u00e1sticas | Collect & Compact | TESWIC","og_description":"Compactador manual de botellas pl\u00e1sticas. Compacta directamente en el punto de recogida. No hay consumo de energ\u00eda. 240l recipiente de recogida.","og_url":"https:\/\/teswic.com\/es\/https-teswic-com-es\/","og_site_name":"Collect recyclables in compressed form.","article_modified_time":"2020-12-14T11:47:26+00:00","og_image":[{"width":2560,"height":1920,"url":"https:\/\/teswic.com\/wp-content\/uploads\/2020\/09\/Presse_mitFlascheGriff_freigestellt.jpg","type":"image\/jpeg"}],"twitter_card":"summary_large_image","twitter_misc":{"Tiempo de lectura":"4 minutos"},"schema":{"@context":"https:\/\/schema.org","@graph":[{"@type":"WebPage","@id":"https:\/\/teswic.com\/es\/https-teswic-com-es\/","url":"https:\/\/teswic.com\/es\/https-teswic-com-es\/","name":"Compactador botellas pl\u00e1sticas | Collect & Compact | TESWIC","isPartOf":{"@id":"https:\/\/teswic.com\/#website"},"datePublished":"2020-11-08T17:23:34+00:00","dateModified":"2020-12-14T11:47:26+00:00","description":"Compactador manual de botellas pl\u00e1sticas. Compacta directamente en el punto de recogida. No hay consumo de energ\u00eda. 240l recipiente de recogida.","breadcrumb":{"@id":"https:\/\/teswic.com\/es\/https-teswic-com-es\/#breadcrumb"},"inLanguage":"es","potentialAction":[{"@type":"ReadAction","target":["https:\/\/teswic.com\/es\/https-teswic-com-es\/"]}]},{"@type":"BreadcrumbList","@id":"https:\/\/teswic.com\/es\/https-teswic-com-es\/#breadcrumb","itemListElement":[{"@type":"ListItem","position":1,"name":"Startseite","item":"https:\/\/teswic.com\/es\/"},{"@type":"ListItem","position":2,"name":"COLLECT &#038; COMPACT"}]},{"@type":"WebSite","@id":"https:\/\/teswic.com\/#website","url":"https:\/\/teswic.com\/","name":"Collect recyclables in compressed form.","description":"Manual compaction of empties. ","publisher":{"@id":"https:\/\/teswic.com\/#organization"},"potentialAction":[{"@type":"SearchAction","target":{"@type":"EntryPoint","urlTemplate":"https:\/\/teswic.com\/?s={search_term_string}"},"query-input":"required name=search_term_string"}],"inLanguage":"es"},{"@type":"Organization","@id":"https:\/\/teswic.com\/#organization","name":"Teswic Technologies","url":"https:\/\/teswic.com\/","logo":{"@type":"ImageObject","inLanguage":"es","@id":"https:\/\/teswic.com\/#\/schema\/logo\/image\/","url":"https:\/\/teswic.com\/wp-content\/uploads\/2020\/04\/Teswic150x30.png","contentUrl":"https:\/\/teswic.com\/wp-content\/uploads\/2020\/04\/Teswic150x30.png","width":150,"height":35,"caption":"Teswic Technologies"},"image":{"@id":"https:\/\/teswic.com\/#\/schema\/logo\/image\/"},"sameAs":["https:\/\/www.linkedin.com\/company\/teswic-technologies","https:\/\/www.youtube.com\/channel\/UCfleVzQ0OZ-NIJkLOpOBjaQ"]}]}},"_links":{"self":[{"href":"https:\/\/teswic.com\/es\/wp-json\/wp\/v2\/pages\/1111","targetHints":{"allow":["GET"]}}],"collection":[{"href":"https:\/\/teswic.com\/es\/wp-json\/wp\/v2\/pages"}],"about":[{"href":"https:\/\/teswic.com\/es\/wp-json\/wp\/v2\/types\/page"}],"author":[{"embeddable":true,"href":"https:\/\/teswic.com\/es\/wp-json\/wp\/v2\/users\/1"}],"replies":[{"embeddable":true,"href":"https:\/\/teswic.com\/es\/wp-json\/wp\/v2\/comments?post=1111"}],"version-history":[{"count":22,"href":"https:\/\/teswic.com\/es\/wp-json\/wp\/v2\/pages\/1111\/revisions"}],"predecessor-version":[{"id":1306,"href":"https:\/\/teswic.com\/es\/wp-json\/wp\/v2\/pages\/1111\/revisions\/1306"}],"wp:featuredmedia":[{"embeddable":true,"href":"https:\/\/teswic.com\/es\/wp-json\/wp\/v2\/media\/1120"}],"wp:attachment":[{"href":"https:\/\/teswic.com\/es\/wp-json\/wp\/v2\/media?parent=1111"}],"curies":[{"name":"wp","href":"https:\/\/api.w.org\/{rel}","templated":true}]}}