{"id":1134,"date":"2020-11-08T18:42:56","date_gmt":"2020-11-08T17:42:56","guid":{"rendered":"https:\/\/teswic.com\/?page_id=1134"},"modified":"2020-11-19T10:34:12","modified_gmt":"2020-11-19T09:34:12","slug":"preguntas-y-respuestas","status":"publish","type":"page","link":"https:\/\/teswic.com\/es\/preguntas-y-respuestas\/","title":{"rendered":"Preguntas y respuestas"},"content":{"rendered":"<h2>Preguntas y respuestas sobre la compactaci\u00f3n manual de botellas de pl\u00e1stico con Collect &amp; Compact<\/h2>\n<h4><\/h4>\n<h4><strong>\u00bfQu\u00e9 envases de bebidas puedo compactar con Collect &amp; Compact?<\/strong><\/h4>\n<ul>\n<li><strong>Botellas de PET individuales, vac\u00edas y desechables.<\/strong> No importa si las botellas alimentadas est\u00e1n abiertas o cerradas. Hasta un di\u00e1metro de botella de 9 cm y una longitud de 35 cm (esto corresponde en la mayor\u00eda de los casos a una botella de 2,0 l) Collect &amp; Compact prensar\u00e1 cada botella.<\/li>\n<li>Tetra Paks.<\/li>\n<\/ul>\n<h4><strong>\u00bfD\u00f3nde puedo instalar Collect &amp; Compact?<\/strong><\/h4>\n<p>Collect &amp; Compact puede instalarse pr\u00e1cticamente en cualquier lugar:<\/p>\n<ul>\n<li>En puntos de recogida p\u00fablicos como estaciones de servicio de autopistas, estadios, aeropuertos, estaciones de tren, carreteras y playas.<\/li>\n<li>En el punto de recogida de residuos de los edificios de apartamentos.<\/li>\n<li>M\u00f3viles en remolques.<\/li>\n<\/ul>\n<h4><strong>\u00bfCu\u00e1les son las exigencias de Collect &amp; Compact para el lugar de instalaci\u00f3n?<\/strong><\/h4>\n<ul>\n<li>No se requiere ninguna conexi\u00f3n de energ\u00eda. El operador compacta las botellas individualmente a mano.<\/li>\n<li>Collect &amp; Compact es ideal para su uso en exteriores ya que est\u00e1 hecho de acero inoxidable de alta calidad.<\/li>\n<li>Se requiere una superficie plana de aprox. 2 m\u00b2.<\/li>\n<\/ul>\n<h4><strong>\u00bfQu\u00e9 ventajas ofrece Collect &amp; Compact al operador?<\/strong><\/h4>\n<ul>\n<li>Collect &amp; Compact es un sistema de recogida descentralizado. Puede instalarse pr\u00e1cticamente en cualquier lugar. La gente puede desechar adecuadamente sus botellas de pl\u00e1stico incluso en lugares que no ofrecen un techo o electricidad.<\/li>\n<li>La experiencia demuestra que las tasas de recogida aumentan cuando las personas tienen m\u00e1s posibilidades de deshacerse de sus botellas de forma adecuada.<\/li>\n<li>La recogida separada de botellas de pl\u00e1stico permite el reciclaje de forma selectiva.<\/li>\n<li>Al comprimir las botellas, todos contribuyen a <strong><em>mejorar la log\u00edstica<\/em><\/strong>. El veh\u00edculo de recogida transporta plastico en lugar de aire. No hay que olvidar la disminuci\u00f3n de los viajes de los veh\u00edculos de recogida.<\/li>\n<li>Todo el mundo puede contribuir al reciclaje y a la reducci\u00f3n de las emisiones de CO\u00b2.<\/li>\n<\/ul>\n<h4><strong>\u00bfQu\u00e9 ventajas ofrece Collect &amp; Compact a una empresa de eliminaci\u00f3n de residuos?<\/strong><\/h4>\n<ul>\n<li>Collect &amp; Compact se puede colocar de forma flexible, ya que no se necesita ni electricidad ni un techno. Permite una recolecci\u00f3n descentralizada que se sabe que aumenta la cuota de recolecci\u00f3n.<\/li>\n<li>Al comprimir las botellas durante la inserci\u00f3n, se prolongan los intervalos de vaciado del contenedor. Los intervalos son por lo menos el doble.<\/li>\n<li>Collect &amp; Compact perfora cada una de las botellas. Un veh\u00edculo de recogida de basuras equipado con un compactador puede comprimir a\u00fan m\u00e1s las botellas recogidas y aumentar as\u00ed su capacidad de carga. Se mejora la rentabilidad de los transportes.<\/li>\n<li>Las botellas perforadas pueden ser introducidas directamente en una balaprensa. La etapa de producci\u00f3n de la perforaci\u00f3n no es aplicable.<\/li>\n<li>La compactaci\u00f3n manual de las botellas de pl\u00e1stico contribuye a cumplir <strong><em>los requisitos de la UE<\/em><\/strong>.<\/li>\n<\/ul>\n<h4><strong>\u00bfQu\u00e9 contenedores de recogida puedo usar con Collect &amp; Compact?<\/strong><\/h4>\n<ul>\n<li>Debido al dise\u00f1o especial de la carcasa, puede adaptarse f\u00e1cilmente a los tama\u00f1os de los contenedores de residuos locales.<\/li>\n<li>Como alternativa, se puede colgar una bolsa de pl\u00e1stico de 120l en la carcasa.<\/li>\n<li>La puerta de la carcasa est\u00e1 equipada con una cerradura de seguridad.<\/li>\n<\/ul>\n<h4><strong>\u00bfC\u00f3mo puedo limpiar Collect &amp; Compact?<\/strong><\/h4>\n<ul>\n<li>Hecho de acero inoxidable de alta calidad, tanto la prensa como la carcasa se pueden limpiar con un limpiador de alta presi\u00f3n.<\/li>\n<li>Debido a la tecnolog\u00eda especial de la prensa, normalmente quedan peque\u00f1os vol\u00famenes de l\u00edquido residual en la botella. S\u00f3lo los vol\u00famenes m\u00e1s grandes caen en el recipiente de recogida.<\/li>\n<\/ul>\n<h4><strong>\u00bfQu\u00e9 variantes de aplicaci\u00f3n est\u00e1n disponibles?<\/strong><\/h4>\n<ul>\n<li>Carcasa de recogida, en la que se puede colocar un contenedor de basura estandarizado.<\/li>\n<li>Carcasa de recogida con una bolsa de pl\u00e1stico de recogida de 120l.<\/li>\n<li>Como pieza sobrepuesta para sistemas subterr\u00e1neos.<\/li>\n<\/ul>\n<p><a href=\"https:\/\/www.youtube.com\/watch?v=hF_SqAMZM08&amp;t=1s\" target=\"_blank\" rel=\"noopener noreferrer\">Mira el vid\u00e9o<\/a><\/p>\n<p><a href=\"https:\/\/teswic.com\/es\/https-teswic-com-es\/datos-tecnicos\/\">Datos t\u00e9cnicos de Collect &amp; Compact<\/a><\/p>\n","protected":false},"excerpt":{"rendered":"<p>Preguntas y respuestas sobre la compactaci\u00f3n manual de botellas de pl\u00e1stico con Collect &amp; Compact \u00bfQu\u00e9 envases de bebidas puedo compactar con Collect &amp; Compact? Botellas de PET individuales, vac\u00edas y desechables. No importa si las botellas alimentadas est\u00e1n abiertas o cerradas. Hasta un di\u00e1metro de botella de 9 cm y una longitud de 35 [&hellip;]<\/p>\n","protected":false},"author":1,"featured_media":0,"parent":0,"menu_order":0,"comment_status":"closed","ping_status":"closed","template":"","meta":{"footnotes":""},"class_list":["post-1134","page","type-page","status-publish","hentry"],"yoast_head":"<!-- This site is optimized with the Yoast SEO plugin v20.3 - https:\/\/yoast.com\/wordpress\/plugins\/seo\/ -->\n<title>Compactaci\u00f3n de botellas de pl\u00e1stico | Collect &amp; Compact | TESWIC<\/title>\n<meta name=\"description\" content=\"Collect &amp; Compact permita la compactaci\u00f3n manual de botellas de pl\u00e1stico directamente en el punto de recogida. No hay consumo de energ\u00eda.\" \/>\n<meta name=\"robots\" content=\"index, follow, max-snippet:-1, max-image-preview:large, max-video-preview:-1\" \/>\n<link rel=\"canonical\" href=\"https:\/\/teswic.com\/es\/preguntas-y-respuestas\/\" \/>\n<meta property=\"og:locale\" content=\"es_ES\" \/>\n<meta property=\"og:type\" content=\"article\" \/>\n<meta property=\"og:title\" content=\"Compactaci\u00f3n de botellas de pl\u00e1stico | Collect &amp; Compact | TESWIC\" \/>\n<meta property=\"og:description\" content=\"Collect &amp; Compact permita la compactaci\u00f3n manual de botellas de pl\u00e1stico directamente en el punto de recogida. No hay consumo de energ\u00eda.\" \/>\n<meta property=\"og:url\" content=\"https:\/\/teswic.com\/es\/preguntas-y-respuestas\/\" \/>\n<meta property=\"og:site_name\" content=\"Collect recyclables in compressed form.\" \/>\n<meta property=\"article:modified_time\" content=\"2020-11-19T09:34:12+00:00\" \/>\n<meta name=\"twitter:card\" content=\"summary_large_image\" \/>\n<meta name=\"twitter:label1\" content=\"Tiempo de lectura\" \/>\n\t<meta name=\"twitter:data1\" content=\"3 minutos\" \/>\n<script type=\"application\/ld+json\" class=\"yoast-schema-graph\">{\"@context\":\"https:\/\/schema.org\",\"@graph\":[{\"@type\":\"WebPage\",\"@id\":\"https:\/\/teswic.com\/es\/preguntas-y-respuestas\/\",\"url\":\"https:\/\/teswic.com\/es\/preguntas-y-respuestas\/\",\"name\":\"Compactaci\u00f3n de botellas de pl\u00e1stico | Collect & Compact | TESWIC\",\"isPartOf\":{\"@id\":\"https:\/\/teswic.com\/#website\"},\"datePublished\":\"2020-11-08T17:42:56+00:00\",\"dateModified\":\"2020-11-19T09:34:12+00:00\",\"description\":\"Collect & Compact permita la compactaci\u00f3n manual de botellas de pl\u00e1stico directamente en el punto de recogida. No hay consumo de energ\u00eda.\",\"breadcrumb\":{\"@id\":\"https:\/\/teswic.com\/es\/preguntas-y-respuestas\/#breadcrumb\"},\"inLanguage\":\"es\",\"potentialAction\":[{\"@type\":\"ReadAction\",\"target\":[\"https:\/\/teswic.com\/es\/preguntas-y-respuestas\/\"]}]},{\"@type\":\"BreadcrumbList\",\"@id\":\"https:\/\/teswic.com\/es\/preguntas-y-respuestas\/#breadcrumb\",\"itemListElement\":[{\"@type\":\"ListItem\",\"position\":1,\"name\":\"Startseite\",\"item\":\"https:\/\/teswic.com\/es\/\"},{\"@type\":\"ListItem\",\"position\":2,\"name\":\"Preguntas y respuestas\"}]},{\"@type\":\"WebSite\",\"@id\":\"https:\/\/teswic.com\/#website\",\"url\":\"https:\/\/teswic.com\/\",\"name\":\"Collect recyclables in compressed form.\",\"description\":\"Manual compaction of empties. \",\"publisher\":{\"@id\":\"https:\/\/teswic.com\/#organization\"},\"potentialAction\":[{\"@type\":\"SearchAction\",\"target\":{\"@type\":\"EntryPoint\",\"urlTemplate\":\"https:\/\/teswic.com\/?s={search_term_string}\"},\"query-input\":\"required name=search_term_string\"}],\"inLanguage\":\"es\"},{\"@type\":\"Organization\",\"@id\":\"https:\/\/teswic.com\/#organization\",\"name\":\"Teswic Technologies\",\"url\":\"https:\/\/teswic.com\/\",\"logo\":{\"@type\":\"ImageObject\",\"inLanguage\":\"es\",\"@id\":\"https:\/\/teswic.com\/#\/schema\/logo\/image\/\",\"url\":\"https:\/\/teswic.com\/wp-content\/uploads\/2020\/04\/Teswic150x30.png\",\"contentUrl\":\"https:\/\/teswic.com\/wp-content\/uploads\/2020\/04\/Teswic150x30.png\",\"width\":150,\"height\":35,\"caption\":\"Teswic Technologies\"},\"image\":{\"@id\":\"https:\/\/teswic.com\/#\/schema\/logo\/image\/\"},\"sameAs\":[\"https:\/\/www.linkedin.com\/company\/teswic-technologies\",\"https:\/\/www.youtube.com\/channel\/UCfleVzQ0OZ-NIJkLOpOBjaQ\"]}]}<\/script>\n<!-- \/ Yoast SEO plugin. -->","yoast_head_json":{"title":"Compactaci\u00f3n de botellas de pl\u00e1stico | Collect & Compact | TESWIC","description":"Collect & Compact permita la compactaci\u00f3n manual de botellas de pl\u00e1stico directamente en el punto de recogida. No hay consumo de energ\u00eda.","robots":{"index":"index","follow":"follow","max-snippet":"max-snippet:-1","max-image-preview":"max-image-preview:large","max-video-preview":"max-video-preview:-1"},"canonical":"https:\/\/teswic.com\/es\/preguntas-y-respuestas\/","og_locale":"es_ES","og_type":"article","og_title":"Compactaci\u00f3n de botellas de pl\u00e1stico | Collect & Compact | TESWIC","og_description":"Collect & Compact permita la compactaci\u00f3n manual de botellas de pl\u00e1stico directamente en el punto de recogida. No hay consumo de energ\u00eda.","og_url":"https:\/\/teswic.com\/es\/preguntas-y-respuestas\/","og_site_name":"Collect recyclables in compressed form.","article_modified_time":"2020-11-19T09:34:12+00:00","twitter_card":"summary_large_image","twitter_misc":{"Tiempo de lectura":"3 minutos"},"schema":{"@context":"https:\/\/schema.org","@graph":[{"@type":"WebPage","@id":"https:\/\/teswic.com\/es\/preguntas-y-respuestas\/","url":"https:\/\/teswic.com\/es\/preguntas-y-respuestas\/","name":"Compactaci\u00f3n de botellas de pl\u00e1stico | Collect & Compact | TESWIC","isPartOf":{"@id":"https:\/\/teswic.com\/#website"},"datePublished":"2020-11-08T17:42:56+00:00","dateModified":"2020-11-19T09:34:12+00:00","description":"Collect & Compact permita la compactaci\u00f3n manual de botellas de pl\u00e1stico directamente en el punto de recogida. No hay consumo de energ\u00eda.","breadcrumb":{"@id":"https:\/\/teswic.com\/es\/preguntas-y-respuestas\/#breadcrumb"},"inLanguage":"es","potentialAction":[{"@type":"ReadAction","target":["https:\/\/teswic.com\/es\/preguntas-y-respuestas\/"]}]},{"@type":"BreadcrumbList","@id":"https:\/\/teswic.com\/es\/preguntas-y-respuestas\/#breadcrumb","itemListElement":[{"@type":"ListItem","position":1,"name":"Startseite","item":"https:\/\/teswic.com\/es\/"},{"@type":"ListItem","position":2,"name":"Preguntas y respuestas"}]},{"@type":"WebSite","@id":"https:\/\/teswic.com\/#website","url":"https:\/\/teswic.com\/","name":"Collect recyclables in compressed form.","description":"Manual compaction of empties. ","publisher":{"@id":"https:\/\/teswic.com\/#organization"},"potentialAction":[{"@type":"SearchAction","target":{"@type":"EntryPoint","urlTemplate":"https:\/\/teswic.com\/?s={search_term_string}"},"query-input":"required name=search_term_string"}],"inLanguage":"es"},{"@type":"Organization","@id":"https:\/\/teswic.com\/#organization","name":"Teswic Technologies","url":"https:\/\/teswic.com\/","logo":{"@type":"ImageObject","inLanguage":"es","@id":"https:\/\/teswic.com\/#\/schema\/logo\/image\/","url":"https:\/\/teswic.com\/wp-content\/uploads\/2020\/04\/Teswic150x30.png","contentUrl":"https:\/\/teswic.com\/wp-content\/uploads\/2020\/04\/Teswic150x30.png","width":150,"height":35,"caption":"Teswic Technologies"},"image":{"@id":"https:\/\/teswic.com\/#\/schema\/logo\/image\/"},"sameAs":["https:\/\/www.linkedin.com\/company\/teswic-technologies","https:\/\/www.youtube.com\/channel\/UCfleVzQ0OZ-NIJkLOpOBjaQ"]}]}},"_links":{"self":[{"href":"https:\/\/teswic.com\/es\/wp-json\/wp\/v2\/pages\/1134","targetHints":{"allow":["GET"]}}],"collection":[{"href":"https:\/\/teswic.com\/es\/wp-json\/wp\/v2\/pages"}],"about":[{"href":"https:\/\/teswic.com\/es\/wp-json\/wp\/v2\/types\/page"}],"author":[{"embeddable":true,"href":"https:\/\/teswic.com\/es\/wp-json\/wp\/v2\/users\/1"}],"replies":[{"embeddable":true,"href":"https:\/\/teswic.com\/es\/wp-json\/wp\/v2\/comments?post=1134"}],"version-history":[{"count":6,"href":"https:\/\/teswic.com\/es\/wp-json\/wp\/v2\/pages\/1134\/revisions"}],"predecessor-version":[{"id":1283,"href":"https:\/\/teswic.com\/es\/wp-json\/wp\/v2\/pages\/1134\/revisions\/1283"}],"wp:attachment":[{"href":"https:\/\/teswic.com\/es\/wp-json\/wp\/v2\/media?parent=1134"}],"curies":[{"name":"wp","href":"https:\/\/api.w.org\/{rel}","templated":true}]}}