{"id":1139,"date":"2020-11-08T18:55:02","date_gmt":"2020-11-08T17:55:02","guid":{"rendered":"https:\/\/teswic.com\/?page_id=1139"},"modified":"2020-11-19T10:41:29","modified_gmt":"2020-11-19T09:41:29","slug":"datos-tecnicos","status":"publish","type":"page","link":"https:\/\/teswic.com\/es\/datos-tecnicos\/","title":{"rendered":"Datos t\u00e9cnicos de Collect &#038; Compact"},"content":{"rendered":"\r\n<figure class=\"wp-block-table\">\r\n<table>\r\n<tbody>\r\n<tr>\r\n<td>Di\u00e1metro m\u00e1ximo de la botella<\/td>\r\n<td>\u00a090 mm<\/td>\r\n<\/tr>\r\n<tr>\r\n<td>Longitud de la botella<\/td>\r\n<td>150-350 mm<\/td>\r\n<\/tr>\r\n<tr>\r\n<td>Soporte m\u00f3vil para bolsas de pl\u00e1stico<\/td>\r\n<td>120 litros<\/td>\r\n<\/tr>\r\n<tr>\r\n<td>Dimensiones de la puerta<\/td>\r\n<td>An 480 x Al 980 mm<\/td>\r\n<\/tr>\r\n<tr>\r\n<td>Dimensiones de la m\u00e1quina<\/td>\r\n<td>Pr 825 x An 585 x Al 1455 mm<\/td>\r\n<\/tr>\r\n<tr>\r\n<td>Altura m\u00e1xima.<\/td>\r\n<td>Al 1710 mm<\/td>\r\n<\/tr>\r\n<tr>\r\n<td>Peso<\/td>\r\n<td>47 kg<\/td>\r\n<\/tr>\r\n<\/tbody>\r\n<\/table>\r\n<\/figure>\r\n\r\n\r\n\r\n<p><strong><a href=\"https:\/\/www.youtube.com\/watch?v=rdA00X0y_AQ\" target=\"_blank\" rel=\"noreferrer noopener\">Mira el video de Collect &amp; Compact<\/a><\/strong><a href=\"https:\/\/www.youtube.com\/watch?v=rdA00X0y_AQ\" target=\"_blank\" rel=\"noreferrer noopener\"><img loading=\"lazy\" decoding=\"async\" width=\"50\" height=\"31\" class=\"wp-image-954\" style=\"width: 50px;\" src=\"https:\/\/teswic.com\/wp-content\/uploads\/2020\/09\/Logo_Youtube_Pfeil-1.jpg\" alt=\"\" \/><\/a><\/p>\r\n\r\n\r\n\r\n<p><strong><a href=\"https:\/\/teswic.com\/es\/https-teswic-com-es\/preguntas-y-respuestas\/\">Preguntas y respuestas sobre Collect &amp; Compact<\/a><\/strong><\/p>\r\n","protected":false},"excerpt":{"rendered":"<p>Di\u00e1metro m\u00e1ximo de la botella \u00a090 mm Longitud de la botella 150-350 mm Soporte m\u00f3vil para bolsas de pl\u00e1stico 120 litros Dimensiones de la puerta An 480 x Al 980 mm Dimensiones de la m\u00e1quina Pr 825 x An 585 x Al 1455 mm Altura m\u00e1xima. Al 1710 mm Peso 47 kg Mira el video [&hellip;]<\/p>\n","protected":false},"author":1,"featured_media":1141,"parent":0,"menu_order":0,"comment_status":"closed","ping_status":"closed","template":"","meta":{"footnotes":""},"class_list":["post-1139","page","type-page","status-publish","has-post-thumbnail","hentry"],"yoast_head":"<!-- This site is optimized with the Yoast SEO plugin v20.3 - https:\/\/yoast.com\/wordpress\/plugins\/seo\/ -->\n<title>Compactaci\u00f3n manual de botellas pl\u00e1stico | Collect &amp; Compact | TESWIC<\/title>\n<meta name=\"description\" content=\"Compactaci\u00f3n manual de botellas de pl\u00e1stico directamente en el punto de recogida. No hay consumo de energ\u00eda. Adecuado para hasta 400 botellas\/hora.\" \/>\n<meta name=\"robots\" content=\"index, follow, max-snippet:-1, max-image-preview:large, max-video-preview:-1\" \/>\n<link rel=\"canonical\" href=\"https:\/\/teswic.com\/es\/datos-tecnicos\/\" \/>\n<meta property=\"og:locale\" content=\"es_ES\" \/>\n<meta property=\"og:type\" content=\"article\" \/>\n<meta property=\"og:title\" content=\"Compactaci\u00f3n manual de botellas pl\u00e1stico | Collect &amp; Compact | TESWIC\" \/>\n<meta property=\"og:description\" content=\"Compactaci\u00f3n manual de botellas de pl\u00e1stico directamente en el punto de recogida. No hay consumo de energ\u00eda. Adecuado para hasta 400 botellas\/hora.\" \/>\n<meta property=\"og:url\" content=\"https:\/\/teswic.com\/es\/datos-tecnicos\/\" \/>\n<meta property=\"og:site_name\" content=\"Collect recyclables in compressed form.\" \/>\n<meta property=\"article:modified_time\" content=\"2020-11-19T09:41:29+00:00\" \/>\n<meta property=\"og:image\" content=\"https:\/\/teswic.com\/wp-content\/uploads\/2018\/10\/PET-Flasche-zerdr\u00fcckt.jpeg\" \/>\n\t<meta property=\"og:image:width\" content=\"275\" \/>\n\t<meta property=\"og:image:height\" content=\"183\" \/>\n\t<meta property=\"og:image:type\" content=\"image\/jpeg\" \/>\n<meta name=\"twitter:card\" content=\"summary_large_image\" \/>\n<script type=\"application\/ld+json\" class=\"yoast-schema-graph\">{\"@context\":\"https:\/\/schema.org\",\"@graph\":[{\"@type\":\"WebPage\",\"@id\":\"https:\/\/teswic.com\/es\/datos-tecnicos\/\",\"url\":\"https:\/\/teswic.com\/es\/datos-tecnicos\/\",\"name\":\"Compactaci\u00f3n manual de botellas pl\u00e1stico | Collect & Compact | TESWIC\",\"isPartOf\":{\"@id\":\"https:\/\/teswic.com\/#website\"},\"datePublished\":\"2020-11-08T17:55:02+00:00\",\"dateModified\":\"2020-11-19T09:41:29+00:00\",\"description\":\"Compactaci\u00f3n manual de botellas de pl\u00e1stico directamente en el punto de recogida. No hay consumo de energ\u00eda. Adecuado para hasta 400 botellas\/hora.\",\"breadcrumb\":{\"@id\":\"https:\/\/teswic.com\/es\/datos-tecnicos\/#breadcrumb\"},\"inLanguage\":\"es\",\"potentialAction\":[{\"@type\":\"ReadAction\",\"target\":[\"https:\/\/teswic.com\/es\/datos-tecnicos\/\"]}]},{\"@type\":\"BreadcrumbList\",\"@id\":\"https:\/\/teswic.com\/es\/datos-tecnicos\/#breadcrumb\",\"itemListElement\":[{\"@type\":\"ListItem\",\"position\":1,\"name\":\"Startseite\",\"item\":\"https:\/\/teswic.com\/es\/\"},{\"@type\":\"ListItem\",\"position\":2,\"name\":\"Datos t\u00e9cnicos de Collect &#038; Compact\"}]},{\"@type\":\"WebSite\",\"@id\":\"https:\/\/teswic.com\/#website\",\"url\":\"https:\/\/teswic.com\/\",\"name\":\"Collect recyclables in compressed form.\",\"description\":\"Manual compaction of empties. \",\"publisher\":{\"@id\":\"https:\/\/teswic.com\/#organization\"},\"potentialAction\":[{\"@type\":\"SearchAction\",\"target\":{\"@type\":\"EntryPoint\",\"urlTemplate\":\"https:\/\/teswic.com\/?s={search_term_string}\"},\"query-input\":\"required name=search_term_string\"}],\"inLanguage\":\"es\"},{\"@type\":\"Organization\",\"@id\":\"https:\/\/teswic.com\/#organization\",\"name\":\"Teswic Technologies\",\"url\":\"https:\/\/teswic.com\/\",\"logo\":{\"@type\":\"ImageObject\",\"inLanguage\":\"es\",\"@id\":\"https:\/\/teswic.com\/#\/schema\/logo\/image\/\",\"url\":\"https:\/\/teswic.com\/wp-content\/uploads\/2020\/04\/Teswic150x30.png\",\"contentUrl\":\"https:\/\/teswic.com\/wp-content\/uploads\/2020\/04\/Teswic150x30.png\",\"width\":150,\"height\":35,\"caption\":\"Teswic Technologies\"},\"image\":{\"@id\":\"https:\/\/teswic.com\/#\/schema\/logo\/image\/\"},\"sameAs\":[\"https:\/\/www.linkedin.com\/company\/teswic-technologies\",\"https:\/\/www.youtube.com\/channel\/UCfleVzQ0OZ-NIJkLOpOBjaQ\"]}]}<\/script>\n<!-- \/ Yoast SEO plugin. -->","yoast_head_json":{"title":"Compactaci\u00f3n manual de botellas pl\u00e1stico | Collect & Compact | TESWIC","description":"Compactaci\u00f3n manual de botellas de pl\u00e1stico directamente en el punto de recogida. No hay consumo de energ\u00eda. Adecuado para hasta 400 botellas\/hora.","robots":{"index":"index","follow":"follow","max-snippet":"max-snippet:-1","max-image-preview":"max-image-preview:large","max-video-preview":"max-video-preview:-1"},"canonical":"https:\/\/teswic.com\/es\/datos-tecnicos\/","og_locale":"es_ES","og_type":"article","og_title":"Compactaci\u00f3n manual de botellas pl\u00e1stico | Collect & Compact | TESWIC","og_description":"Compactaci\u00f3n manual de botellas de pl\u00e1stico directamente en el punto de recogida. No hay consumo de energ\u00eda. Adecuado para hasta 400 botellas\/hora.","og_url":"https:\/\/teswic.com\/es\/datos-tecnicos\/","og_site_name":"Collect recyclables in compressed form.","article_modified_time":"2020-11-19T09:41:29+00:00","og_image":[{"width":275,"height":183,"url":"https:\/\/teswic.com\/wp-content\/uploads\/2018\/10\/PET-Flasche-zerdr\u00fcckt.jpeg","type":"image\/jpeg"}],"twitter_card":"summary_large_image","schema":{"@context":"https:\/\/schema.org","@graph":[{"@type":"WebPage","@id":"https:\/\/teswic.com\/es\/datos-tecnicos\/","url":"https:\/\/teswic.com\/es\/datos-tecnicos\/","name":"Compactaci\u00f3n manual de botellas pl\u00e1stico | Collect & Compact | TESWIC","isPartOf":{"@id":"https:\/\/teswic.com\/#website"},"datePublished":"2020-11-08T17:55:02+00:00","dateModified":"2020-11-19T09:41:29+00:00","description":"Compactaci\u00f3n manual de botellas de pl\u00e1stico directamente en el punto de recogida. No hay consumo de energ\u00eda. Adecuado para hasta 400 botellas\/hora.","breadcrumb":{"@id":"https:\/\/teswic.com\/es\/datos-tecnicos\/#breadcrumb"},"inLanguage":"es","potentialAction":[{"@type":"ReadAction","target":["https:\/\/teswic.com\/es\/datos-tecnicos\/"]}]},{"@type":"BreadcrumbList","@id":"https:\/\/teswic.com\/es\/datos-tecnicos\/#breadcrumb","itemListElement":[{"@type":"ListItem","position":1,"name":"Startseite","item":"https:\/\/teswic.com\/es\/"},{"@type":"ListItem","position":2,"name":"Datos t\u00e9cnicos de Collect &#038; Compact"}]},{"@type":"WebSite","@id":"https:\/\/teswic.com\/#website","url":"https:\/\/teswic.com\/","name":"Collect recyclables in compressed form.","description":"Manual compaction of empties. ","publisher":{"@id":"https:\/\/teswic.com\/#organization"},"potentialAction":[{"@type":"SearchAction","target":{"@type":"EntryPoint","urlTemplate":"https:\/\/teswic.com\/?s={search_term_string}"},"query-input":"required name=search_term_string"}],"inLanguage":"es"},{"@type":"Organization","@id":"https:\/\/teswic.com\/#organization","name":"Teswic Technologies","url":"https:\/\/teswic.com\/","logo":{"@type":"ImageObject","inLanguage":"es","@id":"https:\/\/teswic.com\/#\/schema\/logo\/image\/","url":"https:\/\/teswic.com\/wp-content\/uploads\/2020\/04\/Teswic150x30.png","contentUrl":"https:\/\/teswic.com\/wp-content\/uploads\/2020\/04\/Teswic150x30.png","width":150,"height":35,"caption":"Teswic Technologies"},"image":{"@id":"https:\/\/teswic.com\/#\/schema\/logo\/image\/"},"sameAs":["https:\/\/www.linkedin.com\/company\/teswic-technologies","https:\/\/www.youtube.com\/channel\/UCfleVzQ0OZ-NIJkLOpOBjaQ"]}]}},"_links":{"self":[{"href":"https:\/\/teswic.com\/es\/wp-json\/wp\/v2\/pages\/1139","targetHints":{"allow":["GET"]}}],"collection":[{"href":"https:\/\/teswic.com\/es\/wp-json\/wp\/v2\/pages"}],"about":[{"href":"https:\/\/teswic.com\/es\/wp-json\/wp\/v2\/types\/page"}],"author":[{"embeddable":true,"href":"https:\/\/teswic.com\/es\/wp-json\/wp\/v2\/users\/1"}],"replies":[{"embeddable":true,"href":"https:\/\/teswic.com\/es\/wp-json\/wp\/v2\/comments?post=1139"}],"version-history":[{"count":6,"href":"https:\/\/teswic.com\/es\/wp-json\/wp\/v2\/pages\/1139\/revisions"}],"predecessor-version":[{"id":1293,"href":"https:\/\/teswic.com\/es\/wp-json\/wp\/v2\/pages\/1139\/revisions\/1293"}],"wp:featuredmedia":[{"embeddable":true,"href":"https:\/\/teswic.com\/es\/wp-json\/wp\/v2\/media\/1141"}],"wp:attachment":[{"href":"https:\/\/teswic.com\/es\/wp-json\/wp\/v2\/media?parent=1139"}],"curies":[{"name":"wp","href":"https:\/\/api.w.org\/{rel}","templated":true}]}}