{"id":1159,"date":"2020-11-08T19:08:34","date_gmt":"2020-11-08T18:08:34","guid":{"rendered":"https:\/\/teswic.com\/?page_id=1159"},"modified":"2020-12-23T09:01:14","modified_gmt":"2020-12-23T08:01:14","slug":"contacto","status":"publish","type":"page","link":"https:\/\/teswic.com\/es\/contacto\/","title":{"rendered":"Contacto"},"content":{"rendered":"\r\n<div class=\"wp-block-media-text alignwide\" style=\"grid-template-columns: 10% auto;\">\r\n<figure class=\"wp-block-media-text__media\"><\/figure>\r\n<div class=\"wp-block-media-text__content\">\u00a0<\/div>\r\n<\/div>\r\n\r\n\r\n\r\n<div class=\"wp-block-image\">\r\n<figure class=\"aligncenter size-large\"><img loading=\"lazy\" decoding=\"async\" width=\"87\" height=\"88\" class=\"wp-image-1162\" src=\"https:\/\/teswic.com\/wp-content\/uploads\/2019\/01\/Kontakt_At-Zeichen-4.png\" alt=\"\" \/><\/figure>\r\n<\/div>\r\n\r\n\r\n\r\n<p class=\"has-text-align-center\"><a href=\"mailto:contact@teswic.com\" target=\"_blank\" rel=\"noreferrer noopener\">contact@teswic.com<\/a><\/p>\r\n\r\n\r\n\r\n<div class=\"wp-block-image\">\r\n<figure class=\"aligncenter size-large\"><img loading=\"lazy\" decoding=\"async\" width=\"88\" height=\"88\" class=\"wp-image-1163\" src=\"https:\/\/teswic.com\/wp-content\/uploads\/2019\/01\/kontakt_Telefon-Zeichen-4.png\" alt=\"\" \/><\/figure>\r\n<\/div>\r\n\r\n\r\n\r\n<p class=\"has-text-align-center\">+49 7773 3569559<\/p>\r\n\r\n\r\n\r\n<div class=\"wp-block-image\">\r\n<figure class=\"aligncenter size-large\"><img loading=\"lazy\" decoding=\"async\" width=\"84\" height=\"88\" class=\"wp-image-1164\" src=\"https:\/\/teswic.com\/wp-content\/uploads\/2019\/02\/Kontakt_Brief.png\" alt=\"\" \/><\/figure>\r\n<\/div>\r\n\r\n\r\n\r\n<p class=\"has-text-align-center\">TESWIC Technologies<\/p>\r\n<p class=\"has-text-align-center\">88662 \u00dcberlingen<\/p>\r\n<p class=\"has-text-align-center\">Alemania<\/p>\r\n","protected":false},"excerpt":{"rendered":"<p>\u00a0 contact@teswic.com +49 7773 3569559 TESWIC Technologies 88662 \u00dcberlingen Alemania<\/p>\n","protected":false},"author":1,"featured_media":0,"parent":0,"menu_order":0,"comment_status":"closed","ping_status":"closed","template":"","meta":{"footnotes":""},"class_list":["post-1159","page","type-page","status-publish","hentry"],"yoast_head":"<!-- This site is optimized with the Yoast SEO plugin v20.3 - https:\/\/yoast.com\/wordpress\/plugins\/seo\/ -->\n<title>TESWIC | Collect &amp; Compact | Compactaci\u00f3n de botellas de pl\u00e1stico<\/title>\n<meta name=\"description\" content=\"Compactaci\u00f3n manual de botellas de pl\u00e1stico directamente en el punto de recogida. No hay consumo de energ\u00eda. Adecuado para hasta 400 botellas\/hora.\" \/>\n<meta name=\"robots\" content=\"index, follow, max-snippet:-1, max-image-preview:large, max-video-preview:-1\" \/>\n<link rel=\"canonical\" href=\"https:\/\/teswic.com\/es\/contacto\/\" \/>\n<meta property=\"og:locale\" content=\"es_ES\" \/>\n<meta property=\"og:type\" content=\"article\" \/>\n<meta property=\"og:title\" content=\"TESWIC | Collect &amp; Compact | Compactaci\u00f3n de botellas de pl\u00e1stico\" \/>\n<meta property=\"og:description\" content=\"Compactaci\u00f3n manual de botellas de pl\u00e1stico directamente en el punto de recogida. No hay consumo de energ\u00eda. Adecuado para hasta 400 botellas\/hora.\" \/>\n<meta property=\"og:url\" content=\"https:\/\/teswic.com\/es\/contacto\/\" \/>\n<meta property=\"og:site_name\" content=\"Collect recyclables in compressed form.\" \/>\n<meta property=\"article:modified_time\" content=\"2020-12-23T08:01:14+00:00\" \/>\n<meta property=\"og:image\" content=\"https:\/\/teswic.com\/wp-content\/uploads\/2019\/01\/Kontakt_At-Zeichen-4.png\" \/>\n<meta name=\"twitter:card\" content=\"summary_large_image\" \/>\n<script type=\"application\/ld+json\" class=\"yoast-schema-graph\">{\"@context\":\"https:\/\/schema.org\",\"@graph\":[{\"@type\":\"WebPage\",\"@id\":\"https:\/\/teswic.com\/es\/contacto\/\",\"url\":\"https:\/\/teswic.com\/es\/contacto\/\",\"name\":\"TESWIC | Collect & Compact | Compactaci\u00f3n de botellas de pl\u00e1stico\",\"isPartOf\":{\"@id\":\"https:\/\/teswic.com\/#website\"},\"datePublished\":\"2020-11-08T18:08:34+00:00\",\"dateModified\":\"2020-12-23T08:01:14+00:00\",\"description\":\"Compactaci\u00f3n manual de botellas de pl\u00e1stico directamente en el punto de recogida. No hay consumo de energ\u00eda. Adecuado para hasta 400 botellas\/hora.\",\"breadcrumb\":{\"@id\":\"https:\/\/teswic.com\/es\/contacto\/#breadcrumb\"},\"inLanguage\":\"es\",\"potentialAction\":[{\"@type\":\"ReadAction\",\"target\":[\"https:\/\/teswic.com\/es\/contacto\/\"]}]},{\"@type\":\"BreadcrumbList\",\"@id\":\"https:\/\/teswic.com\/es\/contacto\/#breadcrumb\",\"itemListElement\":[{\"@type\":\"ListItem\",\"position\":1,\"name\":\"Startseite\",\"item\":\"https:\/\/teswic.com\/es\/\"},{\"@type\":\"ListItem\",\"position\":2,\"name\":\"Contacto\"}]},{\"@type\":\"WebSite\",\"@id\":\"https:\/\/teswic.com\/#website\",\"url\":\"https:\/\/teswic.com\/\",\"name\":\"Collect recyclables in compressed form.\",\"description\":\"Manual compaction of empties. \",\"publisher\":{\"@id\":\"https:\/\/teswic.com\/#organization\"},\"potentialAction\":[{\"@type\":\"SearchAction\",\"target\":{\"@type\":\"EntryPoint\",\"urlTemplate\":\"https:\/\/teswic.com\/?s={search_term_string}\"},\"query-input\":\"required name=search_term_string\"}],\"inLanguage\":\"es\"},{\"@type\":\"Organization\",\"@id\":\"https:\/\/teswic.com\/#organization\",\"name\":\"Teswic Technologies\",\"url\":\"https:\/\/teswic.com\/\",\"logo\":{\"@type\":\"ImageObject\",\"inLanguage\":\"es\",\"@id\":\"https:\/\/teswic.com\/#\/schema\/logo\/image\/\",\"url\":\"https:\/\/teswic.com\/wp-content\/uploads\/2020\/04\/Teswic150x30.png\",\"contentUrl\":\"https:\/\/teswic.com\/wp-content\/uploads\/2020\/04\/Teswic150x30.png\",\"width\":150,\"height\":35,\"caption\":\"Teswic Technologies\"},\"image\":{\"@id\":\"https:\/\/teswic.com\/#\/schema\/logo\/image\/\"},\"sameAs\":[\"https:\/\/www.linkedin.com\/company\/teswic-technologies\",\"https:\/\/www.youtube.com\/channel\/UCfleVzQ0OZ-NIJkLOpOBjaQ\"]}]}<\/script>\n<!-- \/ Yoast SEO plugin. -->","yoast_head_json":{"title":"TESWIC | Collect & Compact | Compactaci\u00f3n de botellas de pl\u00e1stico","description":"Compactaci\u00f3n manual de botellas de pl\u00e1stico directamente en el punto de recogida. No hay consumo de energ\u00eda. Adecuado para hasta 400 botellas\/hora.","robots":{"index":"index","follow":"follow","max-snippet":"max-snippet:-1","max-image-preview":"max-image-preview:large","max-video-preview":"max-video-preview:-1"},"canonical":"https:\/\/teswic.com\/es\/contacto\/","og_locale":"es_ES","og_type":"article","og_title":"TESWIC | Collect & Compact | Compactaci\u00f3n de botellas de pl\u00e1stico","og_description":"Compactaci\u00f3n manual de botellas de pl\u00e1stico directamente en el punto de recogida. No hay consumo de energ\u00eda. Adecuado para hasta 400 botellas\/hora.","og_url":"https:\/\/teswic.com\/es\/contacto\/","og_site_name":"Collect recyclables in compressed form.","article_modified_time":"2020-12-23T08:01:14+00:00","og_image":[{"url":"https:\/\/teswic.com\/wp-content\/uploads\/2019\/01\/Kontakt_At-Zeichen-4.png"}],"twitter_card":"summary_large_image","schema":{"@context":"https:\/\/schema.org","@graph":[{"@type":"WebPage","@id":"https:\/\/teswic.com\/es\/contacto\/","url":"https:\/\/teswic.com\/es\/contacto\/","name":"TESWIC | Collect & Compact | Compactaci\u00f3n de botellas de pl\u00e1stico","isPartOf":{"@id":"https:\/\/teswic.com\/#website"},"datePublished":"2020-11-08T18:08:34+00:00","dateModified":"2020-12-23T08:01:14+00:00","description":"Compactaci\u00f3n manual de botellas de pl\u00e1stico directamente en el punto de recogida. No hay consumo de energ\u00eda. Adecuado para hasta 400 botellas\/hora.","breadcrumb":{"@id":"https:\/\/teswic.com\/es\/contacto\/#breadcrumb"},"inLanguage":"es","potentialAction":[{"@type":"ReadAction","target":["https:\/\/teswic.com\/es\/contacto\/"]}]},{"@type":"BreadcrumbList","@id":"https:\/\/teswic.com\/es\/contacto\/#breadcrumb","itemListElement":[{"@type":"ListItem","position":1,"name":"Startseite","item":"https:\/\/teswic.com\/es\/"},{"@type":"ListItem","position":2,"name":"Contacto"}]},{"@type":"WebSite","@id":"https:\/\/teswic.com\/#website","url":"https:\/\/teswic.com\/","name":"Collect recyclables in compressed form.","description":"Manual compaction of empties. ","publisher":{"@id":"https:\/\/teswic.com\/#organization"},"potentialAction":[{"@type":"SearchAction","target":{"@type":"EntryPoint","urlTemplate":"https:\/\/teswic.com\/?s={search_term_string}"},"query-input":"required name=search_term_string"}],"inLanguage":"es"},{"@type":"Organization","@id":"https:\/\/teswic.com\/#organization","name":"Teswic Technologies","url":"https:\/\/teswic.com\/","logo":{"@type":"ImageObject","inLanguage":"es","@id":"https:\/\/teswic.com\/#\/schema\/logo\/image\/","url":"https:\/\/teswic.com\/wp-content\/uploads\/2020\/04\/Teswic150x30.png","contentUrl":"https:\/\/teswic.com\/wp-content\/uploads\/2020\/04\/Teswic150x30.png","width":150,"height":35,"caption":"Teswic Technologies"},"image":{"@id":"https:\/\/teswic.com\/#\/schema\/logo\/image\/"},"sameAs":["https:\/\/www.linkedin.com\/company\/teswic-technologies","https:\/\/www.youtube.com\/channel\/UCfleVzQ0OZ-NIJkLOpOBjaQ"]}]}},"_links":{"self":[{"href":"https:\/\/teswic.com\/es\/wp-json\/wp\/v2\/pages\/1159","targetHints":{"allow":["GET"]}}],"collection":[{"href":"https:\/\/teswic.com\/es\/wp-json\/wp\/v2\/pages"}],"about":[{"href":"https:\/\/teswic.com\/es\/wp-json\/wp\/v2\/types\/page"}],"author":[{"embeddable":true,"href":"https:\/\/teswic.com\/es\/wp-json\/wp\/v2\/users\/1"}],"replies":[{"embeddable":true,"href":"https:\/\/teswic.com\/es\/wp-json\/wp\/v2\/comments?post=1159"}],"version-history":[{"count":4,"href":"https:\/\/teswic.com\/es\/wp-json\/wp\/v2\/pages\/1159\/revisions"}],"predecessor-version":[{"id":1311,"href":"https:\/\/teswic.com\/es\/wp-json\/wp\/v2\/pages\/1159\/revisions\/1311"}],"wp:attachment":[{"href":"https:\/\/teswic.com\/es\/wp-json\/wp\/v2\/media?parent=1159"}],"curies":[{"name":"wp","href":"https:\/\/api.w.org\/{rel}","templated":true}]}}