{"id":1175,"date":"2020-11-08T20:00:18","date_gmt":"2020-11-08T19:00:18","guid":{"rendered":"https:\/\/teswic.com\/?page_id=1175"},"modified":"2020-11-10T09:59:12","modified_gmt":"2020-11-10T08:59:12","slug":"el-pet-en-el-centro-de-la-ue","status":"publish","type":"page","link":"https:\/\/teswic.com\/es\/el-pet-en-el-centro-de-la-ue\/","title":{"rendered":"El PET en el centro de la UE"},"content":{"rendered":"\r\n<p>Al igual que muchos otros pa\u00edses, la Uni\u00f3n Europea se ha propuesto limitar el creciente consumo de pl\u00e1stico. Con respecto al PET, en mayo de 2019 se adoptaron las siguientes medidas para reducir el volumen de pl\u00e1stico:<\/p>\r\n<ul>\r\n<li>Una tasa m\u00ednima del 90% para la recogida selectiva de botellas de pl\u00e1stico para 2029 (77% para 2025)<\/li>\r\n<li>Las botellas de PET deben consistir en al menos un 25% de material pl\u00e1stico reciclado a partir de 2025. Esta proporci\u00f3n se incrementar\u00e1 hasta el 30% en todas las botellas de pl\u00e1stico para 2030.<\/li>\r\n<li>A m\u00e1s tardar cinco a\u00f1os despu\u00e9s se espera que la siguiente regla entre en vigor: Las tapas de las botellas PET desechables deben estar firmemente sujetas a la botella.\u00a0 La raz\u00f3n de esta regla propuesta es que las tapas de las botellas de pl\u00e1stico constituyen la mayor parte de la basura que se encuentra en las playas.<\/li>\r\n<li>Los fabricantes de productos de pl\u00e1stico tendr\u00e1n que asumir parte de los gastos de eliminaci\u00f3n que se deriven de sus productos. El objetivo es evitar la creaci\u00f3n de residuos pl\u00e1sticos siempre que sea posible.<\/li>\r\n<\/ul>\r\n<p>&nbsp;<\/p>\r\n\r\n\r\n\r\n\r\n\r\n<p><strong><a href=\"https:\/\/teswic.com\/en\/resource-pet\/why-should-we-compact-pet-bottles-at-the-point-of-collection\/\">\u00bfPor qu\u00e9 deber\u00edamos compactar las botellas de pl\u00e1stico en el punto de recogida?<\/a><\/strong><\/p>\r\n","protected":false},"excerpt":{"rendered":"<p>Al igual que muchos otros pa\u00edses, la Uni\u00f3n Europea se ha propuesto limitar el creciente consumo de pl\u00e1stico. Con respecto al PET, en mayo de 2019 se adoptaron las siguientes medidas para reducir el volumen de pl\u00e1stico: Una tasa m\u00ednima del 90% para la recogida selectiva de botellas de pl\u00e1stico para 2029 (77% para 2025) [&hellip;]<\/p>\n","protected":false},"author":1,"featured_media":1182,"parent":0,"menu_order":0,"comment_status":"closed","ping_status":"closed","template":"","meta":{"footnotes":""},"class_list":["post-1175","page","type-page","status-publish","has-post-thumbnail","hentry"],"yoast_head":"<!-- This site is optimized with the Yoast SEO plugin v20.3 - https:\/\/yoast.com\/wordpress\/plugins\/seo\/ -->\n<title>TESWIC | Collect &amp; Compact | Compactaci\u00f3n de botellas de pl\u00e1stico<\/title>\n<meta name=\"description\" content=\"Compactaci\u00f3n manual de botellas de pl\u00e1stico directamente en el punto de recogida. No hay consumo de energ\u00eda. Adecuado para hasta 400 botellas\/hora.\" \/>\n<meta name=\"robots\" content=\"index, follow, max-snippet:-1, max-image-preview:large, max-video-preview:-1\" \/>\n<link rel=\"canonical\" href=\"https:\/\/teswic.com\/es\/el-pet-en-el-centro-de-la-ue\/\" \/>\n<meta property=\"og:locale\" content=\"es_ES\" \/>\n<meta property=\"og:type\" content=\"article\" \/>\n<meta property=\"og:title\" content=\"TESWIC | Collect &amp; Compact | Compactaci\u00f3n de botellas de pl\u00e1stico\" \/>\n<meta property=\"og:description\" content=\"Compactaci\u00f3n manual de botellas de pl\u00e1stico directamente en el punto de recogida. No hay consumo de energ\u00eda. Adecuado para hasta 400 botellas\/hora.\" \/>\n<meta property=\"og:url\" content=\"https:\/\/teswic.com\/es\/el-pet-en-el-centro-de-la-ue\/\" \/>\n<meta property=\"og:site_name\" content=\"Collect recyclables in compressed form.\" \/>\n<meta property=\"article:modified_time\" content=\"2020-11-10T08:59:12+00:00\" \/>\n<meta property=\"og:image\" content=\"https:\/\/teswic.com\/wp-content\/uploads\/2020\/11\/eu-flagge2.jpg\" \/>\n\t<meta property=\"og:image:width\" content=\"316\" \/>\n\t<meta property=\"og:image:height\" content=\"160\" \/>\n\t<meta property=\"og:image:type\" content=\"image\/jpeg\" \/>\n<meta name=\"twitter:card\" content=\"summary_large_image\" \/>\n<meta name=\"twitter:label1\" content=\"Tiempo de lectura\" \/>\n\t<meta name=\"twitter:data1\" content=\"1 minuto\" \/>\n<script type=\"application\/ld+json\" class=\"yoast-schema-graph\">{\"@context\":\"https:\/\/schema.org\",\"@graph\":[{\"@type\":\"WebPage\",\"@id\":\"https:\/\/teswic.com\/es\/el-pet-en-el-centro-de-la-ue\/\",\"url\":\"https:\/\/teswic.com\/es\/el-pet-en-el-centro-de-la-ue\/\",\"name\":\"TESWIC | Collect & Compact | Compactaci\u00f3n de botellas de pl\u00e1stico\",\"isPartOf\":{\"@id\":\"https:\/\/teswic.com\/#website\"},\"datePublished\":\"2020-11-08T19:00:18+00:00\",\"dateModified\":\"2020-11-10T08:59:12+00:00\",\"description\":\"Compactaci\u00f3n manual de botellas de pl\u00e1stico directamente en el punto de recogida. No hay consumo de energ\u00eda. Adecuado para hasta 400 botellas\/hora.\",\"breadcrumb\":{\"@id\":\"https:\/\/teswic.com\/es\/el-pet-en-el-centro-de-la-ue\/#breadcrumb\"},\"inLanguage\":\"es\",\"potentialAction\":[{\"@type\":\"ReadAction\",\"target\":[\"https:\/\/teswic.com\/es\/el-pet-en-el-centro-de-la-ue\/\"]}]},{\"@type\":\"BreadcrumbList\",\"@id\":\"https:\/\/teswic.com\/es\/el-pet-en-el-centro-de-la-ue\/#breadcrumb\",\"itemListElement\":[{\"@type\":\"ListItem\",\"position\":1,\"name\":\"Startseite\",\"item\":\"https:\/\/teswic.com\/es\/\"},{\"@type\":\"ListItem\",\"position\":2,\"name\":\"El PET en el centro de la UE\"}]},{\"@type\":\"WebSite\",\"@id\":\"https:\/\/teswic.com\/#website\",\"url\":\"https:\/\/teswic.com\/\",\"name\":\"Collect recyclables in compressed form.\",\"description\":\"Manual compaction of empties. \",\"publisher\":{\"@id\":\"https:\/\/teswic.com\/#organization\"},\"potentialAction\":[{\"@type\":\"SearchAction\",\"target\":{\"@type\":\"EntryPoint\",\"urlTemplate\":\"https:\/\/teswic.com\/?s={search_term_string}\"},\"query-input\":\"required name=search_term_string\"}],\"inLanguage\":\"es\"},{\"@type\":\"Organization\",\"@id\":\"https:\/\/teswic.com\/#organization\",\"name\":\"Teswic Technologies\",\"url\":\"https:\/\/teswic.com\/\",\"logo\":{\"@type\":\"ImageObject\",\"inLanguage\":\"es\",\"@id\":\"https:\/\/teswic.com\/#\/schema\/logo\/image\/\",\"url\":\"https:\/\/teswic.com\/wp-content\/uploads\/2020\/04\/Teswic150x30.png\",\"contentUrl\":\"https:\/\/teswic.com\/wp-content\/uploads\/2020\/04\/Teswic150x30.png\",\"width\":150,\"height\":35,\"caption\":\"Teswic Technologies\"},\"image\":{\"@id\":\"https:\/\/teswic.com\/#\/schema\/logo\/image\/\"},\"sameAs\":[\"https:\/\/www.linkedin.com\/company\/teswic-technologies\",\"https:\/\/www.youtube.com\/channel\/UCfleVzQ0OZ-NIJkLOpOBjaQ\"]}]}<\/script>\n<!-- \/ Yoast SEO plugin. -->","yoast_head_json":{"title":"TESWIC | Collect & Compact | Compactaci\u00f3n de botellas de pl\u00e1stico","description":"Compactaci\u00f3n manual de botellas de pl\u00e1stico directamente en el punto de recogida. No hay consumo de energ\u00eda. Adecuado para hasta 400 botellas\/hora.","robots":{"index":"index","follow":"follow","max-snippet":"max-snippet:-1","max-image-preview":"max-image-preview:large","max-video-preview":"max-video-preview:-1"},"canonical":"https:\/\/teswic.com\/es\/el-pet-en-el-centro-de-la-ue\/","og_locale":"es_ES","og_type":"article","og_title":"TESWIC | Collect & Compact | Compactaci\u00f3n de botellas de pl\u00e1stico","og_description":"Compactaci\u00f3n manual de botellas de pl\u00e1stico directamente en el punto de recogida. No hay consumo de energ\u00eda. Adecuado para hasta 400 botellas\/hora.","og_url":"https:\/\/teswic.com\/es\/el-pet-en-el-centro-de-la-ue\/","og_site_name":"Collect recyclables in compressed form.","article_modified_time":"2020-11-10T08:59:12+00:00","og_image":[{"width":316,"height":160,"url":"https:\/\/teswic.com\/wp-content\/uploads\/2020\/11\/eu-flagge2.jpg","type":"image\/jpeg"}],"twitter_card":"summary_large_image","twitter_misc":{"Tiempo de lectura":"1 minuto"},"schema":{"@context":"https:\/\/schema.org","@graph":[{"@type":"WebPage","@id":"https:\/\/teswic.com\/es\/el-pet-en-el-centro-de-la-ue\/","url":"https:\/\/teswic.com\/es\/el-pet-en-el-centro-de-la-ue\/","name":"TESWIC | Collect & Compact | Compactaci\u00f3n de botellas de pl\u00e1stico","isPartOf":{"@id":"https:\/\/teswic.com\/#website"},"datePublished":"2020-11-08T19:00:18+00:00","dateModified":"2020-11-10T08:59:12+00:00","description":"Compactaci\u00f3n manual de botellas de pl\u00e1stico directamente en el punto de recogida. No hay consumo de energ\u00eda. Adecuado para hasta 400 botellas\/hora.","breadcrumb":{"@id":"https:\/\/teswic.com\/es\/el-pet-en-el-centro-de-la-ue\/#breadcrumb"},"inLanguage":"es","potentialAction":[{"@type":"ReadAction","target":["https:\/\/teswic.com\/es\/el-pet-en-el-centro-de-la-ue\/"]}]},{"@type":"BreadcrumbList","@id":"https:\/\/teswic.com\/es\/el-pet-en-el-centro-de-la-ue\/#breadcrumb","itemListElement":[{"@type":"ListItem","position":1,"name":"Startseite","item":"https:\/\/teswic.com\/es\/"},{"@type":"ListItem","position":2,"name":"El PET en el centro de la UE"}]},{"@type":"WebSite","@id":"https:\/\/teswic.com\/#website","url":"https:\/\/teswic.com\/","name":"Collect recyclables in compressed form.","description":"Manual compaction of empties. ","publisher":{"@id":"https:\/\/teswic.com\/#organization"},"potentialAction":[{"@type":"SearchAction","target":{"@type":"EntryPoint","urlTemplate":"https:\/\/teswic.com\/?s={search_term_string}"},"query-input":"required name=search_term_string"}],"inLanguage":"es"},{"@type":"Organization","@id":"https:\/\/teswic.com\/#organization","name":"Teswic Technologies","url":"https:\/\/teswic.com\/","logo":{"@type":"ImageObject","inLanguage":"es","@id":"https:\/\/teswic.com\/#\/schema\/logo\/image\/","url":"https:\/\/teswic.com\/wp-content\/uploads\/2020\/04\/Teswic150x30.png","contentUrl":"https:\/\/teswic.com\/wp-content\/uploads\/2020\/04\/Teswic150x30.png","width":150,"height":35,"caption":"Teswic Technologies"},"image":{"@id":"https:\/\/teswic.com\/#\/schema\/logo\/image\/"},"sameAs":["https:\/\/www.linkedin.com\/company\/teswic-technologies","https:\/\/www.youtube.com\/channel\/UCfleVzQ0OZ-NIJkLOpOBjaQ"]}]}},"_links":{"self":[{"href":"https:\/\/teswic.com\/es\/wp-json\/wp\/v2\/pages\/1175","targetHints":{"allow":["GET"]}}],"collection":[{"href":"https:\/\/teswic.com\/es\/wp-json\/wp\/v2\/pages"}],"about":[{"href":"https:\/\/teswic.com\/es\/wp-json\/wp\/v2\/types\/page"}],"author":[{"embeddable":true,"href":"https:\/\/teswic.com\/es\/wp-json\/wp\/v2\/users\/1"}],"replies":[{"embeddable":true,"href":"https:\/\/teswic.com\/es\/wp-json\/wp\/v2\/comments?post=1175"}],"version-history":[{"count":6,"href":"https:\/\/teswic.com\/es\/wp-json\/wp\/v2\/pages\/1175\/revisions"}],"predecessor-version":[{"id":1199,"href":"https:\/\/teswic.com\/es\/wp-json\/wp\/v2\/pages\/1175\/revisions\/1199"}],"wp:featuredmedia":[{"embeddable":true,"href":"https:\/\/teswic.com\/es\/wp-json\/wp\/v2\/media\/1182"}],"wp:attachment":[{"href":"https:\/\/teswic.com\/es\/wp-json\/wp\/v2\/media?parent=1175"}],"curies":[{"name":"wp","href":"https:\/\/api.w.org\/{rel}","templated":true}]}}