{"id":1208,"date":"2020-11-09T13:42:30","date_gmt":"2020-11-09T12:42:30","guid":{"rendered":"https:\/\/teswic.com\/?page_id=1208"},"modified":"2020-11-10T10:03:19","modified_gmt":"2020-11-10T09:03:19","slug":"pie-de-imprenta","status":"publish","type":"page","link":"https:\/\/teswic.com\/es\/pie-de-imprenta\/","title":{"rendered":"Pie de imprenta"},"content":{"rendered":"\r\n<p>&nbsp;<\/p>\r\n<pre class=\"wp-block-verse\"><img loading=\"lazy\" decoding=\"async\" width=\"150\" height=\"35\" class=\"wp-image-1210\" style=\"width: 150px;\" src=\"https:\/\/teswic.com\/wp-content\/uploads\/2018\/10\/Teswic2.png\" alt=\"\" srcset=\"https:\/\/teswic.com\/wp-content\/uploads\/2018\/10\/Teswic2.png 928w, https:\/\/teswic.com\/wp-content\/uploads\/2018\/10\/Teswic2-300x70.png 300w, https:\/\/teswic.com\/wp-content\/uploads\/2018\/10\/Teswic2-768x179.png 768w\" sizes=\"auto, (max-width: 150px) 100vw, 150px\" \/><\/pre>\r\n<hr \/>\r\n<pre>TESWIC Technologies Sigrid Waibel\r\nFelbenwiesweg 4\r\n88662 \u00dcberlingen\r\nAlemania\r\n\r\nTel\u00e9fono:\u00a0 0049 7773 3569559\r\nE-Mail:    contact@teswic.com\r\nwww.teswic.com\r\n\r\nTribunal de Registro: ---\r\nN\u00famero de Registro:  ---\r\nPropietario: Sigrid Waibel\r\nN\u00famero de identificaci\u00f3n del impuesto sobre las ventas: DE322095498\r\nNo. IVA: 87006\/49532\r\nN\u00famero de identificaci\u00f3n econ\u00f3mica: ---<\/pre>\r\n\r\n<pre class=\"wp-block-verse\"><a href=\"https:\/\/teswic.com\/es\/sobre-nosotros\/\">atr\u00e1s<\/a><\/pre>\r\n\r\n\r\n\r\n<p>&nbsp;<\/p>\r\n","protected":false},"excerpt":{"rendered":"<p>&nbsp; TESWIC Technologies Sigrid Waibel Felbenwiesweg 4 88662 \u00dcberlingen Alemania Tel\u00e9fono:\u00a0 0049 7773 3569559 E-Mail: contact@teswic.com www.teswic.com Tribunal de Registro: &#8212; N\u00famero de Registro: &#8212; Propietario: Sigrid Waibel N\u00famero de identificaci\u00f3n del impuesto sobre las ventas: DE322095498 No. IVA: 87006\/49532 N\u00famero de identificaci\u00f3n econ\u00f3mica: &#8212; atr\u00e1s &nbsp;<\/p>\n","protected":false},"author":1,"featured_media":0,"parent":0,"menu_order":1,"comment_status":"closed","ping_status":"closed","template":"","meta":{"footnotes":""},"class_list":["post-1208","page","type-page","status-publish","hentry"],"yoast_head":"<!-- This site is optimized with the Yoast SEO plugin v20.3 - https:\/\/yoast.com\/wordpress\/plugins\/seo\/ -->\n<title>TESWIC | Collect &amp; Compact | Compactaci\u00f3n de botellas de pl\u00e1stico<\/title>\n<meta name=\"description\" content=\"Compactaci\u00f3n manual de botellas de pl\u00e1stico directamente en el punto de recogida. No hay consumo de energ\u00eda. Adecuado para hasta 400 botellas\/hora.\" \/>\n<meta name=\"robots\" content=\"index, follow, max-snippet:-1, max-image-preview:large, max-video-preview:-1\" \/>\n<link rel=\"canonical\" href=\"https:\/\/teswic.com\/es\/pie-de-imprenta\/\" \/>\n<meta property=\"og:locale\" content=\"es_ES\" \/>\n<meta property=\"og:type\" content=\"article\" \/>\n<meta property=\"og:title\" content=\"TESWIC | Collect &amp; Compact | Compactaci\u00f3n de botellas de pl\u00e1stico\" \/>\n<meta property=\"og:description\" content=\"Compactaci\u00f3n manual de botellas de pl\u00e1stico directamente en el punto de recogida. No hay consumo de energ\u00eda. Adecuado para hasta 400 botellas\/hora.\" \/>\n<meta property=\"og:url\" content=\"https:\/\/teswic.com\/es\/pie-de-imprenta\/\" \/>\n<meta property=\"og:site_name\" content=\"Collect recyclables in compressed form.\" \/>\n<meta property=\"article:modified_time\" content=\"2020-11-10T09:03:19+00:00\" \/>\n<meta property=\"og:image\" content=\"https:\/\/teswic.com\/wp-content\/uploads\/2018\/10\/Teswic2.png\" \/>\n<meta name=\"twitter:card\" content=\"summary_large_image\" \/>\n<script type=\"application\/ld+json\" class=\"yoast-schema-graph\">{\"@context\":\"https:\/\/schema.org\",\"@graph\":[{\"@type\":\"WebPage\",\"@id\":\"https:\/\/teswic.com\/es\/pie-de-imprenta\/\",\"url\":\"https:\/\/teswic.com\/es\/pie-de-imprenta\/\",\"name\":\"TESWIC | Collect & Compact | Compactaci\u00f3n de botellas de pl\u00e1stico\",\"isPartOf\":{\"@id\":\"https:\/\/teswic.com\/#website\"},\"datePublished\":\"2020-11-09T12:42:30+00:00\",\"dateModified\":\"2020-11-10T09:03:19+00:00\",\"description\":\"Compactaci\u00f3n manual de botellas de pl\u00e1stico directamente en el punto de recogida. No hay consumo de energ\u00eda. Adecuado para hasta 400 botellas\/hora.\",\"breadcrumb\":{\"@id\":\"https:\/\/teswic.com\/es\/pie-de-imprenta\/#breadcrumb\"},\"inLanguage\":\"es\",\"potentialAction\":[{\"@type\":\"ReadAction\",\"target\":[\"https:\/\/teswic.com\/es\/pie-de-imprenta\/\"]}]},{\"@type\":\"BreadcrumbList\",\"@id\":\"https:\/\/teswic.com\/es\/pie-de-imprenta\/#breadcrumb\",\"itemListElement\":[{\"@type\":\"ListItem\",\"position\":1,\"name\":\"Startseite\",\"item\":\"https:\/\/teswic.com\/es\/\"},{\"@type\":\"ListItem\",\"position\":2,\"name\":\"Pie de imprenta\"}]},{\"@type\":\"WebSite\",\"@id\":\"https:\/\/teswic.com\/#website\",\"url\":\"https:\/\/teswic.com\/\",\"name\":\"Collect recyclables in compressed form.\",\"description\":\"Manual compaction of empties. \",\"publisher\":{\"@id\":\"https:\/\/teswic.com\/#organization\"},\"potentialAction\":[{\"@type\":\"SearchAction\",\"target\":{\"@type\":\"EntryPoint\",\"urlTemplate\":\"https:\/\/teswic.com\/?s={search_term_string}\"},\"query-input\":\"required name=search_term_string\"}],\"inLanguage\":\"es\"},{\"@type\":\"Organization\",\"@id\":\"https:\/\/teswic.com\/#organization\",\"name\":\"Teswic Technologies\",\"url\":\"https:\/\/teswic.com\/\",\"logo\":{\"@type\":\"ImageObject\",\"inLanguage\":\"es\",\"@id\":\"https:\/\/teswic.com\/#\/schema\/logo\/image\/\",\"url\":\"https:\/\/teswic.com\/wp-content\/uploads\/2020\/04\/Teswic150x30.png\",\"contentUrl\":\"https:\/\/teswic.com\/wp-content\/uploads\/2020\/04\/Teswic150x30.png\",\"width\":150,\"height\":35,\"caption\":\"Teswic Technologies\"},\"image\":{\"@id\":\"https:\/\/teswic.com\/#\/schema\/logo\/image\/\"},\"sameAs\":[\"https:\/\/www.linkedin.com\/company\/teswic-technologies\",\"https:\/\/www.youtube.com\/channel\/UCfleVzQ0OZ-NIJkLOpOBjaQ\"]}]}<\/script>\n<!-- \/ Yoast SEO plugin. -->","yoast_head_json":{"title":"TESWIC | Collect & Compact | Compactaci\u00f3n de botellas de pl\u00e1stico","description":"Compactaci\u00f3n manual de botellas de pl\u00e1stico directamente en el punto de recogida. No hay consumo de energ\u00eda. Adecuado para hasta 400 botellas\/hora.","robots":{"index":"index","follow":"follow","max-snippet":"max-snippet:-1","max-image-preview":"max-image-preview:large","max-video-preview":"max-video-preview:-1"},"canonical":"https:\/\/teswic.com\/es\/pie-de-imprenta\/","og_locale":"es_ES","og_type":"article","og_title":"TESWIC | Collect & Compact | Compactaci\u00f3n de botellas de pl\u00e1stico","og_description":"Compactaci\u00f3n manual de botellas de pl\u00e1stico directamente en el punto de recogida. No hay consumo de energ\u00eda. Adecuado para hasta 400 botellas\/hora.","og_url":"https:\/\/teswic.com\/es\/pie-de-imprenta\/","og_site_name":"Collect recyclables in compressed form.","article_modified_time":"2020-11-10T09:03:19+00:00","og_image":[{"url":"https:\/\/teswic.com\/wp-content\/uploads\/2018\/10\/Teswic2.png"}],"twitter_card":"summary_large_image","schema":{"@context":"https:\/\/schema.org","@graph":[{"@type":"WebPage","@id":"https:\/\/teswic.com\/es\/pie-de-imprenta\/","url":"https:\/\/teswic.com\/es\/pie-de-imprenta\/","name":"TESWIC | Collect & Compact | Compactaci\u00f3n de botellas de pl\u00e1stico","isPartOf":{"@id":"https:\/\/teswic.com\/#website"},"datePublished":"2020-11-09T12:42:30+00:00","dateModified":"2020-11-10T09:03:19+00:00","description":"Compactaci\u00f3n manual de botellas de pl\u00e1stico directamente en el punto de recogida. No hay consumo de energ\u00eda. Adecuado para hasta 400 botellas\/hora.","breadcrumb":{"@id":"https:\/\/teswic.com\/es\/pie-de-imprenta\/#breadcrumb"},"inLanguage":"es","potentialAction":[{"@type":"ReadAction","target":["https:\/\/teswic.com\/es\/pie-de-imprenta\/"]}]},{"@type":"BreadcrumbList","@id":"https:\/\/teswic.com\/es\/pie-de-imprenta\/#breadcrumb","itemListElement":[{"@type":"ListItem","position":1,"name":"Startseite","item":"https:\/\/teswic.com\/es\/"},{"@type":"ListItem","position":2,"name":"Pie de imprenta"}]},{"@type":"WebSite","@id":"https:\/\/teswic.com\/#website","url":"https:\/\/teswic.com\/","name":"Collect recyclables in compressed form.","description":"Manual compaction of empties. ","publisher":{"@id":"https:\/\/teswic.com\/#organization"},"potentialAction":[{"@type":"SearchAction","target":{"@type":"EntryPoint","urlTemplate":"https:\/\/teswic.com\/?s={search_term_string}"},"query-input":"required name=search_term_string"}],"inLanguage":"es"},{"@type":"Organization","@id":"https:\/\/teswic.com\/#organization","name":"Teswic Technologies","url":"https:\/\/teswic.com\/","logo":{"@type":"ImageObject","inLanguage":"es","@id":"https:\/\/teswic.com\/#\/schema\/logo\/image\/","url":"https:\/\/teswic.com\/wp-content\/uploads\/2020\/04\/Teswic150x30.png","contentUrl":"https:\/\/teswic.com\/wp-content\/uploads\/2020\/04\/Teswic150x30.png","width":150,"height":35,"caption":"Teswic Technologies"},"image":{"@id":"https:\/\/teswic.com\/#\/schema\/logo\/image\/"},"sameAs":["https:\/\/www.linkedin.com\/company\/teswic-technologies","https:\/\/www.youtube.com\/channel\/UCfleVzQ0OZ-NIJkLOpOBjaQ"]}]}},"_links":{"self":[{"href":"https:\/\/teswic.com\/es\/wp-json\/wp\/v2\/pages\/1208","targetHints":{"allow":["GET"]}}],"collection":[{"href":"https:\/\/teswic.com\/es\/wp-json\/wp\/v2\/pages"}],"about":[{"href":"https:\/\/teswic.com\/es\/wp-json\/wp\/v2\/types\/page"}],"author":[{"embeddable":true,"href":"https:\/\/teswic.com\/es\/wp-json\/wp\/v2\/users\/1"}],"replies":[{"embeddable":true,"href":"https:\/\/teswic.com\/es\/wp-json\/wp\/v2\/comments?post=1208"}],"version-history":[{"count":3,"href":"https:\/\/teswic.com\/es\/wp-json\/wp\/v2\/pages\/1208\/revisions"}],"predecessor-version":[{"id":1212,"href":"https:\/\/teswic.com\/es\/wp-json\/wp\/v2\/pages\/1208\/revisions\/1212"}],"wp:attachment":[{"href":"https:\/\/teswic.com\/es\/wp-json\/wp\/v2\/media?parent=1208"}],"curies":[{"name":"wp","href":"https:\/\/api.w.org\/{rel}","templated":true}]}}