{"id":1213,"date":"2020-11-09T14:16:00","date_gmt":"2020-11-09T13:16:00","guid":{"rendered":"https:\/\/teswic.com\/?page_id=1213"},"modified":"2020-11-10T10:00:08","modified_gmt":"2020-11-10T09:00:08","slug":"el-material-reciclable-pet","status":"publish","type":"page","link":"https:\/\/teswic.com\/es\/el-material-reciclable-pet\/","title":{"rendered":"El Material reciclable PET"},"content":{"rendered":"\r\n\r\n\r\n<h3 class=\"wp-block-heading\" style=\"text-align: center;\">Ya no podemos retroceder el reloj a la hora<\/h3>\r\n<h3 style=\"text-align: center;\">antes del desarrollo de los pl\u00e1sticos.<\/h3>\r\n<p style=\"text-align: center;\">\u00a0<\/p>\r\n<h3 style=\"text-align: center;\">Sin embargo, podemos hacer nuestra contribuci\u00f3n que desde<\/h3>\r\n<h3 style=\"text-align: center;\">los pl\u00e1sticos usados emergen nuevos materiales reciclables.<\/h3>\r\n<p style=\"text-align: center;\"><\/p>\r\n<p style=\"text-align: center;\"><\/p>\r\n<h3 class=\"has-text-align-center wp-block-heading\" style=\"text-align: center;\">\u00a0<\/h3>\r\n","protected":false},"excerpt":{"rendered":"<p>Ya no podemos retroceder el reloj a la hora antes del desarrollo de los pl\u00e1sticos. \u00a0 Sin embargo, podemos hacer nuestra contribuci\u00f3n que desde los pl\u00e1sticos usados emergen nuevos materiales reciclables. \u00a0<\/p>\n","protected":false},"author":1,"featured_media":891,"parent":0,"menu_order":1,"comment_status":"closed","ping_status":"closed","template":"","meta":{"footnotes":""},"class_list":["post-1213","page","type-page","status-publish","has-post-thumbnail","hentry"],"yoast_head":"<!-- This site is optimized with the Yoast SEO plugin v20.3 - https:\/\/yoast.com\/wordpress\/plugins\/seo\/ -->\n<title>Compactaci\u00f3n de botellas de pl\u00e1stico | Collect &amp; Compact | TESWIC<\/title>\n<meta name=\"description\" content=\"Compactaci\u00f3n manual de botellas de pl\u00e1stico directamente en el punto de recogida. No hay consumo de energ\u00eda. Adecuado para hasta 400 botellas\/hora.\" \/>\n<meta name=\"robots\" content=\"index, follow, max-snippet:-1, max-image-preview:large, max-video-preview:-1\" \/>\n<link rel=\"canonical\" href=\"https:\/\/teswic.com\/es\/el-material-reciclable-pet\/\" \/>\n<meta property=\"og:locale\" content=\"es_ES\" \/>\n<meta property=\"og:type\" content=\"article\" \/>\n<meta property=\"og:title\" content=\"Compactaci\u00f3n de botellas de pl\u00e1stico | Collect &amp; Compact | TESWIC\" \/>\n<meta property=\"og:description\" content=\"Compactaci\u00f3n manual de botellas de pl\u00e1stico directamente en el punto de recogida. No hay consumo de energ\u00eda. Adecuado para hasta 400 botellas\/hora.\" \/>\n<meta property=\"og:url\" content=\"https:\/\/teswic.com\/es\/el-material-reciclable-pet\/\" \/>\n<meta property=\"og:site_name\" content=\"Collect recyclables in compressed form.\" \/>\n<meta property=\"article:modified_time\" content=\"2020-11-10T09:00:08+00:00\" \/>\n<meta property=\"og:image\" content=\"https:\/\/teswic.com\/wp-content\/uploads\/2020\/09\/PET-Flaschen-scaled.jpg\" \/>\n\t<meta property=\"og:image:width\" content=\"2560\" \/>\n\t<meta property=\"og:image:height\" content=\"1444\" \/>\n\t<meta property=\"og:image:type\" content=\"image\/jpeg\" \/>\n<meta name=\"twitter:card\" content=\"summary_large_image\" \/>\n<script type=\"application\/ld+json\" class=\"yoast-schema-graph\">{\"@context\":\"https:\/\/schema.org\",\"@graph\":[{\"@type\":\"WebPage\",\"@id\":\"https:\/\/teswic.com\/es\/el-material-reciclable-pet\/\",\"url\":\"https:\/\/teswic.com\/es\/el-material-reciclable-pet\/\",\"name\":\"Compactaci\u00f3n de botellas de pl\u00e1stico | Collect & Compact | TESWIC\",\"isPartOf\":{\"@id\":\"https:\/\/teswic.com\/#website\"},\"datePublished\":\"2020-11-09T13:16:00+00:00\",\"dateModified\":\"2020-11-10T09:00:08+00:00\",\"description\":\"Compactaci\u00f3n manual de botellas de pl\u00e1stico directamente en el punto de recogida. No hay consumo de energ\u00eda. Adecuado para hasta 400 botellas\/hora.\",\"breadcrumb\":{\"@id\":\"https:\/\/teswic.com\/es\/el-material-reciclable-pet\/#breadcrumb\"},\"inLanguage\":\"es\",\"potentialAction\":[{\"@type\":\"ReadAction\",\"target\":[\"https:\/\/teswic.com\/es\/el-material-reciclable-pet\/\"]}]},{\"@type\":\"BreadcrumbList\",\"@id\":\"https:\/\/teswic.com\/es\/el-material-reciclable-pet\/#breadcrumb\",\"itemListElement\":[{\"@type\":\"ListItem\",\"position\":1,\"name\":\"Startseite\",\"item\":\"https:\/\/teswic.com\/es\/\"},{\"@type\":\"ListItem\",\"position\":2,\"name\":\"El Material reciclable PET\"}]},{\"@type\":\"WebSite\",\"@id\":\"https:\/\/teswic.com\/#website\",\"url\":\"https:\/\/teswic.com\/\",\"name\":\"Collect recyclables in compressed form.\",\"description\":\"Manual compaction of empties. \",\"publisher\":{\"@id\":\"https:\/\/teswic.com\/#organization\"},\"potentialAction\":[{\"@type\":\"SearchAction\",\"target\":{\"@type\":\"EntryPoint\",\"urlTemplate\":\"https:\/\/teswic.com\/?s={search_term_string}\"},\"query-input\":\"required name=search_term_string\"}],\"inLanguage\":\"es\"},{\"@type\":\"Organization\",\"@id\":\"https:\/\/teswic.com\/#organization\",\"name\":\"Teswic Technologies\",\"url\":\"https:\/\/teswic.com\/\",\"logo\":{\"@type\":\"ImageObject\",\"inLanguage\":\"es\",\"@id\":\"https:\/\/teswic.com\/#\/schema\/logo\/image\/\",\"url\":\"https:\/\/teswic.com\/wp-content\/uploads\/2020\/04\/Teswic150x30.png\",\"contentUrl\":\"https:\/\/teswic.com\/wp-content\/uploads\/2020\/04\/Teswic150x30.png\",\"width\":150,\"height\":35,\"caption\":\"Teswic Technologies\"},\"image\":{\"@id\":\"https:\/\/teswic.com\/#\/schema\/logo\/image\/\"},\"sameAs\":[\"https:\/\/www.linkedin.com\/company\/teswic-technologies\",\"https:\/\/www.youtube.com\/channel\/UCfleVzQ0OZ-NIJkLOpOBjaQ\"]}]}<\/script>\n<!-- \/ Yoast SEO plugin. -->","yoast_head_json":{"title":"Compactaci\u00f3n de botellas de pl\u00e1stico | Collect & Compact | TESWIC","description":"Compactaci\u00f3n manual de botellas de pl\u00e1stico directamente en el punto de recogida. No hay consumo de energ\u00eda. Adecuado para hasta 400 botellas\/hora.","robots":{"index":"index","follow":"follow","max-snippet":"max-snippet:-1","max-image-preview":"max-image-preview:large","max-video-preview":"max-video-preview:-1"},"canonical":"https:\/\/teswic.com\/es\/el-material-reciclable-pet\/","og_locale":"es_ES","og_type":"article","og_title":"Compactaci\u00f3n de botellas de pl\u00e1stico | Collect & Compact | TESWIC","og_description":"Compactaci\u00f3n manual de botellas de pl\u00e1stico directamente en el punto de recogida. No hay consumo de energ\u00eda. Adecuado para hasta 400 botellas\/hora.","og_url":"https:\/\/teswic.com\/es\/el-material-reciclable-pet\/","og_site_name":"Collect recyclables in compressed form.","article_modified_time":"2020-11-10T09:00:08+00:00","og_image":[{"width":2560,"height":1444,"url":"https:\/\/teswic.com\/wp-content\/uploads\/2020\/09\/PET-Flaschen-scaled.jpg","type":"image\/jpeg"}],"twitter_card":"summary_large_image","schema":{"@context":"https:\/\/schema.org","@graph":[{"@type":"WebPage","@id":"https:\/\/teswic.com\/es\/el-material-reciclable-pet\/","url":"https:\/\/teswic.com\/es\/el-material-reciclable-pet\/","name":"Compactaci\u00f3n de botellas de pl\u00e1stico | Collect & Compact | TESWIC","isPartOf":{"@id":"https:\/\/teswic.com\/#website"},"datePublished":"2020-11-09T13:16:00+00:00","dateModified":"2020-11-10T09:00:08+00:00","description":"Compactaci\u00f3n manual de botellas de pl\u00e1stico directamente en el punto de recogida. No hay consumo de energ\u00eda. Adecuado para hasta 400 botellas\/hora.","breadcrumb":{"@id":"https:\/\/teswic.com\/es\/el-material-reciclable-pet\/#breadcrumb"},"inLanguage":"es","potentialAction":[{"@type":"ReadAction","target":["https:\/\/teswic.com\/es\/el-material-reciclable-pet\/"]}]},{"@type":"BreadcrumbList","@id":"https:\/\/teswic.com\/es\/el-material-reciclable-pet\/#breadcrumb","itemListElement":[{"@type":"ListItem","position":1,"name":"Startseite","item":"https:\/\/teswic.com\/es\/"},{"@type":"ListItem","position":2,"name":"El Material reciclable PET"}]},{"@type":"WebSite","@id":"https:\/\/teswic.com\/#website","url":"https:\/\/teswic.com\/","name":"Collect recyclables in compressed form.","description":"Manual compaction of empties. ","publisher":{"@id":"https:\/\/teswic.com\/#organization"},"potentialAction":[{"@type":"SearchAction","target":{"@type":"EntryPoint","urlTemplate":"https:\/\/teswic.com\/?s={search_term_string}"},"query-input":"required name=search_term_string"}],"inLanguage":"es"},{"@type":"Organization","@id":"https:\/\/teswic.com\/#organization","name":"Teswic Technologies","url":"https:\/\/teswic.com\/","logo":{"@type":"ImageObject","inLanguage":"es","@id":"https:\/\/teswic.com\/#\/schema\/logo\/image\/","url":"https:\/\/teswic.com\/wp-content\/uploads\/2020\/04\/Teswic150x30.png","contentUrl":"https:\/\/teswic.com\/wp-content\/uploads\/2020\/04\/Teswic150x30.png","width":150,"height":35,"caption":"Teswic Technologies"},"image":{"@id":"https:\/\/teswic.com\/#\/schema\/logo\/image\/"},"sameAs":["https:\/\/www.linkedin.com\/company\/teswic-technologies","https:\/\/www.youtube.com\/channel\/UCfleVzQ0OZ-NIJkLOpOBjaQ"]}]}},"_links":{"self":[{"href":"https:\/\/teswic.com\/es\/wp-json\/wp\/v2\/pages\/1213","targetHints":{"allow":["GET"]}}],"collection":[{"href":"https:\/\/teswic.com\/es\/wp-json\/wp\/v2\/pages"}],"about":[{"href":"https:\/\/teswic.com\/es\/wp-json\/wp\/v2\/types\/page"}],"author":[{"embeddable":true,"href":"https:\/\/teswic.com\/es\/wp-json\/wp\/v2\/users\/1"}],"replies":[{"embeddable":true,"href":"https:\/\/teswic.com\/es\/wp-json\/wp\/v2\/comments?post=1213"}],"version-history":[{"count":3,"href":"https:\/\/teswic.com\/es\/wp-json\/wp\/v2\/pages\/1213\/revisions"}],"predecessor-version":[{"id":1218,"href":"https:\/\/teswic.com\/es\/wp-json\/wp\/v2\/pages\/1213\/revisions\/1218"}],"wp:featuredmedia":[{"embeddable":true,"href":"https:\/\/teswic.com\/es\/wp-json\/wp\/v2\/media\/891"}],"wp:attachment":[{"href":"https:\/\/teswic.com\/es\/wp-json\/wp\/v2\/media?parent=1213"}],"curies":[{"name":"wp","href":"https:\/\/api.w.org\/{rel}","templated":true}]}}