{"id":1219,"date":"2020-11-09T18:17:51","date_gmt":"2020-11-09T17:17:51","guid":{"rendered":"https:\/\/teswic.com\/?page_id=1219"},"modified":"2020-11-11T09:27:00","modified_gmt":"2020-11-11T08:27:00","slug":"por-que-comprimir","status":"publish","type":"page","link":"https:\/\/teswic.com\/es\/el-material-reciclable-pet\/por-que-comprimir\/","title":{"rendered":"Ventajas de presionar las botellas de pl\u00e1stico directamente en el punto de recogida"},"content":{"rendered":"\r\n<h3><strong>&#8230; desde una perspectiva medioambiental<\/strong><\/h3>\r\n<ul>\r\n<li>Una botella de pl\u00e1stico comprimida requiere mucho menos espacio. El transporte de botellas PET usadas se vuelve m\u00e1s rentable porque se transporta menos aire y m\u00e1s pl\u00e1stico. Y eso significa menos emisi\u00f3n de CO\u00b2. \u00a0<\/li>\r\n<li>Cuanto m\u00e1s posibilidades tenga el consumidor de eliminar sus residuos adecuadamente, mayores ser\u00e1n las tasas de recogida. Dado que Collect &amp; Compact puede utilizarse pr\u00e1cticamente en cualquier lugar, las botellas de pl\u00e1stico pueden ahora recogerse log\u00edsticamente correcto en muchos lugares adicionales. Y las tasas de recolecci\u00f3n m\u00e1s altas son la base de las tasas de reciclaje m\u00e1s altas. \u00a0 \u00a0 \u00a0\u00a0<\/li>\r\n<\/ul>\r\n<h3>\u00a0<\/h3>\r\n<h3>&#8230; desde la perspectiva del usuario final<\/h3>\r\n<p>Al presionar directamente en el punto de recogida, el volumen de las botellas de PET se reduce significativamente. El espacio requerido para los vac\u00edos se reduce significativamente. Y el medio ambiente est\u00e1 satisfecho con su contribuci\u00f3n a la reducci\u00f3n de las emisiones de CO\u00b2, ya que las colecciones se vuelven significativamente m\u00e1s rentables.<\/p>\r\n<p>&nbsp;<\/p>\r\n<h3>&#8230; desde el punto de vista de la empresa de eliminaci\u00f3n de residuos<\/h3>\r\n<p>La compactaci\u00f3n directamente en el punto de recogida tiene muchas ventajas para la empresa de eliminaci\u00f3n de residuos:<\/p>\r\n<ul>\r\n<li>\r\n<p>menos recogidas y al mismo tiempo una mejor descarga de los camiones<\/p>\r\n<\/li>\r\n<li>una botella de PET que ha sido comprimida con Collect &amp; Compact siempre est\u00e1 abierta y no necesita ser perforada antes de una mayor compresi\u00f3n. Esto ahorra un paso de trabajo completo y por lo tanto tiempo y costos.<\/li>\r\n<\/ul>\r\n\r\n\r\n\r\n\r\n\r\n\r\n\r\n<p>&nbsp;<\/p>\r\n","protected":false},"excerpt":{"rendered":"<p>&#8230; desde una perspectiva medioambiental Una botella de pl\u00e1stico comprimida requiere mucho menos espacio. El transporte de botellas PET usadas se vuelve m\u00e1s rentable porque se transporta menos aire y m\u00e1s pl\u00e1stico. Y eso significa menos emisi\u00f3n de CO\u00b2. \u00a0 Cuanto m\u00e1s posibilidades tenga el consumidor de eliminar sus residuos adecuadamente, mayores ser\u00e1n las tasas [&hellip;]<\/p>\n","protected":false},"author":1,"featured_media":1221,"parent":1213,"menu_order":2,"comment_status":"closed","ping_status":"closed","template":"","meta":{"footnotes":""},"class_list":["post-1219","page","type-page","status-publish","has-post-thumbnail","hentry"],"yoast_head":"<!-- This site is optimized with the Yoast SEO plugin v20.3 - https:\/\/yoast.com\/wordpress\/plugins\/seo\/ -->\n<title>Compactaci\u00f3n de botellas de pl\u00e1stico | Collect &amp; Compact | TESWIC<\/title>\n<meta name=\"description\" content=\"Compactaci\u00f3n manual de botellas de pl\u00e1stico directamente en el punto de recogida. No hay consumo de energ\u00eda. Adecuado para hasta 400 botellas\/hora.\" \/>\n<meta name=\"robots\" content=\"index, follow, max-snippet:-1, max-image-preview:large, max-video-preview:-1\" \/>\n<link rel=\"canonical\" href=\"https:\/\/teswic.com\/es\/el-material-reciclable-pet\/por-que-comprimir\/\" \/>\n<meta property=\"og:locale\" content=\"es_ES\" \/>\n<meta property=\"og:type\" content=\"article\" \/>\n<meta property=\"og:title\" content=\"Compactaci\u00f3n de botellas de pl\u00e1stico | Collect &amp; Compact | TESWIC\" \/>\n<meta property=\"og:description\" content=\"Compactaci\u00f3n manual de botellas de pl\u00e1stico directamente en el punto de recogida. No hay consumo de energ\u00eda. Adecuado para hasta 400 botellas\/hora.\" \/>\n<meta property=\"og:url\" content=\"https:\/\/teswic.com\/es\/el-material-reciclable-pet\/por-que-comprimir\/\" \/>\n<meta property=\"og:site_name\" content=\"Collect recyclables in compressed form.\" \/>\n<meta property=\"article:modified_time\" content=\"2020-11-11T08:27:00+00:00\" \/>\n<meta property=\"og:image\" content=\"https:\/\/teswic.com\/wp-content\/uploads\/2020\/09\/1500mlFlascheVerpresst-scaled.jpg\" \/>\n\t<meta property=\"og:image:width\" content=\"2560\" \/>\n\t<meta property=\"og:image:height\" content=\"1920\" \/>\n\t<meta property=\"og:image:type\" content=\"image\/jpeg\" \/>\n<meta name=\"twitter:card\" content=\"summary_large_image\" \/>\n<meta name=\"twitter:label1\" content=\"Tiempo de lectura\" \/>\n\t<meta name=\"twitter:data1\" content=\"1 minuto\" \/>\n<script type=\"application\/ld+json\" class=\"yoast-schema-graph\">{\"@context\":\"https:\/\/schema.org\",\"@graph\":[{\"@type\":\"WebPage\",\"@id\":\"https:\/\/teswic.com\/es\/el-material-reciclable-pet\/por-que-comprimir\/\",\"url\":\"https:\/\/teswic.com\/es\/el-material-reciclable-pet\/por-que-comprimir\/\",\"name\":\"Compactaci\u00f3n de botellas de pl\u00e1stico | Collect & Compact | TESWIC\",\"isPartOf\":{\"@id\":\"https:\/\/teswic.com\/#website\"},\"datePublished\":\"2020-11-09T17:17:51+00:00\",\"dateModified\":\"2020-11-11T08:27:00+00:00\",\"description\":\"Compactaci\u00f3n manual de botellas de pl\u00e1stico directamente en el punto de recogida. No hay consumo de energ\u00eda. Adecuado para hasta 400 botellas\/hora.\",\"breadcrumb\":{\"@id\":\"https:\/\/teswic.com\/es\/el-material-reciclable-pet\/por-que-comprimir\/#breadcrumb\"},\"inLanguage\":\"es\",\"potentialAction\":[{\"@type\":\"ReadAction\",\"target\":[\"https:\/\/teswic.com\/es\/el-material-reciclable-pet\/por-que-comprimir\/\"]}]},{\"@type\":\"BreadcrumbList\",\"@id\":\"https:\/\/teswic.com\/es\/el-material-reciclable-pet\/por-que-comprimir\/#breadcrumb\",\"itemListElement\":[{\"@type\":\"ListItem\",\"position\":1,\"name\":\"Startseite\",\"item\":\"https:\/\/teswic.com\/es\/\"},{\"@type\":\"ListItem\",\"position\":2,\"name\":\"El Material reciclable PET\",\"item\":\"https:\/\/teswic.com\/es\/el-material-reciclable-pet\/\"},{\"@type\":\"ListItem\",\"position\":3,\"name\":\"Ventajas de presionar las botellas de pl\u00e1stico directamente en el punto de recogida\"}]},{\"@type\":\"WebSite\",\"@id\":\"https:\/\/teswic.com\/#website\",\"url\":\"https:\/\/teswic.com\/\",\"name\":\"Collect recyclables in compressed form.\",\"description\":\"Manual compaction of empties. \",\"publisher\":{\"@id\":\"https:\/\/teswic.com\/#organization\"},\"potentialAction\":[{\"@type\":\"SearchAction\",\"target\":{\"@type\":\"EntryPoint\",\"urlTemplate\":\"https:\/\/teswic.com\/?s={search_term_string}\"},\"query-input\":\"required name=search_term_string\"}],\"inLanguage\":\"es\"},{\"@type\":\"Organization\",\"@id\":\"https:\/\/teswic.com\/#organization\",\"name\":\"Teswic Technologies\",\"url\":\"https:\/\/teswic.com\/\",\"logo\":{\"@type\":\"ImageObject\",\"inLanguage\":\"es\",\"@id\":\"https:\/\/teswic.com\/#\/schema\/logo\/image\/\",\"url\":\"https:\/\/teswic.com\/wp-content\/uploads\/2020\/04\/Teswic150x30.png\",\"contentUrl\":\"https:\/\/teswic.com\/wp-content\/uploads\/2020\/04\/Teswic150x30.png\",\"width\":150,\"height\":35,\"caption\":\"Teswic Technologies\"},\"image\":{\"@id\":\"https:\/\/teswic.com\/#\/schema\/logo\/image\/\"},\"sameAs\":[\"https:\/\/www.linkedin.com\/company\/teswic-technologies\",\"https:\/\/www.youtube.com\/channel\/UCfleVzQ0OZ-NIJkLOpOBjaQ\"]}]}<\/script>\n<!-- \/ Yoast SEO plugin. -->","yoast_head_json":{"title":"Compactaci\u00f3n de botellas de pl\u00e1stico | Collect & Compact | TESWIC","description":"Compactaci\u00f3n manual de botellas de pl\u00e1stico directamente en el punto de recogida. No hay consumo de energ\u00eda. Adecuado para hasta 400 botellas\/hora.","robots":{"index":"index","follow":"follow","max-snippet":"max-snippet:-1","max-image-preview":"max-image-preview:large","max-video-preview":"max-video-preview:-1"},"canonical":"https:\/\/teswic.com\/es\/el-material-reciclable-pet\/por-que-comprimir\/","og_locale":"es_ES","og_type":"article","og_title":"Compactaci\u00f3n de botellas de pl\u00e1stico | Collect & Compact | TESWIC","og_description":"Compactaci\u00f3n manual de botellas de pl\u00e1stico directamente en el punto de recogida. No hay consumo de energ\u00eda. Adecuado para hasta 400 botellas\/hora.","og_url":"https:\/\/teswic.com\/es\/el-material-reciclable-pet\/por-que-comprimir\/","og_site_name":"Collect recyclables in compressed form.","article_modified_time":"2020-11-11T08:27:00+00:00","og_image":[{"width":2560,"height":1920,"url":"https:\/\/teswic.com\/wp-content\/uploads\/2020\/09\/1500mlFlascheVerpresst-scaled.jpg","type":"image\/jpeg"}],"twitter_card":"summary_large_image","twitter_misc":{"Tiempo de lectura":"1 minuto"},"schema":{"@context":"https:\/\/schema.org","@graph":[{"@type":"WebPage","@id":"https:\/\/teswic.com\/es\/el-material-reciclable-pet\/por-que-comprimir\/","url":"https:\/\/teswic.com\/es\/el-material-reciclable-pet\/por-que-comprimir\/","name":"Compactaci\u00f3n de botellas de pl\u00e1stico | Collect & Compact | TESWIC","isPartOf":{"@id":"https:\/\/teswic.com\/#website"},"datePublished":"2020-11-09T17:17:51+00:00","dateModified":"2020-11-11T08:27:00+00:00","description":"Compactaci\u00f3n manual de botellas de pl\u00e1stico directamente en el punto de recogida. No hay consumo de energ\u00eda. Adecuado para hasta 400 botellas\/hora.","breadcrumb":{"@id":"https:\/\/teswic.com\/es\/el-material-reciclable-pet\/por-que-comprimir\/#breadcrumb"},"inLanguage":"es","potentialAction":[{"@type":"ReadAction","target":["https:\/\/teswic.com\/es\/el-material-reciclable-pet\/por-que-comprimir\/"]}]},{"@type":"BreadcrumbList","@id":"https:\/\/teswic.com\/es\/el-material-reciclable-pet\/por-que-comprimir\/#breadcrumb","itemListElement":[{"@type":"ListItem","position":1,"name":"Startseite","item":"https:\/\/teswic.com\/es\/"},{"@type":"ListItem","position":2,"name":"El Material reciclable PET","item":"https:\/\/teswic.com\/es\/el-material-reciclable-pet\/"},{"@type":"ListItem","position":3,"name":"Ventajas de presionar las botellas de pl\u00e1stico directamente en el punto de recogida"}]},{"@type":"WebSite","@id":"https:\/\/teswic.com\/#website","url":"https:\/\/teswic.com\/","name":"Collect recyclables in compressed form.","description":"Manual compaction of empties. ","publisher":{"@id":"https:\/\/teswic.com\/#organization"},"potentialAction":[{"@type":"SearchAction","target":{"@type":"EntryPoint","urlTemplate":"https:\/\/teswic.com\/?s={search_term_string}"},"query-input":"required name=search_term_string"}],"inLanguage":"es"},{"@type":"Organization","@id":"https:\/\/teswic.com\/#organization","name":"Teswic Technologies","url":"https:\/\/teswic.com\/","logo":{"@type":"ImageObject","inLanguage":"es","@id":"https:\/\/teswic.com\/#\/schema\/logo\/image\/","url":"https:\/\/teswic.com\/wp-content\/uploads\/2020\/04\/Teswic150x30.png","contentUrl":"https:\/\/teswic.com\/wp-content\/uploads\/2020\/04\/Teswic150x30.png","width":150,"height":35,"caption":"Teswic Technologies"},"image":{"@id":"https:\/\/teswic.com\/#\/schema\/logo\/image\/"},"sameAs":["https:\/\/www.linkedin.com\/company\/teswic-technologies","https:\/\/www.youtube.com\/channel\/UCfleVzQ0OZ-NIJkLOpOBjaQ"]}]}},"_links":{"self":[{"href":"https:\/\/teswic.com\/es\/wp-json\/wp\/v2\/pages\/1219","targetHints":{"allow":["GET"]}}],"collection":[{"href":"https:\/\/teswic.com\/es\/wp-json\/wp\/v2\/pages"}],"about":[{"href":"https:\/\/teswic.com\/es\/wp-json\/wp\/v2\/types\/page"}],"author":[{"embeddable":true,"href":"https:\/\/teswic.com\/es\/wp-json\/wp\/v2\/users\/1"}],"replies":[{"embeddable":true,"href":"https:\/\/teswic.com\/es\/wp-json\/wp\/v2\/comments?post=1219"}],"version-history":[{"count":4,"href":"https:\/\/teswic.com\/es\/wp-json\/wp\/v2\/pages\/1219\/revisions"}],"predecessor-version":[{"id":1224,"href":"https:\/\/teswic.com\/es\/wp-json\/wp\/v2\/pages\/1219\/revisions\/1224"}],"up":[{"embeddable":true,"href":"https:\/\/teswic.com\/es\/wp-json\/wp\/v2\/pages\/1213"}],"wp:featuredmedia":[{"embeddable":true,"href":"https:\/\/teswic.com\/es\/wp-json\/wp\/v2\/media\/1221"}],"wp:attachment":[{"href":"https:\/\/teswic.com\/es\/wp-json\/wp\/v2\/media?parent=1219"}],"curies":[{"name":"wp","href":"https:\/\/api.w.org\/{rel}","templated":true}]}}