{"id":2418,"date":"2019-09-20T09:16:03","date_gmt":"2019-09-20T07:16:03","guid":{"rendered":"https:\/\/teswic.com\/sobre-nosotros\/datenschutzerklaerung\/"},"modified":"2021-08-11T09:20:52","modified_gmt":"2021-08-11T07:20:52","slug":"datenschutzerklaerung","status":"publish","type":"page","link":"https:\/\/teswic.com\/es\/sobre-nosotros\/datenschutzerklaerung\/","title":{"rendered":"Pol\u00edtica de privacidad"},"content":{"rendered":"\r\n<p>Septiembre de 2019<\/p>\r\n<p>Aviso general e informaci\u00f3n obligatoria<\/p>\r\n<p><strong>Designaci\u00f3n del organismo responsable<\/strong><\/p>\r\n<p><strong>El organismo responsable del tratamiento de datos en este sitio web es:<\/strong><\/p>\r\n<p>Tecnolog\u00edas TESWIC Sigrid Waibel<br \/>Sigrid Waibel<br \/>Felbenwiesweg 4<br \/>88662 \u00dcberlingen<\/p>\r\n<p>El organismo responsable decide por s\u00ed solo o conjuntamente con otros los fines y medios del tratamiento de los datos personales (por ejemplo, nombres, datos de contacto o similares).<\/p>\r\n<p><strong>Retirada de su consentimiento para el tratamiento de datos<\/strong><\/p>\r\n<p>Algunas operaciones de tratamiento de datos s\u00f3lo son posibles con su consentimiento expreso. Puede revocar su consentimiento en cualquier momento. Una comunicaci\u00f3n informal por correo electr\u00f3nico es suficiente para la revocaci\u00f3n. La legalidad del tratamiento de datos realizado hasta la revocaci\u00f3n no se ve afectada por \u00e9sta.<\/p>\r\n<p><strong>Derecho a reclamar ante la autoridad de control competente<\/strong><\/p>\r\n<p>Como interesado, tiene derecho a reclamar ante la autoridad de control competente en caso de que se produzca una violaci\u00f3n de la protecci\u00f3n de datos. La autoridad de control competente en materia de protecci\u00f3n de datos es el Comisionado Estatal de Protecci\u00f3n de Datos del Estado Federal de Baden-W\u00fcrttemberg, al que puede dirigirse de la siguiente manera:<\/p>\r\n\r\n\r\n\r\n<p>www.baden-wuerttemberg.datenschutz.de<\/p>\r\n\r\n\r\n\r\n<p><abbr title=\"Electronic Mail\">E-mail: <\/abbr> <a href=\"https:\/\/www.bfdi.bund.de\/SharedDocs\/Kontaktdaten\/DSBs\/Landesdatenschutzbeauftragte\/Baden_Wuerttemberg.html?nn=5217144\">poststelle@lfdi.bwl.de<\/a><\/p>\r\n\r\n\r\n\r\n<p><strong>Derecho a la portabilidad de los datos<\/strong><\/p>\r\n<p>Tiene derecho a que los datos que tratamos autom\u00e1ticamente sobre la base de su consentimiento o en cumplimiento de un contrato le sean entregados a usted o a terceros. Los datos se proporcionar\u00e1n en un formato legible por m\u00e1quina. Si solicita la transferencia directa de los datos a otro responsable, s\u00f3lo se har\u00e1 en la medida en que sea t\u00e9cnicamente posible.<\/p>\r\n<p><strong>Derecho de informaci\u00f3n, rectificaci\u00f3n, bloqueo y supresi\u00f3n<\/strong><\/p>\r\n<p>En el marco de las disposiciones legales aplicables, usted tiene derecho a recibir en cualquier momento informaci\u00f3n gratuita sobre sus datos personales almacenados, el origen de los datos, sus destinatarios y la finalidad del tratamiento de datos y, en su caso, un derecho de rectificaci\u00f3n, bloqueo o supresi\u00f3n de estos datos. A este respecto y tambi\u00e9n para otras preguntas sobre el tema de los datos personales, puede ponerse en contacto con nosotros en cualquier momento a trav\u00e9s de las opciones de contacto que figuran en el pie de imprenta.<\/p>\r\n<p><strong>Cifrado SSL o TLS<\/strong><\/p>\r\n<p>Por razones de seguridad y para proteger la transmisi\u00f3n de contenidos confidenciales que usted nos env\u00eda como operador del sitio, nuestro sitio web utiliza el cifrado SSL o TLS. Esto significa que los datos que usted transmite a trav\u00e9s de este sitio web no pueden ser le\u00eddos por terceros. Puede reconocer una conexi\u00f3n cifrada por la l\u00ednea de direcci\u00f3n &#8220;https:\/\/&#8221; de su navegador y el s\u00edmbolo del candado en la l\u00ednea del navegador.<\/p>\r\n<p><strong>Responsable de la protecci\u00f3n de datos<\/strong><\/p>\r\n<p>Hemos nombrado a un responsable de la protecci\u00f3n de datos.<\/p>\r\n\r\n\r\n\r\n\r\n\r\n<p>Sigrid, Waibel<br \/>Felbenwiesweg 4<br \/>88662 \u00dcberlingen<br \/><br \/>Telefon: +49 (0)7773-356 9559<br \/>E-Mail: contact@teswic.com<\/p>\r\n<p><strong>Formulario de contacto<\/strong><\/p>\r\n<p>Los datos transmitidos a trav\u00e9s del formulario de contacto, incluidos sus datos de contacto, se almacenan para poder procesar su consulta o estar disponibles para preguntas de seguimiento. Estos datos no se transmitir\u00e1n sin su consentimiento.<\/p>\r\n<p>Los datos introducidos en el formulario de contacto se procesan exclusivamente sobre la base de su consentimiento (art. 6, p\u00e1rr. 1 lit. a DSGVO). Puede revocar su consentimiento en cualquier momento. Una comunicaci\u00f3n informal por correo electr\u00f3nico es suficiente para la revocaci\u00f3n. La legalidad de las operaciones de tratamiento de datos realizadas hasta la revocaci\u00f3n no se ve afectada por \u00e9sta.<\/p>\r\n<p>Los datos transmitidos a trav\u00e9s del formulario de contacto permanecer\u00e1n con nosotros hasta que nos pida que los eliminemos, revoque su consentimiento para almacenarlos o ya no haya necesidad de almacenar los datos. Las disposiciones legales obligatorias -en particular los per\u00edodos de conservaci\u00f3n- no se ven afectadas.<\/p>\r\n<p><strong>YouTube<\/strong><\/p>\r\n<p>Nuestro sitio web utiliza plugins de YouTube para la integraci\u00f3n y visualizaci\u00f3n de contenidos de v\u00eddeo. El proveedor del portal de v\u00eddeos es YouTube, LLC, 901 Cherry Ave, San Bruno, CA 94066, USA.<\/p>\r\n<p>Cuando se llama a una p\u00e1gina con un plugin de YouTube integrado, se establece una conexi\u00f3n con los servidores de YouTube. Esto le dice a YouTube a cu\u00e1l de nuestras p\u00e1ginas ha accedido.<\/p>\r\n<p>YouTube puede asignar tu comportamiento de navegaci\u00f3n directamente a tu perfil personal si est\u00e1s conectado a tu cuenta de YouTube. Puedes evitarlo cerrando la sesi\u00f3n primero.<\/p>\r\n<p>YouTube se utiliza en aras de una presentaci\u00f3n atractiva de nuestras ofertas en l\u00ednea. Esto representa un inter\u00e9s leg\u00edtimo en el sentido del Art. 6 p\u00e1rrafo 1 lit. f DSGVO.<\/p>\r\n<p>Los detalles sobre el manejo de los datos de los usuarios se pueden encontrar en la pol\u00edtica de privacidad de YouTube en: https:\/\/policies.google.com\/privacy?hl=de<\/p>\r\n<h6>Fuente: Configurador de protecci\u00f3n de datos de mein-datenschutzbeauftragter.de<\/h6>\r\n\r\n\r\n\r\n\r\n\r\n<p><\/p>","protected":false},"excerpt":{"rendered":"<p>Septiembre de 2019 Aviso general e informaci\u00f3n obligatoria Designaci\u00f3n del organismo responsable El organismo responsable del tratamiento de datos en este sitio web es: Tecnolog\u00edas TESWIC Sigrid WaibelSigrid WaibelFelbenwiesweg 488662 \u00dcberlingen El organismo responsable decide por s\u00ed solo o conjuntamente con otros los fines y medios del tratamiento de los datos personales (por ejemplo, nombres, [&hellip;]<\/p>\n","protected":false},"author":1,"featured_media":0,"parent":1148,"menu_order":1,"comment_status":"closed","ping_status":"closed","template":"","meta":{"footnotes":""},"class_list":["post-2418","page","type-page","status-publish","hentry"],"yoast_head":"<!-- This site is optimized with the Yoast SEO plugin v20.3 - https:\/\/yoast.com\/wordpress\/plugins\/seo\/ -->\n<title>Pol\u00edtica de privacidad Plastic bottle and can crushers Manual | with collection container<\/title>\n<meta name=\"description\" content=\"Manual compactors for plastic bottles and beverage cans equipped with a collection container. Easy and fast operation. For outdoor use.\" \/>\n<meta name=\"robots\" content=\"index, follow, max-snippet:-1, max-image-preview:large, max-video-preview:-1\" \/>\n<link rel=\"canonical\" href=\"https:\/\/teswic.com\/es\/sobre-nosotros\/datenschutzerklaerung\/\" \/>\n<meta property=\"og:locale\" content=\"es_ES\" \/>\n<meta property=\"og:type\" content=\"article\" \/>\n<meta property=\"og:title\" content=\"Pol\u00edtica de privacidad Plastic bottle and can crushers Manual | with collection container\" \/>\n<meta property=\"og:description\" content=\"Manual compactors for plastic bottles and beverage cans equipped with a collection container. Easy and fast operation. For outdoor use.\" \/>\n<meta property=\"og:url\" content=\"https:\/\/teswic.com\/es\/sobre-nosotros\/datenschutzerklaerung\/\" \/>\n<meta property=\"og:site_name\" content=\"Collect recyclables in compressed form.\" \/>\n<meta property=\"article:modified_time\" content=\"2021-08-11T07:20:52+00:00\" \/>\n<meta name=\"twitter:card\" content=\"summary_large_image\" \/>\n<meta name=\"twitter:label1\" content=\"Tiempo de lectura\" \/>\n\t<meta name=\"twitter:data1\" content=\"4 minutos\" \/>\n<script type=\"application\/ld+json\" class=\"yoast-schema-graph\">{\"@context\":\"https:\/\/schema.org\",\"@graph\":[{\"@type\":\"WebPage\",\"@id\":\"https:\/\/teswic.com\/es\/sobre-nosotros\/datenschutzerklaerung\/\",\"url\":\"https:\/\/teswic.com\/es\/sobre-nosotros\/datenschutzerklaerung\/\",\"name\":\"Pol\u00edtica de privacidad Plastic bottle and can crushers Manual | with collection container\",\"isPartOf\":{\"@id\":\"https:\/\/teswic.com\/#website\"},\"datePublished\":\"2019-09-20T07:16:03+00:00\",\"dateModified\":\"2021-08-11T07:20:52+00:00\",\"description\":\"Manual compactors for plastic bottles and beverage cans equipped with a collection container. Easy and fast operation. For outdoor use.\",\"breadcrumb\":{\"@id\":\"https:\/\/teswic.com\/es\/sobre-nosotros\/datenschutzerklaerung\/#breadcrumb\"},\"inLanguage\":\"es\",\"potentialAction\":[{\"@type\":\"ReadAction\",\"target\":[\"https:\/\/teswic.com\/es\/sobre-nosotros\/datenschutzerklaerung\/\"]}]},{\"@type\":\"BreadcrumbList\",\"@id\":\"https:\/\/teswic.com\/es\/sobre-nosotros\/datenschutzerklaerung\/#breadcrumb\",\"itemListElement\":[{\"@type\":\"ListItem\",\"position\":1,\"name\":\"Startseite\",\"item\":\"https:\/\/teswic.com\/es\/\"},{\"@type\":\"ListItem\",\"position\":2,\"name\":\"Sobre nosotros\",\"item\":\"https:\/\/teswic.com\/es\/sobre-nosotros\/\"},{\"@type\":\"ListItem\",\"position\":3,\"name\":\"Pol\u00edtica de privacidad\"}]},{\"@type\":\"WebSite\",\"@id\":\"https:\/\/teswic.com\/#website\",\"url\":\"https:\/\/teswic.com\/\",\"name\":\"Collect recyclables in compressed form.\",\"description\":\"Manual compaction of empties. \",\"publisher\":{\"@id\":\"https:\/\/teswic.com\/#organization\"},\"potentialAction\":[{\"@type\":\"SearchAction\",\"target\":{\"@type\":\"EntryPoint\",\"urlTemplate\":\"https:\/\/teswic.com\/?s={search_term_string}\"},\"query-input\":\"required name=search_term_string\"}],\"inLanguage\":\"es\"},{\"@type\":\"Organization\",\"@id\":\"https:\/\/teswic.com\/#organization\",\"name\":\"Teswic Technologies\",\"url\":\"https:\/\/teswic.com\/\",\"logo\":{\"@type\":\"ImageObject\",\"inLanguage\":\"es\",\"@id\":\"https:\/\/teswic.com\/#\/schema\/logo\/image\/\",\"url\":\"https:\/\/teswic.com\/wp-content\/uploads\/2020\/04\/Teswic150x30.png\",\"contentUrl\":\"https:\/\/teswic.com\/wp-content\/uploads\/2020\/04\/Teswic150x30.png\",\"width\":150,\"height\":35,\"caption\":\"Teswic Technologies\"},\"image\":{\"@id\":\"https:\/\/teswic.com\/#\/schema\/logo\/image\/\"},\"sameAs\":[\"https:\/\/www.linkedin.com\/company\/teswic-technologies\",\"https:\/\/www.youtube.com\/channel\/UCfleVzQ0OZ-NIJkLOpOBjaQ\"]}]}<\/script>\n<!-- \/ Yoast SEO plugin. -->","yoast_head_json":{"title":"Pol\u00edtica de privacidad Plastic bottle and can crushers Manual | with collection container","description":"Manual compactors for plastic bottles and beverage cans equipped with a collection container. Easy and fast operation. For outdoor use.","robots":{"index":"index","follow":"follow","max-snippet":"max-snippet:-1","max-image-preview":"max-image-preview:large","max-video-preview":"max-video-preview:-1"},"canonical":"https:\/\/teswic.com\/es\/sobre-nosotros\/datenschutzerklaerung\/","og_locale":"es_ES","og_type":"article","og_title":"Pol\u00edtica de privacidad Plastic bottle and can crushers Manual | with collection container","og_description":"Manual compactors for plastic bottles and beverage cans equipped with a collection container. Easy and fast operation. For outdoor use.","og_url":"https:\/\/teswic.com\/es\/sobre-nosotros\/datenschutzerklaerung\/","og_site_name":"Collect recyclables in compressed form.","article_modified_time":"2021-08-11T07:20:52+00:00","twitter_card":"summary_large_image","twitter_misc":{"Tiempo de lectura":"4 minutos"},"schema":{"@context":"https:\/\/schema.org","@graph":[{"@type":"WebPage","@id":"https:\/\/teswic.com\/es\/sobre-nosotros\/datenschutzerklaerung\/","url":"https:\/\/teswic.com\/es\/sobre-nosotros\/datenschutzerklaerung\/","name":"Pol\u00edtica de privacidad Plastic bottle and can crushers Manual | with collection container","isPartOf":{"@id":"https:\/\/teswic.com\/#website"},"datePublished":"2019-09-20T07:16:03+00:00","dateModified":"2021-08-11T07:20:52+00:00","description":"Manual compactors for plastic bottles and beverage cans equipped with a collection container. Easy and fast operation. For outdoor use.","breadcrumb":{"@id":"https:\/\/teswic.com\/es\/sobre-nosotros\/datenschutzerklaerung\/#breadcrumb"},"inLanguage":"es","potentialAction":[{"@type":"ReadAction","target":["https:\/\/teswic.com\/es\/sobre-nosotros\/datenschutzerklaerung\/"]}]},{"@type":"BreadcrumbList","@id":"https:\/\/teswic.com\/es\/sobre-nosotros\/datenschutzerklaerung\/#breadcrumb","itemListElement":[{"@type":"ListItem","position":1,"name":"Startseite","item":"https:\/\/teswic.com\/es\/"},{"@type":"ListItem","position":2,"name":"Sobre nosotros","item":"https:\/\/teswic.com\/es\/sobre-nosotros\/"},{"@type":"ListItem","position":3,"name":"Pol\u00edtica de privacidad"}]},{"@type":"WebSite","@id":"https:\/\/teswic.com\/#website","url":"https:\/\/teswic.com\/","name":"Collect recyclables in compressed form.","description":"Manual compaction of empties. ","publisher":{"@id":"https:\/\/teswic.com\/#organization"},"potentialAction":[{"@type":"SearchAction","target":{"@type":"EntryPoint","urlTemplate":"https:\/\/teswic.com\/?s={search_term_string}"},"query-input":"required name=search_term_string"}],"inLanguage":"es"},{"@type":"Organization","@id":"https:\/\/teswic.com\/#organization","name":"Teswic Technologies","url":"https:\/\/teswic.com\/","logo":{"@type":"ImageObject","inLanguage":"es","@id":"https:\/\/teswic.com\/#\/schema\/logo\/image\/","url":"https:\/\/teswic.com\/wp-content\/uploads\/2020\/04\/Teswic150x30.png","contentUrl":"https:\/\/teswic.com\/wp-content\/uploads\/2020\/04\/Teswic150x30.png","width":150,"height":35,"caption":"Teswic Technologies"},"image":{"@id":"https:\/\/teswic.com\/#\/schema\/logo\/image\/"},"sameAs":["https:\/\/www.linkedin.com\/company\/teswic-technologies","https:\/\/www.youtube.com\/channel\/UCfleVzQ0OZ-NIJkLOpOBjaQ"]}]}},"_links":{"self":[{"href":"https:\/\/teswic.com\/es\/wp-json\/wp\/v2\/pages\/2418","targetHints":{"allow":["GET"]}}],"collection":[{"href":"https:\/\/teswic.com\/es\/wp-json\/wp\/v2\/pages"}],"about":[{"href":"https:\/\/teswic.com\/es\/wp-json\/wp\/v2\/types\/page"}],"author":[{"embeddable":true,"href":"https:\/\/teswic.com\/es\/wp-json\/wp\/v2\/users\/1"}],"replies":[{"embeddable":true,"href":"https:\/\/teswic.com\/es\/wp-json\/wp\/v2\/comments?post=2418"}],"version-history":[{"count":4,"href":"https:\/\/teswic.com\/es\/wp-json\/wp\/v2\/pages\/2418\/revisions"}],"predecessor-version":[{"id":2422,"href":"https:\/\/teswic.com\/es\/wp-json\/wp\/v2\/pages\/2418\/revisions\/2422"}],"up":[{"embeddable":true,"href":"https:\/\/teswic.com\/es\/wp-json\/wp\/v2\/pages\/1148"}],"wp:attachment":[{"href":"https:\/\/teswic.com\/es\/wp-json\/wp\/v2\/media?parent=2418"}],"curies":[{"name":"wp","href":"https:\/\/api.w.org\/{rel}","templated":true}]}}