{"id":111,"date":"2018-10-22T12:11:44","date_gmt":"2018-10-22T10:11:44","guid":{"rendered":"http:\/\/teswic.com\/?page_id=111"},"modified":"2020-11-19T10:45:39","modified_gmt":"2020-11-19T09:45:39","slug":"compactage-bouteilles-plastiques","status":"publish","type":"page","link":"https:\/\/teswic.com\/fr\/compactage-bouteilles-plastiques\/","title":{"rendered":"COLLECT &#038; COMPACT"},"content":{"rendered":"\r\n<h2 class=\"wp-block-heading\">Compactage des bouteilles en plastique au point de collecte<\/h2>\r\n\r\n\r\n\r\n<h3 class=\"wp-block-heading\">\u00a0\u00a0 permet une logistique raisonnable<\/h3>\r\n\r\n\r\n\r\n<h3 class=\"wp-block-heading\">\u00a0\u00a0\u00a0\u00a0\u00a0 pour la collecte d\u00e9centralis\u00e9e<\/h3>\r\n\r\n\r\n\r\n<h3 class=\"wp-block-heading\">\u00a0\u00a0\u00a0\u00a0\u00a0\u00a0\u00a0\u00a0 augmente les taux de collecte<\/h3>\r\n\r\n\r\n\r\n<p>&nbsp;<\/p>\r\n\r\n\r\n\r\n<div id=\"attachment_610\" class=\"wp-block-image wp-caption alignnone\" style=\"text-align: left;\">\r\n<figure class=\"aligncenter\"><img loading=\"lazy\" decoding=\"async\" class=\"alignnone wp-image-610\" title=\"Compactage des bouteilles en plastique avec Collect &amp; Compact\" src=\"http:\/\/teswic.com\/wp-content\/uploads\/2020\/09\/CollectCompact_PET-bottle-compaction-collection-200x300.jpg\" alt=\"Compactage des bouteilles en plastique avec Collect &amp; Compact\" width=\"200\" height=\"300\" srcset=\"https:\/\/teswic.com\/wp-content\/uploads\/2020\/09\/CollectCompact_PET-bottle-compaction-collection-200x300.jpg 200w, https:\/\/teswic.com\/wp-content\/uploads\/2020\/09\/CollectCompact_PET-bottle-compaction-collection-684x1024.jpg 684w, https:\/\/teswic.com\/wp-content\/uploads\/2020\/09\/CollectCompact_PET-bottle-compaction-collection-768x1149.jpg 768w, https:\/\/teswic.com\/wp-content\/uploads\/2020\/09\/CollectCompact_PET-bottle-compaction-collection-1026x1536.jpg 1026w, https:\/\/teswic.com\/wp-content\/uploads\/2020\/09\/CollectCompact_PET-bottle-compaction-collection.jpg 1200w\" sizes=\"auto, (max-width: 200px) 100vw, 200px\" \/>\r\n<figcaption>COLLECT &amp; COMPACT<\/figcaption>\r\n<\/figure>\r\n<\/div>\r\n\r\n\r\n\r\n<h3>Collect &amp; Compact permet<\/h3>\r\n<ul class=\"wp-block-list\">\r\n<li style=\"text-align: left;\">Le compactage des bouteilles en plastique de 0,5l \u00e0 2,0l<\/li>\r\n<li>Le compactage des bouteilles ferm\u00e9es<\/li>\r\n<li>Le compactage de jusau&#8217;\u00e0 400 bouteilles par heure<\/li>\r\n<\/ul>\r\n<p>&nbsp;<\/p>\r\n\r\n\r\n\r\n<figure class=\"wp-block-image size-large\">\r\n<div id=\"attachment_1079\" style=\"width: 610px\" class=\"wp-caption alignnone\"><img loading=\"lazy\" decoding=\"async\" aria-describedby=\"caption-attachment-1079\" class=\"wp-image-1079\" title=\"Compactage des bouteilles en plastique par TESWIC\" src=\"https:\/\/teswic.com\/wp-content\/uploads\/2020\/10\/Flasche_15l_600x450.jpg\" alt=\"Compactage des bouteilles en plastique par TESWIC\" width=\"600\" height=\"450\" srcset=\"https:\/\/teswic.com\/wp-content\/uploads\/2020\/10\/Flasche_15l_600x450.jpg 600w, https:\/\/teswic.com\/wp-content\/uploads\/2020\/10\/Flasche_15l_600x450-300x225.jpg 300w\" sizes=\"auto, (max-width: 600px) 100vw, 600px\" \/><p id=\"caption-attachment-1079\" class=\"wp-caption-text\">1,5l bouteille<\/p><\/div>\r\n<\/figure>\r\n\r\n\r\n\r\n<h3 class=\"wp-block-heading\">Des propri\u00e9t\u00e9s convaincantes<\/h3>\r\n\r\n\r\n\r\n<ul class=\"wp-block-list\">\r\n<li>Perforation des bouteilles: c&#8217;est une pr\u00e9misse parfaite pour le transport et pour le compactage des bouteilles dans une presse \u00e0 balles.<\/li>\r\n<li>Bo\u00eet de taille flexible: Permet l&#8217;utilisation des conteneurs locaux. Vous pouvez \u00e9galement utiliser un sac en plastique.<\/li>\r\n<li>Installation \u00e0 l&#8217;ext\u00e9rieur. Aucune alimentation \u00e9lectrique requise.<\/li>\r\n<\/ul>\r\n\r\n\r\n\r\n<p>&nbsp;<\/p>\r\n\r\n\r\n\r\n<p>Regardez le vid\u00e9o <a href=\"https:\/\/www.youtube.com\/watch?v=A81Oq13vEdA\" target=\"_blank\" rel=\"noreferrer noopener\"><img loading=\"lazy\" decoding=\"async\" width=\"75\" height=\"42\" class=\"wp-image-917\" style=\"width: 75px;\" src=\"https:\/\/teswic.com\/wp-content\/uploads\/2020\/09\/YouTubeLogo.png\" alt=\"\" \/><\/a><\/p>\r\n\r\n\r\n\r\n<p>&nbsp;<\/p>\r\n\r\n\r\n\r\n<h2 class=\"wp-block-heading\">Questions et r\u00e9ponses sur le compactage des bouteilles en plastique avec Collect &amp; Compact<\/h2>\r\n\r\n\r\n\r\n<h4 class=\"wp-block-heading\">Quels sortes de bouteilles en plastique compacte Colllect &amp; Compact?<\/h4>\r\n\r\n\r\n\r\n<ul class=\"wp-block-list\">\r\n<li><strong>Bouteilles PET individuelles, vides et jetables.<\/strong> Peu importe que les bouteilles soient aliment\u00e9es ouvertes ou <strong>ferm\u00e9es<\/strong>. Jusqu\u2019\u00e0 un diam\u00e8tre de 9 cm et une longueur de 35 cm Collect &amp; Compact comprime chaque bouteille. Dans la pluspart des cas \u00e7a correspond \u00e0 une bouteille de 2,0 l.<\/li>\r\n<li>Tetra Paks.<\/li>\r\n<\/ul>\r\n\r\n\r\n\r\n<h4 class=\"wp-block-heading\"><img loading=\"lazy\" decoding=\"async\" class=\"size-medium wp-image-376 alignright\" src=\"http:\/\/teswic.com\/wp-content\/uploads\/2019\/10\/VerpressteFlascghe_aussgeschnitten_blau_kleine-Aufl\u00f6sung-300x73.png\" alt=\"\" width=\"300\" height=\"73\" srcset=\"https:\/\/teswic.com\/wp-content\/uploads\/2019\/10\/VerpressteFlascghe_aussgeschnitten_blau_kleine-Aufl\u00f6sung-300x73.png 300w, https:\/\/teswic.com\/wp-content\/uploads\/2019\/10\/VerpressteFlascghe_aussgeschnitten_blau_kleine-Aufl\u00f6sung.png 639w\" sizes=\"auto, (max-width: 300px) 100vw, 300px\" \/>O\u00f9 peut-on installer Collect &amp; Compact ?<\/h4>\r\n\r\n\r\n\r\n<p>Collect &amp; Compact peut \u00eatre mis en place pratiquement n\u2019importe o\u00f9 :<\/p>\r\n\r\n\r\n\r\n<ul class=\"wp-block-list\">\r\n<li>Aux points de collecte publics tels que les stations service des autoroutes, les stades, les a\u00e9roports, les gares, les routes, les plages, etc.<\/li>\r\n<li>Au point de collecte des d\u00e9chets des immeubles d\u2019habitation.<\/li>\r\n<li>Mobile sur des remorques.<\/li>\r\n<\/ul>\r\n\r\n\r\n\r\n\r\n\r\n<h4 class=\"wp-block-heading\">Quelles sont les exigences impos\u00e9es par Collect &amp; Compact sur le site d\u2019installation ?<\/h4>\r\n\r\n\r\n\r\n<ul class=\"wp-block-list\">\r\n<li>Aucune connexion \u00e9lectrique n\u2019est n\u00e9cessaire. Les bouteilles sont press\u00e9es individuellement \u00e0 la main par l\u2019op\u00e9rateur.<\/li>\r\n<li>Collect &amp; Compact est id\u00e9alement adapt\u00e9e \u00e0 une utilisation en ext\u00e9rieur car elle est fabriqu\u00e9e en acier inoxydable de haute qualit\u00e9.<\/li>\r\n<li>Une surface plane d\u2019environ 2 m\u00b2 est n\u00e9cessaire.<\/li>\r\n<\/ul>\r\n\r\n\r\n\r\n<h4 class=\"wp-block-heading\">Quels sont les avantages de Collect &amp; Compact pour l\u2019op\u00e9rateur ?<\/h4>\r\n\r\n\r\n\r\n<ul class=\"wp-block-list\">\r\n<li>Collect &amp; Compact est un syst\u00e8me de collecte d\u00e9centralis\u00e9. Il peut \u00eatre mis en place pratiquement partout. En tant qu&#8217;op\u00e9rateur, on peux donc renvoyer les bouteilles en plastique \u00e0 beaucoup d&#8217;endroits.<\/li>\r\n<li>L&#8217;exp\u00e9rience montre que les taux de collecte augmentent lorsqu&#8217;on a plus de possibilit\u00e9s de se d\u00e9barrasser correctement des bouteilles.<\/li>\r\n<li>La collecte s\u00e9par\u00e9e des bouteilles en PET permet de les recycler de mani\u00e8re cibl\u00e9e.<\/li>\r\n<\/ul>\r\n\r\n\r\n\r\n<ul class=\"wp-block-list\">\r\n<li><a href=\"https:\/\/teswic.com\/fr\/ressource-pet\/pourquoi-compacter-au-point-de-collecte\/\">La logistique des bouteilles vides<\/a> est am\u00e9lior\u00e9e. Les v\u00e9hicules de collecte transportent moins d\u2019air mais plus de PET. Et les v\u00e9hicules ne viennent aussi souvent, car beaucoup plus de bouteilles entrent dans le conteneur de collecte.<\/li>\r\n<li>Chacun peut apporter sa contribution au recyclage et \u00e0 la r\u00e9duction des \u00e9missions de CO\u00b2.<\/li>\r\n<\/ul>\r\n\r\n\r\n\r\n<h4 class=\"wp-block-heading\">Quels sont les avantages de Collect &amp; Compact pour une entreprise d\u2019\u00e9limination des d\u00e9chets ?<\/h4>\r\n\r\n\r\n\r\n<ul class=\"wp-block-list\">\r\n<li>Collect &amp; Compact peut \u00eatre mis en place de mani\u00e8re <strong>flexible<\/strong>, car il ne n\u00e9cessite ni \u00e9lectricit\u00e9 ni toit. On peut proc\u00e9der \u00e0 une collecte d\u00e9centralis\u00e9e et ainsi augmenter consid\u00e9rablement le taux de collecte.<\/li>\r\n<li>En comprimant les bouteilles lors de l\u2019insertion, on allonge les intervalles auxquels un r\u00e9cipient doit \u00eatre vid\u00e9. Dans le cas id\u00e9al, ils doublent.<\/li>\r\n<li>Le syst\u00e8me Collect &amp; Compact <strong>perfore<\/strong> chaque bouteille. Un camion \u00e0 ordures \u00e9quip\u00e9 d\u2019un compacteur peut comprimer encore plus les bouteilles collect\u00e9es et augmenter ainsi la capacit\u00e9 de chargement. La rentabilit\u00e9 du transport est accrue.<\/li>\r\n<li>Une bouteille d\u00e9j\u00e0 perfor\u00e9e peut \u00eatre aliment\u00e9e directement dans une presse \u00e0 balle \u00e0 canal. Une perforation additionnelle n\u2019est pas n\u00e9cessaire.<\/li>\r\n<li>On contribue \u00e0 la r\u00e9alisation des <a href=\"https:\/\/teswic.com\/fr\/pet-im-fokus-der-eu\/\">exigences de l&#8217;UE<\/a>.<\/li>\r\n<\/ul>\r\n\r\n\r\n\r\n<h4 class=\"wp-block-heading\">Quels conteneurs de collecte peuvent \u00eatre utilis\u00e9s ?<\/h4>\r\n\r\n\r\n\r\n<ul class=\"wp-block-list\">\r\n<li>Gr\u00e2ce \u00e0 son type de construction, la taille de la bo\u00eete peut facilement \u00eatre adapt\u00e9e aux dimensions des conteneurs de d\u00e9chets locaux.<\/li>\r\n<li>Il est \u00e9galement possible d\u2019accrocher un sac en plastique dans la bo\u00eete.<\/li>\r\n<li>La porte de la bo\u00eete est \u00e9quip\u00e9e d\u2019une serrure de s\u00e9curit\u00e9.<\/li>\r\n<\/ul>\r\n\r\n\r\n\r\n<h4 class=\"wp-block-heading\">Comment peut-on nettoyer Collect &amp; Compact ?<\/h4>\r\n\r\n\r\n\r\n<ul class=\"wp-block-list\">\r\n<li>En utilisant de l\u2019acier inoxydable de haute qualit\u00e9, la presse et le bo\u00eetier peuvent \u00eatre nettoy\u00e9s avec un nettoyeur \u00e0 haute pression.<\/li>\r\n<li>Gr\u00e2ce \u00e0 la technologie sp\u00e9ciale de la presse, de petites quantit\u00e9s de liquide r\u00e9siduel restent dans la bouteille. Des quantit\u00e9s plus \u00e9lev\u00e9es s\u2019\u00e9gouttent directement dans le r\u00e9cipient de collecte.<\/li>\r\n<\/ul>\r\n\r\n\r\n\r\n<h4 class=\"wp-block-heading\">Quelles sont les variantes d\u2019application disponibles ?<\/h4>\r\n\r\n\r\n\r\n<ul class=\"wp-block-list\">\r\n<li>Bo\u00eetier de collecte, dans lequel une poubelle standardis\u00e9e peut \u00eatre plac\u00e9e.<\/li>\r\n<li>Bo\u00eetier de collecte avec un sac plastique de collecte.<\/li>\r\n<li>Accessoires pour les syst\u00e8mes souterrains.<\/li>\r\n<\/ul>\r\n\r\n\r\n\r\n<h2 class=\"wp-block-heading\">\u00a0<\/h2>\r\n\r\n\r\n\r\n<h2 class=\"wp-block-heading\">Donn\u00e9es techniques de Collect &amp; Compact<\/h2>\r\n\r\n\r\n\r\n<figure class=\"wp-block-table\">\r\n<table>\r\n<tbody>\r\n<tr>\r\n<td>Diam\u00e8tre bouteille max.<\/td>\r\n<td>\u00a090 mm<\/td>\r\n<\/tr>\r\n<tr>\r\n<td>Longueur bouteille<\/td>\r\n<td>150-350 mm<\/td>\r\n<\/tr>\r\n<tr>\r\n<td>Support mobile pour les sacs de d\u00e9chets de<\/td>\r\n<td>120 litres<\/td>\r\n<\/tr>\r\n<tr>\r\n<td>Dimensions porte d\u2019ouverture<\/td>\r\n<td>L 480 x H 980 mm<\/td>\r\n<\/tr>\r\n<tr>\r\n<td>Dimensions machine<\/td>\r\n<td>L 825 x L 585 x H 1455 mm<\/td>\r\n<\/tr>\r\n<tr>\r\n<td>Hauteur max.<\/td>\r\n<td>H 1710 mm<\/td>\r\n<\/tr>\r\n<tr>\r\n<td>Poids<\/td>\r\n<td>47 kg<\/td>\r\n<\/tr>\r\n<\/tbody>\r\n<\/table>\r\n<\/figure>\r\n\r\n\r\n\r\n<p>&nbsp;<\/p>\r\n<p>&nbsp;<\/p>\r\n<p>&nbsp;<\/p>\r\n<p>&nbsp;<\/p>\r\n<p>&nbsp;<\/p>\r\n<p>&nbsp;<\/p>\r\n<p>&nbsp;<\/p>\r\n<p>&nbsp;<\/p>\r\n<p>&nbsp;<\/p>\r\n<p>&nbsp;<\/p>\r\n<p>&nbsp;<\/p>\r\n<p>&nbsp;<\/p>\r\n<p>&nbsp;<\/p>\r\n<p>&nbsp;<\/p>\r\n<p>&nbsp;<\/p>\r\n<p>&nbsp;<\/p>\r\n<p>&nbsp;<\/p>\r\n<p>&nbsp;<\/p>\r\n<p>&nbsp;<\/p>\r\n<p>&nbsp;<\/p>\r\n<p>&nbsp;<\/p>\r\n<p>&nbsp;<\/p>\r\n","protected":false},"excerpt":{"rendered":"<p>Collect &#038; Compact \u2013 Le compactage manuel des bouteilles en PET au point de collecte. Ind\u00e9pendant du syst\u00e8me d&#8217;alimentation \u00e9lectrique. Prend jusqu&#8217;\u00e0 400 bouteilles par heure.<br \/>\nPour une logistique raisonnable. Pour des taux de collecte plus \u00e9lv\u00e9s. Pour r\u00e9duire les montagnes de d\u00e9chets.<\/p>\n","protected":false},"author":1,"featured_media":910,"parent":0,"menu_order":0,"comment_status":"closed","ping_status":"closed","template":"","meta":{"footnotes":""},"class_list":["post-111","page","type-page","status-publish","has-post-thumbnail","hentry"],"yoast_head":"<!-- This site is optimized with the Yoast SEO plugin v20.3 - https:\/\/yoast.com\/wordpress\/plugins\/seo\/ -->\n<title>Compactage des bouteilles en plastique | Collect &amp; Compact | TESWIC<\/title>\n<meta name=\"description\" content=\"Compactage manuel des bouteilles en plastique au point de collecte. Sans \u00e9lectricit\u00e9. Compacte bouteilles ferm\u00e9es. Max. 400 bouteilles\/heure.\" \/>\n<meta name=\"robots\" content=\"index, follow, max-snippet:-1, max-image-preview:large, max-video-preview:-1\" \/>\n<link rel=\"canonical\" href=\"https:\/\/teswic.com\/fr\/compactage-bouteilles-plastiques\/\" \/>\n<meta property=\"og:locale\" content=\"fr_FR\" \/>\n<meta property=\"og:type\" content=\"article\" \/>\n<meta property=\"og:title\" content=\"Compactage des bouteilles en plastique | Collect &amp; Compact | TESWIC\" \/>\n<meta property=\"og:description\" content=\"Compactage manuel des bouteilles en plastique au point de collecte. Sans \u00e9lectricit\u00e9. Compacte bouteilles ferm\u00e9es. Max. 400 bouteilles\/heure.\" \/>\n<meta property=\"og:url\" content=\"https:\/\/teswic.com\/fr\/compactage-bouteilles-plastiques\/\" \/>\n<meta property=\"og:site_name\" content=\"Collect recyclables in compressed form.\" \/>\n<meta property=\"article:modified_time\" content=\"2020-11-19T09:45:39+00:00\" \/>\n<meta property=\"og:image\" content=\"https:\/\/teswic.com\/wp-content\/uploads\/2020\/09\/Presse_mitFlascheGriff_freigestellt.jpg\" \/>\n\t<meta property=\"og:image:width\" content=\"2560\" \/>\n\t<meta property=\"og:image:height\" content=\"1920\" \/>\n\t<meta property=\"og:image:type\" content=\"image\/jpeg\" \/>\n<meta name=\"twitter:card\" content=\"summary_large_image\" \/>\n<meta name=\"twitter:label1\" content=\"Dur\u00e9e de lecture estim\u00e9e\" \/>\n\t<meta name=\"twitter:data1\" content=\"4 minutes\" \/>\n<script type=\"application\/ld+json\" class=\"yoast-schema-graph\">{\"@context\":\"https:\/\/schema.org\",\"@graph\":[{\"@type\":\"WebPage\",\"@id\":\"https:\/\/teswic.com\/fr\/compactage-bouteilles-plastiques\/\",\"url\":\"https:\/\/teswic.com\/fr\/compactage-bouteilles-plastiques\/\",\"name\":\"Compactage des bouteilles en plastique | Collect & Compact | TESWIC\",\"isPartOf\":{\"@id\":\"https:\/\/teswic.com\/#website\"},\"datePublished\":\"2018-10-22T10:11:44+00:00\",\"dateModified\":\"2020-11-19T09:45:39+00:00\",\"description\":\"Compactage manuel des bouteilles en plastique au point de collecte. Sans \u00e9lectricit\u00e9. Compacte bouteilles ferm\u00e9es. Max. 400 bouteilles\/heure.\",\"breadcrumb\":{\"@id\":\"https:\/\/teswic.com\/fr\/compactage-bouteilles-plastiques\/#breadcrumb\"},\"inLanguage\":\"fr-FR\",\"potentialAction\":[{\"@type\":\"ReadAction\",\"target\":[\"https:\/\/teswic.com\/fr\/compactage-bouteilles-plastiques\/\"]}]},{\"@type\":\"BreadcrumbList\",\"@id\":\"https:\/\/teswic.com\/fr\/compactage-bouteilles-plastiques\/#breadcrumb\",\"itemListElement\":[{\"@type\":\"ListItem\",\"position\":1,\"name\":\"Startseite\",\"item\":\"https:\/\/teswic.com\/fr\/\"},{\"@type\":\"ListItem\",\"position\":2,\"name\":\"manual PET compaction\"}]},{\"@type\":\"WebSite\",\"@id\":\"https:\/\/teswic.com\/#website\",\"url\":\"https:\/\/teswic.com\/\",\"name\":\"Collect recyclables in compressed form.\",\"description\":\"Manual compaction of empties. \",\"publisher\":{\"@id\":\"https:\/\/teswic.com\/#organization\"},\"potentialAction\":[{\"@type\":\"SearchAction\",\"target\":{\"@type\":\"EntryPoint\",\"urlTemplate\":\"https:\/\/teswic.com\/?s={search_term_string}\"},\"query-input\":\"required name=search_term_string\"}],\"inLanguage\":\"fr-FR\"},{\"@type\":\"Organization\",\"@id\":\"https:\/\/teswic.com\/#organization\",\"name\":\"Teswic Technologies\",\"url\":\"https:\/\/teswic.com\/\",\"logo\":{\"@type\":\"ImageObject\",\"inLanguage\":\"fr-FR\",\"@id\":\"https:\/\/teswic.com\/#\/schema\/logo\/image\/\",\"url\":\"https:\/\/teswic.com\/wp-content\/uploads\/2020\/04\/Teswic150x30.png\",\"contentUrl\":\"https:\/\/teswic.com\/wp-content\/uploads\/2020\/04\/Teswic150x30.png\",\"width\":150,\"height\":35,\"caption\":\"Teswic Technologies\"},\"image\":{\"@id\":\"https:\/\/teswic.com\/#\/schema\/logo\/image\/\"},\"sameAs\":[\"https:\/\/www.linkedin.com\/company\/teswic-technologies\",\"https:\/\/www.youtube.com\/channel\/UCfleVzQ0OZ-NIJkLOpOBjaQ\"]}]}<\/script>\n<!-- \/ Yoast SEO plugin. -->","yoast_head_json":{"title":"Compactage des bouteilles en plastique | Collect & Compact | TESWIC","description":"Compactage manuel des bouteilles en plastique au point de collecte. Sans \u00e9lectricit\u00e9. Compacte bouteilles ferm\u00e9es. Max. 400 bouteilles\/heure.","robots":{"index":"index","follow":"follow","max-snippet":"max-snippet:-1","max-image-preview":"max-image-preview:large","max-video-preview":"max-video-preview:-1"},"canonical":"https:\/\/teswic.com\/fr\/compactage-bouteilles-plastiques\/","og_locale":"fr_FR","og_type":"article","og_title":"Compactage des bouteilles en plastique | Collect & Compact | TESWIC","og_description":"Compactage manuel des bouteilles en plastique au point de collecte. Sans \u00e9lectricit\u00e9. Compacte bouteilles ferm\u00e9es. Max. 400 bouteilles\/heure.","og_url":"https:\/\/teswic.com\/fr\/compactage-bouteilles-plastiques\/","og_site_name":"Collect recyclables in compressed form.","article_modified_time":"2020-11-19T09:45:39+00:00","og_image":[{"width":2560,"height":1920,"url":"https:\/\/teswic.com\/wp-content\/uploads\/2020\/09\/Presse_mitFlascheGriff_freigestellt.jpg","type":"image\/jpeg"}],"twitter_card":"summary_large_image","twitter_misc":{"Dur\u00e9e de lecture estim\u00e9e":"4 minutes"},"schema":{"@context":"https:\/\/schema.org","@graph":[{"@type":"WebPage","@id":"https:\/\/teswic.com\/fr\/compactage-bouteilles-plastiques\/","url":"https:\/\/teswic.com\/fr\/compactage-bouteilles-plastiques\/","name":"Compactage des bouteilles en plastique | Collect & Compact | TESWIC","isPartOf":{"@id":"https:\/\/teswic.com\/#website"},"datePublished":"2018-10-22T10:11:44+00:00","dateModified":"2020-11-19T09:45:39+00:00","description":"Compactage manuel des bouteilles en plastique au point de collecte. Sans \u00e9lectricit\u00e9. Compacte bouteilles ferm\u00e9es. Max. 400 bouteilles\/heure.","breadcrumb":{"@id":"https:\/\/teswic.com\/fr\/compactage-bouteilles-plastiques\/#breadcrumb"},"inLanguage":"fr-FR","potentialAction":[{"@type":"ReadAction","target":["https:\/\/teswic.com\/fr\/compactage-bouteilles-plastiques\/"]}]},{"@type":"BreadcrumbList","@id":"https:\/\/teswic.com\/fr\/compactage-bouteilles-plastiques\/#breadcrumb","itemListElement":[{"@type":"ListItem","position":1,"name":"Startseite","item":"https:\/\/teswic.com\/fr\/"},{"@type":"ListItem","position":2,"name":"manual PET compaction"}]},{"@type":"WebSite","@id":"https:\/\/teswic.com\/#website","url":"https:\/\/teswic.com\/","name":"Collect recyclables in compressed form.","description":"Manual compaction of empties. ","publisher":{"@id":"https:\/\/teswic.com\/#organization"},"potentialAction":[{"@type":"SearchAction","target":{"@type":"EntryPoint","urlTemplate":"https:\/\/teswic.com\/?s={search_term_string}"},"query-input":"required name=search_term_string"}],"inLanguage":"fr-FR"},{"@type":"Organization","@id":"https:\/\/teswic.com\/#organization","name":"Teswic Technologies","url":"https:\/\/teswic.com\/","logo":{"@type":"ImageObject","inLanguage":"fr-FR","@id":"https:\/\/teswic.com\/#\/schema\/logo\/image\/","url":"https:\/\/teswic.com\/wp-content\/uploads\/2020\/04\/Teswic150x30.png","contentUrl":"https:\/\/teswic.com\/wp-content\/uploads\/2020\/04\/Teswic150x30.png","width":150,"height":35,"caption":"Teswic Technologies"},"image":{"@id":"https:\/\/teswic.com\/#\/schema\/logo\/image\/"},"sameAs":["https:\/\/www.linkedin.com\/company\/teswic-technologies","https:\/\/www.youtube.com\/channel\/UCfleVzQ0OZ-NIJkLOpOBjaQ"]}]}},"_links":{"self":[{"href":"https:\/\/teswic.com\/fr\/wp-json\/wp\/v2\/pages\/111","targetHints":{"allow":["GET"]}}],"collection":[{"href":"https:\/\/teswic.com\/fr\/wp-json\/wp\/v2\/pages"}],"about":[{"href":"https:\/\/teswic.com\/fr\/wp-json\/wp\/v2\/types\/page"}],"author":[{"embeddable":true,"href":"https:\/\/teswic.com\/fr\/wp-json\/wp\/v2\/users\/1"}],"replies":[{"embeddable":true,"href":"https:\/\/teswic.com\/fr\/wp-json\/wp\/v2\/comments?post=111"}],"version-history":[{"count":50,"href":"https:\/\/teswic.com\/fr\/wp-json\/wp\/v2\/pages\/111\/revisions"}],"predecessor-version":[{"id":1296,"href":"https:\/\/teswic.com\/fr\/wp-json\/wp\/v2\/pages\/111\/revisions\/1296"}],"wp:featuredmedia":[{"embeddable":true,"href":"https:\/\/teswic.com\/fr\/wp-json\/wp\/v2\/media\/910"}],"wp:attachment":[{"href":"https:\/\/teswic.com\/fr\/wp-json\/wp\/v2\/media?parent=111"}],"curies":[{"name":"wp","href":"https:\/\/api.w.org\/{rel}","templated":true}]}}