{"id":678,"date":"2020-09-14T14:32:46","date_gmt":"2020-09-14T12:32:46","guid":{"rendered":"http:\/\/192.168.178.110\/?page_id=678"},"modified":"2020-11-19T10:35:01","modified_gmt":"2020-11-19T09:35:01","slug":"questions-et-reponses","status":"publish","type":"page","link":"https:\/\/teswic.com\/fr\/questions-et-reponses\/","title":{"rendered":"Questions et r\u00e9ponses sur Collect &#038; Compact"},"content":{"rendered":"<h4>Quels sont les emballages de boissons que Collect &amp; Compact peut presser ?<\/h4>\n<ul>\n<li><strong>Bouteilles PET individuelles, vides et jetables.<\/strong> Peu importe que les bouteilles soient aliment\u00e9es ouvertes ou <strong>ferm\u00e9es<\/strong>. Jusqu\u2019\u00e0 un diam\u00e8tre de 9 cm et une longueur de 35 cm (ce qui correspond dans la plupart des cas \u00e0 une bouteille de 2,0 l), Collect &amp; Compact comprime chaque bouteille.<\/li>\n<li>Tetra Paks.<\/li>\n<\/ul>\n<h4><img loading=\"lazy\" decoding=\"async\" class=\"size-medium wp-image-859 alignright\" src=\"https:\/\/teswic.com\/wp-content\/uploads\/2019\/10\/VerpressteFlascghe_aussgeschnitten_blau_kleine-Aufl\u00f6sung-300x73.png\" alt=\"\" width=\"300\" height=\"73\" srcset=\"https:\/\/teswic.com\/wp-content\/uploads\/2019\/10\/VerpressteFlascghe_aussgeschnitten_blau_kleine-Aufl\u00f6sung-300x73.png 300w, https:\/\/teswic.com\/wp-content\/uploads\/2019\/10\/VerpressteFlascghe_aussgeschnitten_blau_kleine-Aufl\u00f6sung.png 639w\" sizes=\"auto, (max-width: 300px) 100vw, 300px\" \/>O\u00f9 peut-on installer Collect &amp; Compact ?<\/h4>\n<p>Collect &amp; Compact peut \u00eatre mis en place pratiquement n\u2019importe o\u00f9 :<\/p>\n<ul>\n<li>Aux points de collecte publics tels que les stations service des autoroutes, les stades, les a\u00e9roports, les gares, les routes, les plages, etc.<\/li>\n<li>Au point de collecte des d\u00e9chets des immeubles d\u2019habitation.<\/li>\n<li>Mobile sur des remorques.<\/li>\n<\/ul>\n<h4>Quelles sont les exigences impos\u00e9es par Collect &amp; Compact sur le site d\u2019installation ?<\/h4>\n<ul>\n<li>Aucune connexion \u00e9lectrique n\u2019est n\u00e9cessaire. Les bouteilles sont press\u00e9es individuellement \u00e0 la main par l\u2019op\u00e9rateur.<\/li>\n<li>Collect &amp; Compact est id\u00e9alement adapt\u00e9e \u00e0 une utilisation en ext\u00e9rieur car elle est fabriqu\u00e9e en acier inoxydable de haute qualit\u00e9.<\/li>\n<li>Une surface plane d\u2019environ 2 m\u00b2 est n\u00e9cessaire.<\/li>\n<\/ul>\n<h4>Quels sont les avantages de Collect &amp; Compact pour l\u2019op\u00e9rateur ?<\/h4>\n<ul>\n<li>Le volume de collecte d\u2019un r\u00e9cipient de collecte augmente lorsque les corps creux sont compact\u00e9s avant d\u2019\u00eatre ins\u00e9r\u00e9s. Le volume des d\u00e9chets est r\u00e9duit, ce qui est un avantage lorsque l\u2019espace de stockage des d\u00e9chets est limit\u00e9.<\/li>\n<li>La collecte s\u00e9par\u00e9e des bouteilles en PET permet de les recycler de mani\u00e8re cibl\u00e9e.<\/li>\n<li>La <a href=\"https:\/\/teswic.com\/fr\/ressource-pet\/pourquoi-compacter-au-point-de-collecte\/\">logistique des bouteilles vides<\/a> est am\u00e9lior\u00e9e. Les v\u00e9hicules de collecte transportent moins d\u2019air mais plus de PET. Ainsi, chacun peut apporter sa contribution \u00e0 la r\u00e9duction des \u00e9missions de CO\u00b2.<\/li>\n<\/ul>\n<h4>Quels sont les avantages de Collect &amp; Compact pour une entreprise d\u2019\u00e9limination des d\u00e9chets ?<\/h4>\n<ul>\n<li>Collect &amp; Compact peut \u00eatre mis en place de mani\u00e8re <strong>flexible<\/strong>, car il ne n\u00e9cessite ni \u00e9lectricit\u00e9 ni toit.<\/li>\n<li>En comprimant les bouteilles lors de l\u2019insertion, on allonge les intervalles auxquels un r\u00e9cipient doit \u00eatre vid\u00e9. Dans le cas id\u00e9al, ils doublent.<\/li>\n<li>Le syst\u00e8me Collect &amp; Compact <strong>perfore<\/strong> chaque bouteille. Un camion \u00e0 ordures \u00e9quip\u00e9 d\u2019un compacteur peut comprimer encore plus les bouteilles collect\u00e9es et augmenter ainsi la capacit\u00e9 de chargement. La rentabilit\u00e9 du transport est accrue.<\/li>\n<li>Une bouteille d\u00e9j\u00e0 perfor\u00e9e peut \u00eatre aliment\u00e9e directement dans une presse \u00e0 balle \u00e0 canal. Une perforation additionnelle n\u2019est pas n\u00e9cessaire.<\/li>\n<li>On contribue \u00e0 la r\u00e9alisation des <a href=\"https:\/\/teswic.com\/fr\/pet-im-fokus-der-eu\/\">exigences de l\u2019UE<\/a>.<\/li>\n<\/ul>\n<h4>Quels conteneurs de collecte peuvent \u00eatre utilis\u00e9s ?<\/h4>\n<ul>\n<li>Gr\u00e2ce \u00e0 son type de construction, la taille de la bo\u00eete peut facilement \u00eatre adapt\u00e9e aux dimensions des conteneurs de d\u00e9chets locaux.<\/li>\n<li>Il est \u00e9galement possible d\u2019accrocher un sac en plastique dans la bo\u00eete.<\/li>\n<li>La porte de la bo\u00eete est \u00e9quip\u00e9e d\u2019une serrure de s\u00e9curit\u00e9.<\/li>\n<\/ul>\n<h4>Comment peut-on nettoyer Collect &amp; Compact ?<\/h4>\n<ul>\n<li>En utilisant de l\u2019acier inoxydable de haute qualit\u00e9, la presse et le bo\u00eetier peuvent \u00eatre nettoy\u00e9s avec un nettoyeur \u00e0 haute pression.<\/li>\n<li>La presse est \u00e9quip\u00e9e d\u2019un volet de service par lequel l\u2019int\u00e9rieur de la presse peut \u00eatre facilement nettoy\u00e9 si n\u00e9cessaire.<\/li>\n<li>Gr\u00e2ce \u00e0 la technologie sp\u00e9ciale de la presse, tout liquide r\u00e9siduel \u00e9ventuellement pr\u00e9sent s\u2019\u00e9goutte directement dans le r\u00e9cipient de collecte.<\/li>\n<\/ul>\n<h4>Quelles sont les variantes d\u2019application disponibles ?<\/h4>\n<ul>\n<li>Bo\u00eetier de collecte, dans lequel une poubelle standardis\u00e9e peut \u00eatre plac\u00e9e.<\/li>\n<li>Bo\u00eetier de collecte avec un sac plastique de collecte.<\/li>\n<li>Accessoires pour les syst\u00e8mes souterrains.<\/li>\n<\/ul>\n<p><a href=\"https:\/\/www.youtube.com\/watch?v=A81Oq13vEdA&amp;t=1s\" target=\"_blank\" rel=\"noopener noreferrer\">Regarder le vid\u00e9o<\/a><\/p>\n<p><a href=\"https:\/\/teswic.com\/fr\/compactage-bouteilles-plastiques\/donnees-techniques\/\">Donn\u00e9es techniques de Collect &amp; Compact<\/a><\/p>\n","protected":false},"excerpt":{"rendered":"<p>Quels sont les emballages de boissons que Collect &amp; Compact peut presser ? Bouteilles PET individuelles, vides et jetables. Peu importe que les bouteilles soient aliment\u00e9es ouvertes ou ferm\u00e9es. Jusqu\u2019\u00e0 un diam\u00e8tre de 9 cm et une longueur de 35 cm (ce qui correspond dans la plupart des cas \u00e0 une bouteille de 2,0 l), [&hellip;]<\/p>\n","protected":false},"author":1,"featured_media":0,"parent":0,"menu_order":0,"comment_status":"closed","ping_status":"closed","template":"","meta":{"footnotes":""},"class_list":["post-678","page","type-page","status-publish","hentry"],"yoast_head":"<!-- This site is optimized with the Yoast SEO plugin v20.3 - https:\/\/yoast.com\/wordpress\/plugins\/seo\/ -->\n<title>Compacter bouteille plastique | Collect &amp; Compact | TESWIC<\/title>\n<meta name=\"description\" content=\"Compactage manuel des bouteilles en plastique au point de collecte. Sans \u00e9lectricit\u00e9. Compacte bouteilles ferm\u00e9es. Max. 400 bouteilles\/heure.\" \/>\n<meta name=\"robots\" content=\"index, follow, max-snippet:-1, max-image-preview:large, max-video-preview:-1\" \/>\n<link rel=\"canonical\" href=\"https:\/\/teswic.com\/fr\/questions-et-reponses\/\" \/>\n<meta property=\"og:locale\" content=\"fr_FR\" \/>\n<meta property=\"og:type\" content=\"article\" \/>\n<meta property=\"og:title\" content=\"Compacter bouteille plastique | Collect &amp; Compact | TESWIC\" \/>\n<meta property=\"og:description\" content=\"Compactage manuel des bouteilles en plastique au point de collecte. Sans \u00e9lectricit\u00e9. Compacte bouteilles ferm\u00e9es. Max. 400 bouteilles\/heure.\" \/>\n<meta property=\"og:url\" content=\"https:\/\/teswic.com\/fr\/questions-et-reponses\/\" \/>\n<meta property=\"og:site_name\" content=\"Collect recyclables in compressed form.\" \/>\n<meta property=\"article:modified_time\" content=\"2020-11-19T09:35:01+00:00\" \/>\n<meta name=\"twitter:card\" content=\"summary_large_image\" \/>\n<meta name=\"twitter:label1\" content=\"Dur\u00e9e de lecture estim\u00e9e\" \/>\n\t<meta name=\"twitter:data1\" content=\"3 minutes\" \/>\n<script type=\"application\/ld+json\" class=\"yoast-schema-graph\">{\"@context\":\"https:\/\/schema.org\",\"@graph\":[{\"@type\":\"WebPage\",\"@id\":\"https:\/\/teswic.com\/fr\/questions-et-reponses\/\",\"url\":\"https:\/\/teswic.com\/fr\/questions-et-reponses\/\",\"name\":\"Compacter bouteille plastique | Collect & Compact | TESWIC\",\"isPartOf\":{\"@id\":\"https:\/\/teswic.com\/#website\"},\"datePublished\":\"2020-09-14T12:32:46+00:00\",\"dateModified\":\"2020-11-19T09:35:01+00:00\",\"description\":\"Compactage manuel des bouteilles en plastique au point de collecte. Sans \u00e9lectricit\u00e9. Compacte bouteilles ferm\u00e9es. Max. 400 bouteilles\/heure.\",\"breadcrumb\":{\"@id\":\"https:\/\/teswic.com\/fr\/questions-et-reponses\/#breadcrumb\"},\"inLanguage\":\"fr-FR\",\"potentialAction\":[{\"@type\":\"ReadAction\",\"target\":[\"https:\/\/teswic.com\/fr\/questions-et-reponses\/\"]}]},{\"@type\":\"BreadcrumbList\",\"@id\":\"https:\/\/teswic.com\/fr\/questions-et-reponses\/#breadcrumb\",\"itemListElement\":[{\"@type\":\"ListItem\",\"position\":1,\"name\":\"Startseite\",\"item\":\"https:\/\/teswic.com\/fr\/\"},{\"@type\":\"ListItem\",\"position\":2,\"name\":\"Questions et r\u00e9ponses sur Collect &#038; Compact\"}]},{\"@type\":\"WebSite\",\"@id\":\"https:\/\/teswic.com\/#website\",\"url\":\"https:\/\/teswic.com\/\",\"name\":\"Collect recyclables in compressed form.\",\"description\":\"Manual compaction of empties. \",\"publisher\":{\"@id\":\"https:\/\/teswic.com\/#organization\"},\"potentialAction\":[{\"@type\":\"SearchAction\",\"target\":{\"@type\":\"EntryPoint\",\"urlTemplate\":\"https:\/\/teswic.com\/?s={search_term_string}\"},\"query-input\":\"required name=search_term_string\"}],\"inLanguage\":\"fr-FR\"},{\"@type\":\"Organization\",\"@id\":\"https:\/\/teswic.com\/#organization\",\"name\":\"Teswic Technologies\",\"url\":\"https:\/\/teswic.com\/\",\"logo\":{\"@type\":\"ImageObject\",\"inLanguage\":\"fr-FR\",\"@id\":\"https:\/\/teswic.com\/#\/schema\/logo\/image\/\",\"url\":\"https:\/\/teswic.com\/wp-content\/uploads\/2020\/04\/Teswic150x30.png\",\"contentUrl\":\"https:\/\/teswic.com\/wp-content\/uploads\/2020\/04\/Teswic150x30.png\",\"width\":150,\"height\":35,\"caption\":\"Teswic Technologies\"},\"image\":{\"@id\":\"https:\/\/teswic.com\/#\/schema\/logo\/image\/\"},\"sameAs\":[\"https:\/\/www.linkedin.com\/company\/teswic-technologies\",\"https:\/\/www.youtube.com\/channel\/UCfleVzQ0OZ-NIJkLOpOBjaQ\"]}]}<\/script>\n<!-- \/ Yoast SEO plugin. -->","yoast_head_json":{"title":"Compacter bouteille plastique | Collect & Compact | TESWIC","description":"Compactage manuel des bouteilles en plastique au point de collecte. Sans \u00e9lectricit\u00e9. Compacte bouteilles ferm\u00e9es. Max. 400 bouteilles\/heure.","robots":{"index":"index","follow":"follow","max-snippet":"max-snippet:-1","max-image-preview":"max-image-preview:large","max-video-preview":"max-video-preview:-1"},"canonical":"https:\/\/teswic.com\/fr\/questions-et-reponses\/","og_locale":"fr_FR","og_type":"article","og_title":"Compacter bouteille plastique | Collect & Compact | TESWIC","og_description":"Compactage manuel des bouteilles en plastique au point de collecte. Sans \u00e9lectricit\u00e9. Compacte bouteilles ferm\u00e9es. Max. 400 bouteilles\/heure.","og_url":"https:\/\/teswic.com\/fr\/questions-et-reponses\/","og_site_name":"Collect recyclables in compressed form.","article_modified_time":"2020-11-19T09:35:01+00:00","twitter_card":"summary_large_image","twitter_misc":{"Dur\u00e9e de lecture estim\u00e9e":"3 minutes"},"schema":{"@context":"https:\/\/schema.org","@graph":[{"@type":"WebPage","@id":"https:\/\/teswic.com\/fr\/questions-et-reponses\/","url":"https:\/\/teswic.com\/fr\/questions-et-reponses\/","name":"Compacter bouteille plastique | Collect & Compact | TESWIC","isPartOf":{"@id":"https:\/\/teswic.com\/#website"},"datePublished":"2020-09-14T12:32:46+00:00","dateModified":"2020-11-19T09:35:01+00:00","description":"Compactage manuel des bouteilles en plastique au point de collecte. Sans \u00e9lectricit\u00e9. Compacte bouteilles ferm\u00e9es. Max. 400 bouteilles\/heure.","breadcrumb":{"@id":"https:\/\/teswic.com\/fr\/questions-et-reponses\/#breadcrumb"},"inLanguage":"fr-FR","potentialAction":[{"@type":"ReadAction","target":["https:\/\/teswic.com\/fr\/questions-et-reponses\/"]}]},{"@type":"BreadcrumbList","@id":"https:\/\/teswic.com\/fr\/questions-et-reponses\/#breadcrumb","itemListElement":[{"@type":"ListItem","position":1,"name":"Startseite","item":"https:\/\/teswic.com\/fr\/"},{"@type":"ListItem","position":2,"name":"Questions et r\u00e9ponses sur Collect &#038; Compact"}]},{"@type":"WebSite","@id":"https:\/\/teswic.com\/#website","url":"https:\/\/teswic.com\/","name":"Collect recyclables in compressed form.","description":"Manual compaction of empties. ","publisher":{"@id":"https:\/\/teswic.com\/#organization"},"potentialAction":[{"@type":"SearchAction","target":{"@type":"EntryPoint","urlTemplate":"https:\/\/teswic.com\/?s={search_term_string}"},"query-input":"required name=search_term_string"}],"inLanguage":"fr-FR"},{"@type":"Organization","@id":"https:\/\/teswic.com\/#organization","name":"Teswic Technologies","url":"https:\/\/teswic.com\/","logo":{"@type":"ImageObject","inLanguage":"fr-FR","@id":"https:\/\/teswic.com\/#\/schema\/logo\/image\/","url":"https:\/\/teswic.com\/wp-content\/uploads\/2020\/04\/Teswic150x30.png","contentUrl":"https:\/\/teswic.com\/wp-content\/uploads\/2020\/04\/Teswic150x30.png","width":150,"height":35,"caption":"Teswic Technologies"},"image":{"@id":"https:\/\/teswic.com\/#\/schema\/logo\/image\/"},"sameAs":["https:\/\/www.linkedin.com\/company\/teswic-technologies","https:\/\/www.youtube.com\/channel\/UCfleVzQ0OZ-NIJkLOpOBjaQ"]}]}},"_links":{"self":[{"href":"https:\/\/teswic.com\/fr\/wp-json\/wp\/v2\/pages\/678","targetHints":{"allow":["GET"]}}],"collection":[{"href":"https:\/\/teswic.com\/fr\/wp-json\/wp\/v2\/pages"}],"about":[{"href":"https:\/\/teswic.com\/fr\/wp-json\/wp\/v2\/types\/page"}],"author":[{"embeddable":true,"href":"https:\/\/teswic.com\/fr\/wp-json\/wp\/v2\/users\/1"}],"replies":[{"embeddable":true,"href":"https:\/\/teswic.com\/fr\/wp-json\/wp\/v2\/comments?post=678"}],"version-history":[{"count":9,"href":"https:\/\/teswic.com\/fr\/wp-json\/wp\/v2\/pages\/678\/revisions"}],"predecessor-version":[{"id":1285,"href":"https:\/\/teswic.com\/fr\/wp-json\/wp\/v2\/pages\/678\/revisions\/1285"}],"wp:attachment":[{"href":"https:\/\/teswic.com\/fr\/wp-json\/wp\/v2\/media?parent=678"}],"curies":[{"name":"wp","href":"https:\/\/api.w.org\/{rel}","templated":true}]}}