{"id":680,"date":"2020-09-14T14:39:49","date_gmt":"2020-09-14T12:39:49","guid":{"rendered":"http:\/\/192.168.178.110\/?page_id=680"},"modified":"2020-11-19T10:38:38","modified_gmt":"2020-11-19T09:38:38","slug":"donnees-techniques","status":"publish","type":"page","link":"https:\/\/teswic.com\/fr\/donnees-techniques\/","title":{"rendered":"Donn\u00e9es techniques de Collect &#038; Compact"},"content":{"rendered":"\r\n<figure class=\"wp-block-table\">\r\n<p>&nbsp;<\/p>\r\n<table>\r\n<tbody>\r\n<tr>\r\n<td>Diam\u00e8tre bouteille max.<\/td>\r\n<td>\u00a090 mm<\/td>\r\n<\/tr>\r\n<tr>\r\n<td>Longueur bouteille <\/td>\r\n<td>150-350 mm<\/td>\r\n<\/tr>\r\n<tr>\r\n<td>Support mobile pour les sacs de d\u00e9chets<\/td>\r\n<td>120 litres <\/td>\r\n<\/tr>\r\n<tr>\r\n<td>Dimensions porte d\u2019ouverture<\/td>\r\n<td>L 480 x H 980 mm<\/td>\r\n<\/tr>\r\n<tr>\r\n<td>Dimensions machine<\/td>\r\n<td>L 825 x L 585 x H 1455 mm<\/td>\r\n<\/tr>\r\n<tr>\r\n<td>Hauteur max.<\/td>\r\n<td>H 1710 mm<\/td>\r\n<\/tr>\r\n<tr>\r\n<td>Poids<\/td>\r\n<td>47 kg<\/td>\r\n<\/tr>\r\n<\/tbody>\r\n<\/table>\r\n<p><a href=\"https:\/\/teswic.com\/fr\/compactage-bouteilles-plastiques\/questions-et-reponses-sur-collect-compact\/\">Questions &amp; R\u00e9ponses sur Collect &amp; Compact<\/a><\/p>\r\n<\/figure>\r\n","protected":false},"excerpt":{"rendered":"<p>&nbsp; Diam\u00e8tre bouteille max. \u00a090 mm Longueur bouteille 150-350 mm Support mobile pour les sacs de d\u00e9chets 120 litres Dimensions porte d\u2019ouverture L 480 x H 980 mm Dimensions machine L 825 x L 585 x H 1455 mm Hauteur max. H 1710 mm Poids 47 kg Questions &amp; R\u00e9ponses sur Collect &amp; Compact<\/p>\n","protected":false},"author":1,"featured_media":683,"parent":0,"menu_order":0,"comment_status":"closed","ping_status":"closed","template":"","meta":{"footnotes":""},"class_list":["post-680","page","type-page","status-publish","has-post-thumbnail","hentry"],"yoast_head":"<!-- This site is optimized with the Yoast SEO plugin v20.3 - https:\/\/yoast.com\/wordpress\/plugins\/seo\/ -->\n<title>Compactage des bouteilles en plastique | Collect &amp; Compact | TESWIC<\/title>\n<meta name=\"description\" content=\"Compactage manuel des bouteilles en plastique au point de collecte. Sans \u00e9lectricit\u00e9. Compacte bouteilles ferm\u00e9es. Max. 400 bouteilles\/heure.\" \/>\n<meta name=\"robots\" content=\"index, follow, max-snippet:-1, max-image-preview:large, max-video-preview:-1\" \/>\n<link rel=\"canonical\" href=\"https:\/\/teswic.com\/fr\/donnees-techniques\/\" \/>\n<meta property=\"og:locale\" content=\"fr_FR\" \/>\n<meta property=\"og:type\" content=\"article\" \/>\n<meta property=\"og:title\" content=\"Compactage des bouteilles en plastique | Collect &amp; Compact | TESWIC\" \/>\n<meta property=\"og:description\" content=\"Compactage manuel des bouteilles en plastique au point de collecte. Sans \u00e9lectricit\u00e9. Compacte bouteilles ferm\u00e9es. Max. 400 bouteilles\/heure.\" \/>\n<meta property=\"og:url\" content=\"https:\/\/teswic.com\/fr\/donnees-techniques\/\" \/>\n<meta property=\"og:site_name\" content=\"Collect recyclables in compressed form.\" \/>\n<meta property=\"article:modified_time\" content=\"2020-11-19T09:38:38+00:00\" \/>\n<meta property=\"og:image\" content=\"https:\/\/teswic.com\/wp-content\/uploads\/2018\/10\/PET-Flasche-zerdr\u00fcckt.jpeg\" \/>\n\t<meta property=\"og:image:width\" content=\"275\" \/>\n\t<meta property=\"og:image:height\" content=\"183\" \/>\n\t<meta property=\"og:image:type\" content=\"image\/jpeg\" \/>\n<meta name=\"twitter:card\" content=\"summary_large_image\" \/>\n<script type=\"application\/ld+json\" class=\"yoast-schema-graph\">{\"@context\":\"https:\/\/schema.org\",\"@graph\":[{\"@type\":\"WebPage\",\"@id\":\"https:\/\/teswic.com\/fr\/donnees-techniques\/\",\"url\":\"https:\/\/teswic.com\/fr\/donnees-techniques\/\",\"name\":\"Compactage des bouteilles en plastique | Collect & Compact | TESWIC\",\"isPartOf\":{\"@id\":\"https:\/\/teswic.com\/#website\"},\"datePublished\":\"2020-09-14T12:39:49+00:00\",\"dateModified\":\"2020-11-19T09:38:38+00:00\",\"description\":\"Compactage manuel des bouteilles en plastique au point de collecte. Sans \u00e9lectricit\u00e9. Compacte bouteilles ferm\u00e9es. Max. 400 bouteilles\/heure.\",\"breadcrumb\":{\"@id\":\"https:\/\/teswic.com\/fr\/donnees-techniques\/#breadcrumb\"},\"inLanguage\":\"fr-FR\",\"potentialAction\":[{\"@type\":\"ReadAction\",\"target\":[\"https:\/\/teswic.com\/fr\/donnees-techniques\/\"]}]},{\"@type\":\"BreadcrumbList\",\"@id\":\"https:\/\/teswic.com\/fr\/donnees-techniques\/#breadcrumb\",\"itemListElement\":[{\"@type\":\"ListItem\",\"position\":1,\"name\":\"Startseite\",\"item\":\"https:\/\/teswic.com\/fr\/\"},{\"@type\":\"ListItem\",\"position\":2,\"name\":\"Donn\u00e9es techniques de Collect &#038; Compact\"}]},{\"@type\":\"WebSite\",\"@id\":\"https:\/\/teswic.com\/#website\",\"url\":\"https:\/\/teswic.com\/\",\"name\":\"Collect recyclables in compressed form.\",\"description\":\"Manual compaction of empties. \",\"publisher\":{\"@id\":\"https:\/\/teswic.com\/#organization\"},\"potentialAction\":[{\"@type\":\"SearchAction\",\"target\":{\"@type\":\"EntryPoint\",\"urlTemplate\":\"https:\/\/teswic.com\/?s={search_term_string}\"},\"query-input\":\"required name=search_term_string\"}],\"inLanguage\":\"fr-FR\"},{\"@type\":\"Organization\",\"@id\":\"https:\/\/teswic.com\/#organization\",\"name\":\"Teswic Technologies\",\"url\":\"https:\/\/teswic.com\/\",\"logo\":{\"@type\":\"ImageObject\",\"inLanguage\":\"fr-FR\",\"@id\":\"https:\/\/teswic.com\/#\/schema\/logo\/image\/\",\"url\":\"https:\/\/teswic.com\/wp-content\/uploads\/2020\/04\/Teswic150x30.png\",\"contentUrl\":\"https:\/\/teswic.com\/wp-content\/uploads\/2020\/04\/Teswic150x30.png\",\"width\":150,\"height\":35,\"caption\":\"Teswic Technologies\"},\"image\":{\"@id\":\"https:\/\/teswic.com\/#\/schema\/logo\/image\/\"},\"sameAs\":[\"https:\/\/www.linkedin.com\/company\/teswic-technologies\",\"https:\/\/www.youtube.com\/channel\/UCfleVzQ0OZ-NIJkLOpOBjaQ\"]}]}<\/script>\n<!-- \/ Yoast SEO plugin. -->","yoast_head_json":{"title":"Compactage des bouteilles en plastique | Collect & Compact | TESWIC","description":"Compactage manuel des bouteilles en plastique au point de collecte. Sans \u00e9lectricit\u00e9. Compacte bouteilles ferm\u00e9es. Max. 400 bouteilles\/heure.","robots":{"index":"index","follow":"follow","max-snippet":"max-snippet:-1","max-image-preview":"max-image-preview:large","max-video-preview":"max-video-preview:-1"},"canonical":"https:\/\/teswic.com\/fr\/donnees-techniques\/","og_locale":"fr_FR","og_type":"article","og_title":"Compactage des bouteilles en plastique | Collect & Compact | TESWIC","og_description":"Compactage manuel des bouteilles en plastique au point de collecte. Sans \u00e9lectricit\u00e9. Compacte bouteilles ferm\u00e9es. Max. 400 bouteilles\/heure.","og_url":"https:\/\/teswic.com\/fr\/donnees-techniques\/","og_site_name":"Collect recyclables in compressed form.","article_modified_time":"2020-11-19T09:38:38+00:00","og_image":[{"width":275,"height":183,"url":"https:\/\/teswic.com\/wp-content\/uploads\/2018\/10\/PET-Flasche-zerdr\u00fcckt.jpeg","type":"image\/jpeg"}],"twitter_card":"summary_large_image","schema":{"@context":"https:\/\/schema.org","@graph":[{"@type":"WebPage","@id":"https:\/\/teswic.com\/fr\/donnees-techniques\/","url":"https:\/\/teswic.com\/fr\/donnees-techniques\/","name":"Compactage des bouteilles en plastique | Collect & Compact | TESWIC","isPartOf":{"@id":"https:\/\/teswic.com\/#website"},"datePublished":"2020-09-14T12:39:49+00:00","dateModified":"2020-11-19T09:38:38+00:00","description":"Compactage manuel des bouteilles en plastique au point de collecte. Sans \u00e9lectricit\u00e9. Compacte bouteilles ferm\u00e9es. Max. 400 bouteilles\/heure.","breadcrumb":{"@id":"https:\/\/teswic.com\/fr\/donnees-techniques\/#breadcrumb"},"inLanguage":"fr-FR","potentialAction":[{"@type":"ReadAction","target":["https:\/\/teswic.com\/fr\/donnees-techniques\/"]}]},{"@type":"BreadcrumbList","@id":"https:\/\/teswic.com\/fr\/donnees-techniques\/#breadcrumb","itemListElement":[{"@type":"ListItem","position":1,"name":"Startseite","item":"https:\/\/teswic.com\/fr\/"},{"@type":"ListItem","position":2,"name":"Donn\u00e9es techniques de Collect &#038; Compact"}]},{"@type":"WebSite","@id":"https:\/\/teswic.com\/#website","url":"https:\/\/teswic.com\/","name":"Collect recyclables in compressed form.","description":"Manual compaction of empties. ","publisher":{"@id":"https:\/\/teswic.com\/#organization"},"potentialAction":[{"@type":"SearchAction","target":{"@type":"EntryPoint","urlTemplate":"https:\/\/teswic.com\/?s={search_term_string}"},"query-input":"required name=search_term_string"}],"inLanguage":"fr-FR"},{"@type":"Organization","@id":"https:\/\/teswic.com\/#organization","name":"Teswic Technologies","url":"https:\/\/teswic.com\/","logo":{"@type":"ImageObject","inLanguage":"fr-FR","@id":"https:\/\/teswic.com\/#\/schema\/logo\/image\/","url":"https:\/\/teswic.com\/wp-content\/uploads\/2020\/04\/Teswic150x30.png","contentUrl":"https:\/\/teswic.com\/wp-content\/uploads\/2020\/04\/Teswic150x30.png","width":150,"height":35,"caption":"Teswic Technologies"},"image":{"@id":"https:\/\/teswic.com\/#\/schema\/logo\/image\/"},"sameAs":["https:\/\/www.linkedin.com\/company\/teswic-technologies","https:\/\/www.youtube.com\/channel\/UCfleVzQ0OZ-NIJkLOpOBjaQ"]}]}},"_links":{"self":[{"href":"https:\/\/teswic.com\/fr\/wp-json\/wp\/v2\/pages\/680","targetHints":{"allow":["GET"]}}],"collection":[{"href":"https:\/\/teswic.com\/fr\/wp-json\/wp\/v2\/pages"}],"about":[{"href":"https:\/\/teswic.com\/fr\/wp-json\/wp\/v2\/types\/page"}],"author":[{"embeddable":true,"href":"https:\/\/teswic.com\/fr\/wp-json\/wp\/v2\/users\/1"}],"replies":[{"embeddable":true,"href":"https:\/\/teswic.com\/fr\/wp-json\/wp\/v2\/comments?post=680"}],"version-history":[{"count":5,"href":"https:\/\/teswic.com\/fr\/wp-json\/wp\/v2\/pages\/680\/revisions"}],"predecessor-version":[{"id":1290,"href":"https:\/\/teswic.com\/fr\/wp-json\/wp\/v2\/pages\/680\/revisions\/1290"}],"wp:featuredmedia":[{"embeddable":true,"href":"https:\/\/teswic.com\/fr\/wp-json\/wp\/v2\/media\/683"}],"wp:attachment":[{"href":"https:\/\/teswic.com\/fr\/wp-json\/wp\/v2\/media?parent=680"}],"curies":[{"name":"wp","href":"https:\/\/api.w.org\/{rel}","templated":true}]}}