{"id":694,"date":"2020-09-14T14:48:50","date_gmt":"2020-09-14T12:48:50","guid":{"rendered":"http:\/\/192.168.178.110\/?page_id=694"},"modified":"2020-11-10T09:42:14","modified_gmt":"2020-11-10T08:42:14","slug":"decouvrez-teswic","status":"publish","type":"page","link":"https:\/\/teswic.com\/fr\/decouvrez-teswic\/","title":{"rendered":"D\u00e9couvrez TESWIC"},"content":{"rendered":"<h2>Lancement de produit<\/h2>\n<h2>COLLECT &amp; COMPACT<\/h2>\n<h1>\u00a0\u00a0 <img loading=\"lazy\" decoding=\"async\" class=\"alignnone size-full wp-image-696 aligncenter\" src=\"http:\/\/teswic.com\/wp-content\/uploads\/2020\/06\/POL2020-logo.png\" alt=\"\" width=\"192\" height=\"72\" \/><\/h1>\n<h4 style=\"text-align: center;\">Lyon, France, 5.-8. Octobre 2021<\/h4>\n","protected":false},"excerpt":{"rendered":"<p>Lancement de produit COLLECT &amp; COMPACT \u00a0\u00a0 Lyon, France, 5.-8. Octobre 2021<\/p>\n","protected":false},"author":1,"featured_media":0,"parent":0,"menu_order":0,"comment_status":"closed","ping_status":"closed","template":"","meta":{"footnotes":""},"class_list":["post-694","page","type-page","status-publish","hentry"],"yoast_head":"<!-- This site is optimized with the Yoast SEO plugin v20.3 - https:\/\/yoast.com\/wordpress\/plugins\/seo\/ -->\n<title>TESWIC | Collect &amp; Compact | Compactage des bouteilles en plastique<\/title>\n<meta name=\"description\" content=\"Compactage manuel des bouteilles en plastique au point de collecte. Sans \u00e9lectricit\u00e9. Compacte bouteilles ferm\u00e9es. Max. 400 bouteilles\/heure.\" \/>\n<meta name=\"robots\" content=\"index, follow, max-snippet:-1, max-image-preview:large, max-video-preview:-1\" \/>\n<link rel=\"canonical\" href=\"https:\/\/teswic.com\/fr\/decouvrez-teswic\/\" \/>\n<meta property=\"og:locale\" content=\"fr_FR\" \/>\n<meta property=\"og:type\" content=\"article\" \/>\n<meta property=\"og:title\" content=\"TESWIC | Collect &amp; Compact | Compactage des bouteilles en plastique\" \/>\n<meta property=\"og:description\" content=\"Compactage manuel des bouteilles en plastique au point de collecte. Sans \u00e9lectricit\u00e9. Compacte bouteilles ferm\u00e9es. Max. 400 bouteilles\/heure.\" \/>\n<meta property=\"og:url\" content=\"https:\/\/teswic.com\/fr\/decouvrez-teswic\/\" \/>\n<meta property=\"og:site_name\" content=\"Collect recyclables in compressed form.\" \/>\n<meta property=\"article:modified_time\" content=\"2020-11-10T08:42:14+00:00\" \/>\n<meta property=\"og:image\" content=\"http:\/\/teswic.com\/wp-content\/uploads\/2020\/06\/POL2020-logo.png\" \/>\n<meta name=\"twitter:card\" content=\"summary_large_image\" \/>\n<script type=\"application\/ld+json\" class=\"yoast-schema-graph\">{\"@context\":\"https:\/\/schema.org\",\"@graph\":[{\"@type\":\"WebPage\",\"@id\":\"https:\/\/teswic.com\/fr\/decouvrez-teswic\/\",\"url\":\"https:\/\/teswic.com\/fr\/decouvrez-teswic\/\",\"name\":\"TESWIC | Collect & Compact | Compactage des bouteilles en plastique\",\"isPartOf\":{\"@id\":\"https:\/\/teswic.com\/#website\"},\"datePublished\":\"2020-09-14T12:48:50+00:00\",\"dateModified\":\"2020-11-10T08:42:14+00:00\",\"description\":\"Compactage manuel des bouteilles en plastique au point de collecte. Sans \u00e9lectricit\u00e9. Compacte bouteilles ferm\u00e9es. Max. 400 bouteilles\/heure.\",\"breadcrumb\":{\"@id\":\"https:\/\/teswic.com\/fr\/decouvrez-teswic\/#breadcrumb\"},\"inLanguage\":\"fr-FR\",\"potentialAction\":[{\"@type\":\"ReadAction\",\"target\":[\"https:\/\/teswic.com\/fr\/decouvrez-teswic\/\"]}]},{\"@type\":\"BreadcrumbList\",\"@id\":\"https:\/\/teswic.com\/fr\/decouvrez-teswic\/#breadcrumb\",\"itemListElement\":[{\"@type\":\"ListItem\",\"position\":1,\"name\":\"Startseite\",\"item\":\"https:\/\/teswic.com\/fr\/\"},{\"@type\":\"ListItem\",\"position\":2,\"name\":\"D\u00e9couvrez TESWIC\"}]},{\"@type\":\"WebSite\",\"@id\":\"https:\/\/teswic.com\/#website\",\"url\":\"https:\/\/teswic.com\/\",\"name\":\"Collect recyclables in compressed form.\",\"description\":\"Manual compaction of empties. \",\"publisher\":{\"@id\":\"https:\/\/teswic.com\/#organization\"},\"potentialAction\":[{\"@type\":\"SearchAction\",\"target\":{\"@type\":\"EntryPoint\",\"urlTemplate\":\"https:\/\/teswic.com\/?s={search_term_string}\"},\"query-input\":\"required name=search_term_string\"}],\"inLanguage\":\"fr-FR\"},{\"@type\":\"Organization\",\"@id\":\"https:\/\/teswic.com\/#organization\",\"name\":\"Teswic Technologies\",\"url\":\"https:\/\/teswic.com\/\",\"logo\":{\"@type\":\"ImageObject\",\"inLanguage\":\"fr-FR\",\"@id\":\"https:\/\/teswic.com\/#\/schema\/logo\/image\/\",\"url\":\"https:\/\/teswic.com\/wp-content\/uploads\/2020\/04\/Teswic150x30.png\",\"contentUrl\":\"https:\/\/teswic.com\/wp-content\/uploads\/2020\/04\/Teswic150x30.png\",\"width\":150,\"height\":35,\"caption\":\"Teswic Technologies\"},\"image\":{\"@id\":\"https:\/\/teswic.com\/#\/schema\/logo\/image\/\"},\"sameAs\":[\"https:\/\/www.linkedin.com\/company\/teswic-technologies\",\"https:\/\/www.youtube.com\/channel\/UCfleVzQ0OZ-NIJkLOpOBjaQ\"]}]}<\/script>\n<!-- \/ Yoast SEO plugin. -->","yoast_head_json":{"title":"TESWIC | Collect & Compact | Compactage des bouteilles en plastique","description":"Compactage manuel des bouteilles en plastique au point de collecte. Sans \u00e9lectricit\u00e9. Compacte bouteilles ferm\u00e9es. Max. 400 bouteilles\/heure.","robots":{"index":"index","follow":"follow","max-snippet":"max-snippet:-1","max-image-preview":"max-image-preview:large","max-video-preview":"max-video-preview:-1"},"canonical":"https:\/\/teswic.com\/fr\/decouvrez-teswic\/","og_locale":"fr_FR","og_type":"article","og_title":"TESWIC | Collect & Compact | Compactage des bouteilles en plastique","og_description":"Compactage manuel des bouteilles en plastique au point de collecte. Sans \u00e9lectricit\u00e9. Compacte bouteilles ferm\u00e9es. Max. 400 bouteilles\/heure.","og_url":"https:\/\/teswic.com\/fr\/decouvrez-teswic\/","og_site_name":"Collect recyclables in compressed form.","article_modified_time":"2020-11-10T08:42:14+00:00","og_image":[{"url":"http:\/\/teswic.com\/wp-content\/uploads\/2020\/06\/POL2020-logo.png"}],"twitter_card":"summary_large_image","schema":{"@context":"https:\/\/schema.org","@graph":[{"@type":"WebPage","@id":"https:\/\/teswic.com\/fr\/decouvrez-teswic\/","url":"https:\/\/teswic.com\/fr\/decouvrez-teswic\/","name":"TESWIC | Collect & Compact | Compactage des bouteilles en plastique","isPartOf":{"@id":"https:\/\/teswic.com\/#website"},"datePublished":"2020-09-14T12:48:50+00:00","dateModified":"2020-11-10T08:42:14+00:00","description":"Compactage manuel des bouteilles en plastique au point de collecte. Sans \u00e9lectricit\u00e9. Compacte bouteilles ferm\u00e9es. Max. 400 bouteilles\/heure.","breadcrumb":{"@id":"https:\/\/teswic.com\/fr\/decouvrez-teswic\/#breadcrumb"},"inLanguage":"fr-FR","potentialAction":[{"@type":"ReadAction","target":["https:\/\/teswic.com\/fr\/decouvrez-teswic\/"]}]},{"@type":"BreadcrumbList","@id":"https:\/\/teswic.com\/fr\/decouvrez-teswic\/#breadcrumb","itemListElement":[{"@type":"ListItem","position":1,"name":"Startseite","item":"https:\/\/teswic.com\/fr\/"},{"@type":"ListItem","position":2,"name":"D\u00e9couvrez TESWIC"}]},{"@type":"WebSite","@id":"https:\/\/teswic.com\/#website","url":"https:\/\/teswic.com\/","name":"Collect recyclables in compressed form.","description":"Manual compaction of empties. ","publisher":{"@id":"https:\/\/teswic.com\/#organization"},"potentialAction":[{"@type":"SearchAction","target":{"@type":"EntryPoint","urlTemplate":"https:\/\/teswic.com\/?s={search_term_string}"},"query-input":"required name=search_term_string"}],"inLanguage":"fr-FR"},{"@type":"Organization","@id":"https:\/\/teswic.com\/#organization","name":"Teswic Technologies","url":"https:\/\/teswic.com\/","logo":{"@type":"ImageObject","inLanguage":"fr-FR","@id":"https:\/\/teswic.com\/#\/schema\/logo\/image\/","url":"https:\/\/teswic.com\/wp-content\/uploads\/2020\/04\/Teswic150x30.png","contentUrl":"https:\/\/teswic.com\/wp-content\/uploads\/2020\/04\/Teswic150x30.png","width":150,"height":35,"caption":"Teswic Technologies"},"image":{"@id":"https:\/\/teswic.com\/#\/schema\/logo\/image\/"},"sameAs":["https:\/\/www.linkedin.com\/company\/teswic-technologies","https:\/\/www.youtube.com\/channel\/UCfleVzQ0OZ-NIJkLOpOBjaQ"]}]}},"_links":{"self":[{"href":"https:\/\/teswic.com\/fr\/wp-json\/wp\/v2\/pages\/694","targetHints":{"allow":["GET"]}}],"collection":[{"href":"https:\/\/teswic.com\/fr\/wp-json\/wp\/v2\/pages"}],"about":[{"href":"https:\/\/teswic.com\/fr\/wp-json\/wp\/v2\/types\/page"}],"author":[{"embeddable":true,"href":"https:\/\/teswic.com\/fr\/wp-json\/wp\/v2\/users\/1"}],"replies":[{"embeddable":true,"href":"https:\/\/teswic.com\/fr\/wp-json\/wp\/v2\/comments?post=694"}],"version-history":[{"count":3,"href":"https:\/\/teswic.com\/fr\/wp-json\/wp\/v2\/pages\/694\/revisions"}],"predecessor-version":[{"id":1201,"href":"https:\/\/teswic.com\/fr\/wp-json\/wp\/v2\/pages\/694\/revisions\/1201"}],"wp:attachment":[{"href":"https:\/\/teswic.com\/fr\/wp-json\/wp\/v2\/media?parent=694"}],"curies":[{"name":"wp","href":"https:\/\/api.w.org\/{rel}","templated":true}]}}