{"id":720,"date":"2019-02-22T10:27:57","date_gmt":"2019-02-22T09:27:57","guid":{"rendered":"http:\/\/192.168.178.110\/pet-im-fokus-der-eu\/"},"modified":"2020-11-10T09:42:50","modified_gmt":"2020-11-10T08:42:50","slug":"pet-im-fokus-der-eu","status":"publish","type":"page","link":"https:\/\/teswic.com\/fr\/pet-im-fokus-der-eu\/","title":{"rendered":"Le PET au centre de l&#8217;UE"},"content":{"rendered":"\r\n<p>Ainsi que de nombreux d\u2019autres pays, l\u2019UE s\u2019est fix\u00e9 pour objectif de limiter la consommation de plastique, qui ne cesse pas de cro\u00eetre. En ce qui concerne le PET, les mesures suivantes visant \u00e0 r\u00e9duire le volume de plastique ont \u00e9t\u00e9 d\u00e9cid\u00e9es en mai 2019 :<\/p>\r\n\r\n\r\n\r\n<ul class=\"wp-block-list\">\r\n<li>Un taux minimum de 90% pour la collecte s\u00e9par\u00e9e des bouteilles en plastique d\u2019ici 2029 (77% d\u2019ici 2025)<\/li>\r\n<li>Les bouteilles en PET doivent \u00eatre compos\u00e9es d\u2019au moins 25 % de plastique recycl\u00e9 \u00e0 partir de 2025. Cette proportion doit \u00eatre port\u00e9e \u00e0 30 % dans toutes les bouteilles en plastique d\u2019ici 2030.<\/li>\r\n<li>Les bouchons des bouteilles en PET jetables doivent \u00eatre solidement fix\u00e9s \u00e0 la bouteille au plus tard cinq ans apr\u00e8s la date d\u2019entr\u00e9e en vigueur du r\u00e8glement. Ayant pour objectif \u00e0 ce qu\u2019ils ne puissent plus \u00eatre jet\u00e9s l\u2019un apr\u00e8s l\u2019autre (les bouchons de bouteilles en plastique constituent l\u2019essentiel des d\u00e9chets trouv\u00e9s sur les plages).<\/li>\r\n<li>Les fabricants de produits en plastique seront \u00e0 l\u2019avenir impliqu\u00e9s dans les co\u00fbts d\u2019\u00e9limination de leurs produits. Le but ici est d\u2019\u00e9viter autant que possible la fabrication de d\u00e9chets plastiques.<\/li>\r\n<\/ul>\r\n\r\n\r\n\r\n<p><br \/><strong><a href=\"https:\/\/teswic.com\/fr\/ressource-pet\/pourquoi-compacter-au-point-de-collecte\/\">Pourquoi compacter au point de collecte?<\/a><\/strong><\/p>\r\n","protected":false},"excerpt":{"rendered":"<p>Ainsi que de nombreux d\u2019autres pays, l\u2019UE s\u2019est fix\u00e9 pour objectif de limiter la consommation de plastique, qui ne cesse pas de cro\u00eetre. En ce qui concerne le PET, les mesures suivantes visant \u00e0 r\u00e9duire le volume de plastique ont \u00e9t\u00e9 d\u00e9cid\u00e9es en mai 2019 : Un taux minimum de 90% pour la collecte s\u00e9par\u00e9e [&hellip;]<\/p>\n","protected":false},"author":1,"featured_media":721,"parent":0,"menu_order":0,"comment_status":"closed","ping_status":"closed","template":"","meta":{"footnotes":""},"class_list":["post-720","page","type-page","status-publish","has-post-thumbnail","hentry"],"yoast_head":"<!-- This site is optimized with the Yoast SEO plugin v20.3 - https:\/\/yoast.com\/wordpress\/plugins\/seo\/ -->\n<title>TESWIC | Collect &amp; Compact |Compactage des bouteilles en plastique<\/title>\n<meta name=\"description\" content=\"Compactage manuel des bouteilles en plastique au point de collecte. Sans \u00e9lectricit\u00e9. Compacte bouteilles ferm\u00e9es. Max. 400 bouteilles\/heure.\" \/>\n<meta name=\"robots\" content=\"index, follow, max-snippet:-1, max-image-preview:large, max-video-preview:-1\" \/>\n<link rel=\"canonical\" href=\"https:\/\/teswic.com\/fr\/pet-im-fokus-der-eu\/\" \/>\n<meta property=\"og:locale\" content=\"fr_FR\" \/>\n<meta property=\"og:type\" content=\"article\" \/>\n<meta property=\"og:title\" content=\"TESWIC | Collect &amp; Compact |Compactage des bouteilles en plastique\" \/>\n<meta property=\"og:description\" content=\"Compactage manuel des bouteilles en plastique au point de collecte. Sans \u00e9lectricit\u00e9. Compacte bouteilles ferm\u00e9es. Max. 400 bouteilles\/heure.\" \/>\n<meta property=\"og:url\" content=\"https:\/\/teswic.com\/fr\/pet-im-fokus-der-eu\/\" \/>\n<meta property=\"og:site_name\" content=\"Collect recyclables in compressed form.\" \/>\n<meta property=\"article:modified_time\" content=\"2020-11-10T08:42:50+00:00\" \/>\n<meta property=\"og:image\" content=\"https:\/\/teswic.com\/wp-content\/uploads\/2019\/02\/eu_flagge.jpeg\" \/>\n\t<meta property=\"og:image:width\" content=\"273\" \/>\n\t<meta property=\"og:image:height\" content=\"185\" \/>\n\t<meta property=\"og:image:type\" content=\"image\/jpeg\" \/>\n<meta name=\"twitter:card\" content=\"summary_large_image\" \/>\n<meta name=\"twitter:label1\" content=\"Dur\u00e9e de lecture estim\u00e9e\" \/>\n\t<meta name=\"twitter:data1\" content=\"1 minute\" \/>\n<script type=\"application\/ld+json\" class=\"yoast-schema-graph\">{\"@context\":\"https:\/\/schema.org\",\"@graph\":[{\"@type\":\"WebPage\",\"@id\":\"https:\/\/teswic.com\/fr\/pet-im-fokus-der-eu\/\",\"url\":\"https:\/\/teswic.com\/fr\/pet-im-fokus-der-eu\/\",\"name\":\"TESWIC | Collect & Compact |Compactage des bouteilles en plastique\",\"isPartOf\":{\"@id\":\"https:\/\/teswic.com\/#website\"},\"datePublished\":\"2019-02-22T09:27:57+00:00\",\"dateModified\":\"2020-11-10T08:42:50+00:00\",\"description\":\"Compactage manuel des bouteilles en plastique au point de collecte. Sans \u00e9lectricit\u00e9. Compacte bouteilles ferm\u00e9es. Max. 400 bouteilles\/heure.\",\"breadcrumb\":{\"@id\":\"https:\/\/teswic.com\/fr\/pet-im-fokus-der-eu\/#breadcrumb\"},\"inLanguage\":\"fr-FR\",\"potentialAction\":[{\"@type\":\"ReadAction\",\"target\":[\"https:\/\/teswic.com\/fr\/pet-im-fokus-der-eu\/\"]}]},{\"@type\":\"BreadcrumbList\",\"@id\":\"https:\/\/teswic.com\/fr\/pet-im-fokus-der-eu\/#breadcrumb\",\"itemListElement\":[{\"@type\":\"ListItem\",\"position\":1,\"name\":\"Startseite\",\"item\":\"https:\/\/teswic.com\/fr\/\"},{\"@type\":\"ListItem\",\"position\":2,\"name\":\"Le PET au centre de l&#8217;UE\"}]},{\"@type\":\"WebSite\",\"@id\":\"https:\/\/teswic.com\/#website\",\"url\":\"https:\/\/teswic.com\/\",\"name\":\"Collect recyclables in compressed form.\",\"description\":\"Manual compaction of empties. \",\"publisher\":{\"@id\":\"https:\/\/teswic.com\/#organization\"},\"potentialAction\":[{\"@type\":\"SearchAction\",\"target\":{\"@type\":\"EntryPoint\",\"urlTemplate\":\"https:\/\/teswic.com\/?s={search_term_string}\"},\"query-input\":\"required name=search_term_string\"}],\"inLanguage\":\"fr-FR\"},{\"@type\":\"Organization\",\"@id\":\"https:\/\/teswic.com\/#organization\",\"name\":\"Teswic Technologies\",\"url\":\"https:\/\/teswic.com\/\",\"logo\":{\"@type\":\"ImageObject\",\"inLanguage\":\"fr-FR\",\"@id\":\"https:\/\/teswic.com\/#\/schema\/logo\/image\/\",\"url\":\"https:\/\/teswic.com\/wp-content\/uploads\/2020\/04\/Teswic150x30.png\",\"contentUrl\":\"https:\/\/teswic.com\/wp-content\/uploads\/2020\/04\/Teswic150x30.png\",\"width\":150,\"height\":35,\"caption\":\"Teswic Technologies\"},\"image\":{\"@id\":\"https:\/\/teswic.com\/#\/schema\/logo\/image\/\"},\"sameAs\":[\"https:\/\/www.linkedin.com\/company\/teswic-technologies\",\"https:\/\/www.youtube.com\/channel\/UCfleVzQ0OZ-NIJkLOpOBjaQ\"]}]}<\/script>\n<!-- \/ Yoast SEO plugin. -->","yoast_head_json":{"title":"TESWIC | Collect & Compact |Compactage des bouteilles en plastique","description":"Compactage manuel des bouteilles en plastique au point de collecte. Sans \u00e9lectricit\u00e9. Compacte bouteilles ferm\u00e9es. Max. 400 bouteilles\/heure.","robots":{"index":"index","follow":"follow","max-snippet":"max-snippet:-1","max-image-preview":"max-image-preview:large","max-video-preview":"max-video-preview:-1"},"canonical":"https:\/\/teswic.com\/fr\/pet-im-fokus-der-eu\/","og_locale":"fr_FR","og_type":"article","og_title":"TESWIC | Collect & Compact |Compactage des bouteilles en plastique","og_description":"Compactage manuel des bouteilles en plastique au point de collecte. Sans \u00e9lectricit\u00e9. Compacte bouteilles ferm\u00e9es. Max. 400 bouteilles\/heure.","og_url":"https:\/\/teswic.com\/fr\/pet-im-fokus-der-eu\/","og_site_name":"Collect recyclables in compressed form.","article_modified_time":"2020-11-10T08:42:50+00:00","og_image":[{"width":273,"height":185,"url":"https:\/\/teswic.com\/wp-content\/uploads\/2019\/02\/eu_flagge.jpeg","type":"image\/jpeg"}],"twitter_card":"summary_large_image","twitter_misc":{"Dur\u00e9e de lecture estim\u00e9e":"1 minute"},"schema":{"@context":"https:\/\/schema.org","@graph":[{"@type":"WebPage","@id":"https:\/\/teswic.com\/fr\/pet-im-fokus-der-eu\/","url":"https:\/\/teswic.com\/fr\/pet-im-fokus-der-eu\/","name":"TESWIC | Collect & Compact |Compactage des bouteilles en plastique","isPartOf":{"@id":"https:\/\/teswic.com\/#website"},"datePublished":"2019-02-22T09:27:57+00:00","dateModified":"2020-11-10T08:42:50+00:00","description":"Compactage manuel des bouteilles en plastique au point de collecte. Sans \u00e9lectricit\u00e9. Compacte bouteilles ferm\u00e9es. Max. 400 bouteilles\/heure.","breadcrumb":{"@id":"https:\/\/teswic.com\/fr\/pet-im-fokus-der-eu\/#breadcrumb"},"inLanguage":"fr-FR","potentialAction":[{"@type":"ReadAction","target":["https:\/\/teswic.com\/fr\/pet-im-fokus-der-eu\/"]}]},{"@type":"BreadcrumbList","@id":"https:\/\/teswic.com\/fr\/pet-im-fokus-der-eu\/#breadcrumb","itemListElement":[{"@type":"ListItem","position":1,"name":"Startseite","item":"https:\/\/teswic.com\/fr\/"},{"@type":"ListItem","position":2,"name":"Le PET au centre de l&#8217;UE"}]},{"@type":"WebSite","@id":"https:\/\/teswic.com\/#website","url":"https:\/\/teswic.com\/","name":"Collect recyclables in compressed form.","description":"Manual compaction of empties. ","publisher":{"@id":"https:\/\/teswic.com\/#organization"},"potentialAction":[{"@type":"SearchAction","target":{"@type":"EntryPoint","urlTemplate":"https:\/\/teswic.com\/?s={search_term_string}"},"query-input":"required name=search_term_string"}],"inLanguage":"fr-FR"},{"@type":"Organization","@id":"https:\/\/teswic.com\/#organization","name":"Teswic Technologies","url":"https:\/\/teswic.com\/","logo":{"@type":"ImageObject","inLanguage":"fr-FR","@id":"https:\/\/teswic.com\/#\/schema\/logo\/image\/","url":"https:\/\/teswic.com\/wp-content\/uploads\/2020\/04\/Teswic150x30.png","contentUrl":"https:\/\/teswic.com\/wp-content\/uploads\/2020\/04\/Teswic150x30.png","width":150,"height":35,"caption":"Teswic Technologies"},"image":{"@id":"https:\/\/teswic.com\/#\/schema\/logo\/image\/"},"sameAs":["https:\/\/www.linkedin.com\/company\/teswic-technologies","https:\/\/www.youtube.com\/channel\/UCfleVzQ0OZ-NIJkLOpOBjaQ"]}]}},"_links":{"self":[{"href":"https:\/\/teswic.com\/fr\/wp-json\/wp\/v2\/pages\/720","targetHints":{"allow":["GET"]}}],"collection":[{"href":"https:\/\/teswic.com\/fr\/wp-json\/wp\/v2\/pages"}],"about":[{"href":"https:\/\/teswic.com\/fr\/wp-json\/wp\/v2\/types\/page"}],"author":[{"embeddable":true,"href":"https:\/\/teswic.com\/fr\/wp-json\/wp\/v2\/users\/1"}],"replies":[{"embeddable":true,"href":"https:\/\/teswic.com\/fr\/wp-json\/wp\/v2\/comments?post=720"}],"version-history":[{"count":3,"href":"https:\/\/teswic.com\/fr\/wp-json\/wp\/v2\/pages\/720\/revisions"}],"predecessor-version":[{"id":1268,"href":"https:\/\/teswic.com\/fr\/wp-json\/wp\/v2\/pages\/720\/revisions\/1268"}],"wp:featuredmedia":[{"embeddable":true,"href":"https:\/\/teswic.com\/fr\/wp-json\/wp\/v2\/media\/721"}],"wp:attachment":[{"href":"https:\/\/teswic.com\/fr\/wp-json\/wp\/v2\/media?parent=720"}],"curies":[{"name":"wp","href":"https:\/\/api.w.org\/{rel}","templated":true}]}}