{"id":727,"date":"2020-09-14T21:38:09","date_gmt":"2020-09-14T19:38:09","guid":{"rendered":"http:\/\/192.168.178.110\/?page_id=727"},"modified":"2020-11-10T09:46:03","modified_gmt":"2020-11-10T08:46:03","slug":"politique-de-confidentialite","status":"publish","type":"page","link":"https:\/\/teswic.com\/fr\/entreprise\/politique-de-confidentialite\/","title":{"rendered":"Politique de Confidentialit\u00e9"},"content":{"rendered":"\r\n<h4 class=\"wp-block-heading\"><strong>Note g\u00e9n\u00e9rale et information obligatoire<\/strong><\/h4>\r\n\r\n\r\n\r\n<p><strong>Nomination de l\u2019organe responsable<\/strong><\/p>\r\n\r\n\r\n\r\n<p>Organe responsable pour le traitement de donn\u00e9es sur ce site:<\/p>\r\n\r\n\r\n\r\n<p>TESWIC Technologies Sigrid Waibel<br \/>Sigrid Waibel<br \/>Felbenwiesweg 4<br \/>88662 Uberlingen, Allemagne<\/p>\r\n\r\n\r\n\r\n<p>L\u2019organisme responsable, seul ou de concert avec d\u2019autres, d\u00e9cide des finalit\u00e9s et des moyens du traitement des donn\u00e9es \u00e0 caract\u00e8re personnel (noms, coordonn\u00e9es, etc.).<\/p>\r\n\r\n\r\n\r\n<h6 class=\"wp-block-heading\">Annulation de votre consentement au traitement de donn\u00e9es<\/h6>\r\n\r\n\r\n\r\n<p>Certains processus de traitement de donn\u00e9es ne sont possibles qu\u2019avec votre consentement expr\u00e8s. Une r\u00e9vocation de votre consentement d\u00e9j\u00e0 donn\u00e9 est possible \u00e0 tout moment. Pour que la r\u00e9vocation soit suffisante, un message informel par courrier \u00e9lectronique est demand\u00e9. La l\u00e9galit\u00e9 du traitement des donn\u00e9es effectu\u00e9 jusqu\u2019\u00e0 la r\u00e9vocation n\u2019est pas affect\u00e9e par la r\u00e9vocation.<\/p>\r\n\r\n\r\n\r\n<h6 class=\"wp-block-heading\">Droit de r\u00e9clamation \u00e0 l\u2019autorit\u00e9 comp\u00e9tente<\/h6>\r\n\r\n\r\n\r\n<p>Dans le cas d\u2019infraction \u00e0 la loi sur la protection des donn\u00e9es, la personne concern\u00e9e a le droit de d\u00e9poser une plainte aupr\u00e8s de l\u2019autorit\u00e9 de contr\u00f4le comp\u00e9tente. L\u2019autorit\u00e9 de contr\u00f4le comp\u00e9tente en mati\u00e8re de protection des donn\u00e9es est le responsable de la protection des donn\u00e9es de l\u2019\u00c9tat f\u00e9d\u00e9ral de Baden-Wuerttemberg o\u00f9 se trouve le si\u00e8ge de notre soci\u00e9t\u00e9. Les coordonn\u00e9es sont:<\/p>\r\n\r\n\r\n\r\n<p>www.baden-wuerttemberg.datenschutz.de<\/p>\r\n\r\n\r\n\r\n<p>E-Mail: poststelle@lfdi.bwl.de<\/p>\r\n\r\n\r\n\r\n<p><strong>Droit \u00e0 la portabilit\u00e9 des donn\u00e9es<\/strong><\/p>\r\n\r\n\r\n\r\n<p>Vous avez le droit de disposer des donn\u00e9es que nous traitons sur la base de votre consentement ou en ex\u00e9cution d\u2019un contrat. La mise \u00e0 disposition est faite dans un format lisible par machine. Si vous souhaitez transf\u00e9rer directement les donn\u00e9es \u00e0 une autre personne responsable, cela ne sera fait que dans la mesure o\u00f9 cela est techniquement r\u00e9alisable.<\/p>\r\n\r\n\r\n\r\n<p><strong>Droit \u00e0 l\u2019information, correction, blocage, suppression<\/strong><\/p>\r\n\r\n\r\n\r\n<p>A tout moment vous avez le droit, dans le cadre des dispositions l\u00e9gales applicables, de recevoir des informations gratuites sur vos donn\u00e9es personnelles stock\u00e9es, l\u2019origine des donn\u00e9es, leurs destinataires et la finalit\u00e9 du traitement des donn\u00e9es et, le cas \u00e9ch\u00e9ant, le droit de les corriger, les bloquer ou les supprimer. \u00c0 cet \u00e9gard et pour toute autre question concernant les donn\u00e9es personnelles, vous pouvez toujours nous contacter via les options de contact r\u00e9pertori\u00e9es dans l\u2019empreinte.<\/p>\r\n\r\n\r\n\r\n<p><strong>Cryptage SSL ou TLS<\/strong><\/p>\r\n\r\n\r\n\r\n<p>Pour des raisons de s\u00e9curit\u00e9 et pour prot\u00e9ger la transmission du contenu confidentiel que vous envoyez \u00e0 nous (l\u2019op\u00e9rateur du site web), notre site web utilise le cryptage SSL ou TLS. Ainsi les donn\u00e9es que vous soumettez via ce site Web, ne sont pas lisibles pour des tiers. Vous percevez une connexion crypt\u00e9e dans la barre d\u2019adresse \u201ehttps: \/\/\u201c de votre navigateur et dans l\u2019ic\u00f4ne de cadenas dans la barre de navigation.<\/p>\r\n\r\n\r\n\r\n<p><strong>Personne charg\u00e9 de la protection des donn\u00e9es<\/strong><\/p>\r\n\r\n\r\n\r\n<p>Nous avons nomm\u00e9 un responsable de la protection des donn\u00e9es.<\/p>\r\n\r\n\r\n\r\n<p>Sigrid, Waibel<br \/>Felbenwiesweg 4<br \/>88662 \u00dcberlingen, Allemagne<\/p>\r\n\r\n\r\n\r\n<p>Telefon: +49 7773-356 9559<br \/>E-Mail: contact@teswic.com<\/p>\r\n\r\n\r\n\r\n<p><strong>Formulaire de contact<\/strong><\/p>\r\n\r\n\r\n\r\n<p>Les donn\u00e9es soumises via le formulaire de contact seront stock\u00e9es, y compris vos coordonn\u00e9es, pour traiter votre demande ou pour \u00eatre disponibles pour des questions de suivi. Une divulgation de ces donn\u00e9es n\u2019aura pas lieu sans votre consentement.<\/p>\r\n\r\n\r\n\r\n<p>Le traitement des donn\u00e9es saisies dans le formulaire de contact se fait exclusivement sur la base de votre consentement (Art. 6 para. (1) lit. a RGPD). Une r\u00e9vocation de votre consentement d\u00e9j\u00e0 donn\u00e9 est possible \u00e0 tout moment. Pour r\u00e9vocer votre consentement un message informel par courrier \u00e9lectronique sera suffisante. La l\u00e9galit\u00e9 des traitements de donn\u00e9es effectu\u00e9s jusqu\u2019\u00e0 la r\u00e9vocation n\u2019est pas affect\u00e9e par la r\u00e9vocation.<\/p>\r\n\r\n\r\n\r\n<p>Les donn\u00e9es envoy\u00e9es via le formulaire de contact resteront en notre possession jusqu\u2019\u00e0 ce que vous nous demandez de les supprimer, vous r\u00e9voquez votre consentement au stockage ou il n\u2019y a plus de besoin de sauvegarder vos donn\u00e9es. Les dispositions l\u00e9gales obligatoires, notamment les d\u00e9lais de conservation, ne sont pas affect\u00e9es.<\/p>\r\n\r\n\r\n\r\n<p><strong>YouTube<\/strong><\/p>\r\n\r\n\r\n\r\n<p>Pour l\u2019int\u00e9gration et la pr\u00e9sentation de contenu vid\u00e9o, notre site Web utilise des plugins de YouTube. Le fournisseur du portail vid\u00e9o est YouTube, LLC, 901 Cherry Ave, San Bruno, CA 94066, USA.<\/p>\r\n\r\n\r\n\r\n<p>Lorsque vous visitez une page avec un plug-in YouTube int\u00e9gr\u00e9, celui-ci se connecte aux serveurs de YouTube. YouTube d\u00e9couvrira les pages que vous avez consult\u00e9es.<\/p>\r\n\r\n\r\n\r\n<p>Si vous \u00eates connect\u00e9 \u00e0 votre compte YouTube, YouTube peut associer votre comportement de navigation directement \u00e0 votre profil personnel. En vous d\u00e9connectant au pr\u00e9alable, vous avez la possibilit\u00e9 d\u2019\u00e9viter cela.<\/p>\r\n\r\n\r\n\r\n<p>L\u2019utilisation de YouTube est dans l\u2019int\u00e9r\u00eat d\u2019une pr\u00e9sentation s\u00e9duisante de nos offres en ligne. Cela constitue un int\u00e9r\u00eat l\u00e9gitime dans le sens de l\u2019article 6, para. 1, lit. f RGPD.<\/p>\r\n\r\n\r\n\r\n<p>Pour plus d\u2019informations sur la gestion des donn\u00e9es personnelles, veuillez consulter la politique de confidentialit\u00e9 de YouTube \u00e0 l\u2019adresse suivante:<\/p>\r\n\r\n\r\n\r\n<p><a href=\"https:\/\/policies.google.com\/privacy?hl=fr-CA\">https:\/\/policies.google.com\/privacy?hl=fr-CA<\/a><\/p>\r\n\r\n\r\n\r\n<p><small>Source: Configurateur de Politique de Confidentialit\u00e9 de <a href=\"http:\/\/www.mein-datenschutzbeauftragter.de\" target=\"_blank\" rel=\"noopener noreferrer\">mein-datenschutzbeauftragter.de<\/a><\/small><\/p>\r\n\r\n\r\n\r\n<p><a href=\"http:\/\/teswic.com\/fr\/entreprise\">retour<\/a><\/p>\r\n","protected":false},"excerpt":{"rendered":"<p>Note g\u00e9n\u00e9rale et information obligatoire Nomination de l\u2019organe responsable Organe responsable pour le traitement de donn\u00e9es sur ce site: TESWIC Technologies Sigrid WaibelSigrid WaibelFelbenwiesweg 488662 Uberlingen, Allemagne L\u2019organisme responsable, seul ou de concert avec d\u2019autres, d\u00e9cide des finalit\u00e9s et des moyens du traitement des donn\u00e9es \u00e0 caract\u00e8re personnel (noms, coordonn\u00e9es, etc.). Annulation de votre consentement [&hellip;]<\/p>\n","protected":false},"author":1,"featured_media":0,"parent":736,"menu_order":1,"comment_status":"closed","ping_status":"closed","template":"","meta":{"footnotes":""},"class_list":["post-727","page","type-page","status-publish","hentry"],"yoast_head":"<!-- This site is optimized with the Yoast SEO plugin v20.3 - https:\/\/yoast.com\/wordpress\/plugins\/seo\/ -->\n<title>Politique de Confidentialit\u00e9 Plastic bottle and can crushers Manual | with collection container<\/title>\n<meta name=\"description\" content=\"Manual compactors for plastic bottles and beverage cans equipped with a collection container. Easy and fast operation. For outdoor use.\" \/>\n<meta name=\"robots\" content=\"index, follow, max-snippet:-1, max-image-preview:large, max-video-preview:-1\" \/>\n<link rel=\"canonical\" href=\"https:\/\/teswic.com\/fr\/entreprise\/politique-de-confidentialite\/\" \/>\n<meta property=\"og:locale\" content=\"fr_FR\" \/>\n<meta property=\"og:type\" content=\"article\" \/>\n<meta property=\"og:title\" content=\"Politique de Confidentialit\u00e9 Plastic bottle and can crushers Manual | with collection container\" \/>\n<meta property=\"og:description\" content=\"Manual compactors for plastic bottles and beverage cans equipped with a collection container. Easy and fast operation. For outdoor use.\" \/>\n<meta property=\"og:url\" content=\"https:\/\/teswic.com\/fr\/entreprise\/politique-de-confidentialite\/\" \/>\n<meta property=\"og:site_name\" content=\"Collect recyclables in compressed form.\" \/>\n<meta property=\"article:modified_time\" content=\"2020-11-10T08:46:03+00:00\" \/>\n<meta name=\"twitter:card\" content=\"summary_large_image\" \/>\n<meta name=\"twitter:label1\" content=\"Dur\u00e9e de lecture estim\u00e9e\" \/>\n\t<meta name=\"twitter:data1\" content=\"4 minutes\" \/>\n<script type=\"application\/ld+json\" class=\"yoast-schema-graph\">{\"@context\":\"https:\/\/schema.org\",\"@graph\":[{\"@type\":\"WebPage\",\"@id\":\"https:\/\/teswic.com\/fr\/entreprise\/politique-de-confidentialite\/\",\"url\":\"https:\/\/teswic.com\/fr\/entreprise\/politique-de-confidentialite\/\",\"name\":\"Politique de Confidentialit\u00e9 Plastic bottle and can crushers Manual | with collection container\",\"isPartOf\":{\"@id\":\"https:\/\/teswic.com\/#website\"},\"datePublished\":\"2020-09-14T19:38:09+00:00\",\"dateModified\":\"2020-11-10T08:46:03+00:00\",\"description\":\"Manual compactors for plastic bottles and beverage cans equipped with a collection container. Easy and fast operation. For outdoor use.\",\"breadcrumb\":{\"@id\":\"https:\/\/teswic.com\/fr\/entreprise\/politique-de-confidentialite\/#breadcrumb\"},\"inLanguage\":\"fr-FR\",\"potentialAction\":[{\"@type\":\"ReadAction\",\"target\":[\"https:\/\/teswic.com\/fr\/entreprise\/politique-de-confidentialite\/\"]}]},{\"@type\":\"BreadcrumbList\",\"@id\":\"https:\/\/teswic.com\/fr\/entreprise\/politique-de-confidentialite\/#breadcrumb\",\"itemListElement\":[{\"@type\":\"ListItem\",\"position\":1,\"name\":\"Startseite\",\"item\":\"https:\/\/teswic.com\/fr\/\"},{\"@type\":\"ListItem\",\"position\":2,\"name\":\"Entreprise\",\"item\":\"https:\/\/teswic.com\/fr\/entreprise\/\"},{\"@type\":\"ListItem\",\"position\":3,\"name\":\"Politique de Confidentialit\u00e9\"}]},{\"@type\":\"WebSite\",\"@id\":\"https:\/\/teswic.com\/#website\",\"url\":\"https:\/\/teswic.com\/\",\"name\":\"Collect recyclables in compressed form.\",\"description\":\"Manual compaction of empties. \",\"publisher\":{\"@id\":\"https:\/\/teswic.com\/#organization\"},\"potentialAction\":[{\"@type\":\"SearchAction\",\"target\":{\"@type\":\"EntryPoint\",\"urlTemplate\":\"https:\/\/teswic.com\/?s={search_term_string}\"},\"query-input\":\"required name=search_term_string\"}],\"inLanguage\":\"fr-FR\"},{\"@type\":\"Organization\",\"@id\":\"https:\/\/teswic.com\/#organization\",\"name\":\"Teswic Technologies\",\"url\":\"https:\/\/teswic.com\/\",\"logo\":{\"@type\":\"ImageObject\",\"inLanguage\":\"fr-FR\",\"@id\":\"https:\/\/teswic.com\/#\/schema\/logo\/image\/\",\"url\":\"https:\/\/teswic.com\/wp-content\/uploads\/2020\/04\/Teswic150x30.png\",\"contentUrl\":\"https:\/\/teswic.com\/wp-content\/uploads\/2020\/04\/Teswic150x30.png\",\"width\":150,\"height\":35,\"caption\":\"Teswic Technologies\"},\"image\":{\"@id\":\"https:\/\/teswic.com\/#\/schema\/logo\/image\/\"},\"sameAs\":[\"https:\/\/www.linkedin.com\/company\/teswic-technologies\",\"https:\/\/www.youtube.com\/channel\/UCfleVzQ0OZ-NIJkLOpOBjaQ\"]}]}<\/script>\n<!-- \/ Yoast SEO plugin. -->","yoast_head_json":{"title":"Politique de Confidentialit\u00e9 Plastic bottle and can crushers Manual | with collection container","description":"Manual compactors for plastic bottles and beverage cans equipped with a collection container. Easy and fast operation. For outdoor use.","robots":{"index":"index","follow":"follow","max-snippet":"max-snippet:-1","max-image-preview":"max-image-preview:large","max-video-preview":"max-video-preview:-1"},"canonical":"https:\/\/teswic.com\/fr\/entreprise\/politique-de-confidentialite\/","og_locale":"fr_FR","og_type":"article","og_title":"Politique de Confidentialit\u00e9 Plastic bottle and can crushers Manual | with collection container","og_description":"Manual compactors for plastic bottles and beverage cans equipped with a collection container. Easy and fast operation. For outdoor use.","og_url":"https:\/\/teswic.com\/fr\/entreprise\/politique-de-confidentialite\/","og_site_name":"Collect recyclables in compressed form.","article_modified_time":"2020-11-10T08:46:03+00:00","twitter_card":"summary_large_image","twitter_misc":{"Dur\u00e9e de lecture estim\u00e9e":"4 minutes"},"schema":{"@context":"https:\/\/schema.org","@graph":[{"@type":"WebPage","@id":"https:\/\/teswic.com\/fr\/entreprise\/politique-de-confidentialite\/","url":"https:\/\/teswic.com\/fr\/entreprise\/politique-de-confidentialite\/","name":"Politique de Confidentialit\u00e9 Plastic bottle and can crushers Manual | with collection container","isPartOf":{"@id":"https:\/\/teswic.com\/#website"},"datePublished":"2020-09-14T19:38:09+00:00","dateModified":"2020-11-10T08:46:03+00:00","description":"Manual compactors for plastic bottles and beverage cans equipped with a collection container. Easy and fast operation. For outdoor use.","breadcrumb":{"@id":"https:\/\/teswic.com\/fr\/entreprise\/politique-de-confidentialite\/#breadcrumb"},"inLanguage":"fr-FR","potentialAction":[{"@type":"ReadAction","target":["https:\/\/teswic.com\/fr\/entreprise\/politique-de-confidentialite\/"]}]},{"@type":"BreadcrumbList","@id":"https:\/\/teswic.com\/fr\/entreprise\/politique-de-confidentialite\/#breadcrumb","itemListElement":[{"@type":"ListItem","position":1,"name":"Startseite","item":"https:\/\/teswic.com\/fr\/"},{"@type":"ListItem","position":2,"name":"Entreprise","item":"https:\/\/teswic.com\/fr\/entreprise\/"},{"@type":"ListItem","position":3,"name":"Politique de Confidentialit\u00e9"}]},{"@type":"WebSite","@id":"https:\/\/teswic.com\/#website","url":"https:\/\/teswic.com\/","name":"Collect recyclables in compressed form.","description":"Manual compaction of empties. ","publisher":{"@id":"https:\/\/teswic.com\/#organization"},"potentialAction":[{"@type":"SearchAction","target":{"@type":"EntryPoint","urlTemplate":"https:\/\/teswic.com\/?s={search_term_string}"},"query-input":"required name=search_term_string"}],"inLanguage":"fr-FR"},{"@type":"Organization","@id":"https:\/\/teswic.com\/#organization","name":"Teswic Technologies","url":"https:\/\/teswic.com\/","logo":{"@type":"ImageObject","inLanguage":"fr-FR","@id":"https:\/\/teswic.com\/#\/schema\/logo\/image\/","url":"https:\/\/teswic.com\/wp-content\/uploads\/2020\/04\/Teswic150x30.png","contentUrl":"https:\/\/teswic.com\/wp-content\/uploads\/2020\/04\/Teswic150x30.png","width":150,"height":35,"caption":"Teswic Technologies"},"image":{"@id":"https:\/\/teswic.com\/#\/schema\/logo\/image\/"},"sameAs":["https:\/\/www.linkedin.com\/company\/teswic-technologies","https:\/\/www.youtube.com\/channel\/UCfleVzQ0OZ-NIJkLOpOBjaQ"]}]}},"_links":{"self":[{"href":"https:\/\/teswic.com\/fr\/wp-json\/wp\/v2\/pages\/727","targetHints":{"allow":["GET"]}}],"collection":[{"href":"https:\/\/teswic.com\/fr\/wp-json\/wp\/v2\/pages"}],"about":[{"href":"https:\/\/teswic.com\/fr\/wp-json\/wp\/v2\/types\/page"}],"author":[{"embeddable":true,"href":"https:\/\/teswic.com\/fr\/wp-json\/wp\/v2\/users\/1"}],"replies":[{"embeddable":true,"href":"https:\/\/teswic.com\/fr\/wp-json\/wp\/v2\/comments?post=727"}],"version-history":[{"count":3,"href":"https:\/\/teswic.com\/fr\/wp-json\/wp\/v2\/pages\/727\/revisions"}],"predecessor-version":[{"id":1272,"href":"https:\/\/teswic.com\/fr\/wp-json\/wp\/v2\/pages\/727\/revisions\/1272"}],"up":[{"embeddable":true,"href":"https:\/\/teswic.com\/fr\/wp-json\/wp\/v2\/pages\/736"}],"wp:attachment":[{"href":"https:\/\/teswic.com\/fr\/wp-json\/wp\/v2\/media?parent=727"}],"curies":[{"name":"wp","href":"https:\/\/api.w.org\/{rel}","templated":true}]}}