{"id":753,"date":"2020-09-14T15:42:39","date_gmt":"2020-09-14T13:42:39","guid":{"rendered":"http:\/\/192.168.178.110\/?page_id=753"},"modified":"2020-11-11T09:25:38","modified_gmt":"2020-11-11T08:25:38","slug":"pourquoi-compacter","status":"publish","type":"page","link":"https:\/\/teswic.com\/fr\/ressource-pet\/pourquoi-compacter\/","title":{"rendered":"Pourquoi compacter au point de collecte?"},"content":{"rendered":"\r\n<h3><strong>\u2026 du point de vue de l\u2019environnement<\/strong><\/h3>\r\n\r\n\r\n\r\n<ul>\r\n<li>Le transport des bouteilles en PET compact\u00e9es sera plus rentable; le nombre de collectes sera r\u00e9duit. Cela signifie moins d\u2019\u00e9missions de CO\u00b2.<\/li>\r\n<li>\r\n<p>Le plus le consommateur a de possibilit\u00e9s de se d\u00e9barrasser correctement de ses d\u00e9chets, le plus haut seront les taux de collecte. Comme Collect &amp; Compact peut \u00eatre utilis\u00e9 pratiquement partout, les bouteilles en plastique peuvent \u00eatre collect\u00e9es dans de nombreux endroits sans oublier les imp\u00e9ratifs logistiques. Et des taux de collecte plus \u00e9lev\u00e9s sont la condition pour un taux de recyclage plus \u00e9lev\u00e9.<\/p>\r\n<\/li>\r\n<\/ul>\r\n\r\n\r\n\r\n<h3><strong>\u2026 du point de vue du consommateur final<\/strong><\/h3>\r\n\r\n\r\n\r\n<ul>\r\n<li>En compacter les bouteilles en PET directement au point de collecte, le volume des bouteilles est r\u00e9duit signifiant. Cela r\u00e9duit \u00e9normement l\u2019encombrement pour les bouteilles vides. Ne pas oublier la r\u00e9duction des \u00e9missions de CO\u00b2.<\/li>\r\n<\/ul>\r\n<p>&nbsp;<\/p>\r\n\r\n\r\n\r\n<h3><strong>\u2026 du point de vue de la soci\u00e9t\u00e9 de gestion des d\u00e9chets<\/strong><\/h3>\r\n\r\n\r\n\r\n<p>Le compactage des bouteilles PET directement au point de collecte pr\u00e9sente de nombreux avantages pour l\u2019entreprise de traitement des d\u00e9chets:<\/p>\r\n\r\n\r\n\r\n<ul class=\"wp-block-list\">\r\n<li>Moins des enl\u00e8vements par camion, en m\u00eame temps un chargement am\u00e9lior\u00e9 des camions.<\/li>\r\n<li>Une bouteille en PET compact\u00e9e avec Collect&amp;Compact est dans tous les cas <strong>ouverte<\/strong> et ne n\u00e9cessite pas de perforation avant le compactage avec une presse \u00e0 balles.\u00a0 Cela \u00e9conomise une \u00e9tape compl\u00e8te et donc du temps et des co\u00fbts.<\/li>\r\n<\/ul>\r\n\r\n\r\n\r\n<p><strong><a href=\"https:\/\/teswic.com\/fr\/pet-im-fokus-der-eu\/\">\u00a0<\/a><\/strong><br \/><strong><a href=\"https:\/\/teswic.com\/fr\/pet-im-fokus-der-eu\/\">Le PET au centre de l&#8217;UE.<\/a><\/strong><\/p>\r\n","protected":false},"excerpt":{"rendered":"<p>\u2026 du point de vue de l\u2019environnement Le transport des bouteilles en PET compact\u00e9es sera plus rentable; le nombre de collectes sera r\u00e9duit. Cela signifie moins d\u2019\u00e9missions de CO\u00b2. Le plus le consommateur a de possibilit\u00e9s de se d\u00e9barrasser correctement de ses d\u00e9chets, le plus haut seront les taux de collecte. Comme Collect &amp; Compact [&hellip;]<\/p>\n","protected":false},"author":1,"featured_media":1010,"parent":748,"menu_order":2,"comment_status":"closed","ping_status":"closed","template":"","meta":{"footnotes":""},"class_list":["post-753","page","type-page","status-publish","has-post-thumbnail","hentry"],"yoast_head":"<!-- This site is optimized with the Yoast SEO plugin v20.3 - https:\/\/yoast.com\/wordpress\/plugins\/seo\/ -->\n<title>TESWIC | Collect &amp; Compact | Compactage des bouteilles en plastique<\/title>\n<meta name=\"description\" content=\"Compactage manuel des bouteilles en plastique au point de collecte. Sans \u00e9lectricit\u00e9. Compacte bouteilles ferm\u00e9es. Max. 400 bouteilles\/heure.\" \/>\n<meta name=\"robots\" content=\"index, follow, max-snippet:-1, max-image-preview:large, max-video-preview:-1\" \/>\n<link rel=\"canonical\" href=\"https:\/\/teswic.com\/fr\/ressource-pet\/pourquoi-compacter\/\" \/>\n<meta property=\"og:locale\" content=\"fr_FR\" \/>\n<meta property=\"og:type\" content=\"article\" \/>\n<meta property=\"og:title\" content=\"TESWIC | Collect &amp; Compact | Compactage des bouteilles en plastique\" \/>\n<meta property=\"og:description\" content=\"Compactage manuel des bouteilles en plastique au point de collecte. Sans \u00e9lectricit\u00e9. Compacte bouteilles ferm\u00e9es. Max. 400 bouteilles\/heure.\" \/>\n<meta property=\"og:url\" content=\"https:\/\/teswic.com\/fr\/ressource-pet\/pourquoi-compacter\/\" \/>\n<meta property=\"og:site_name\" content=\"Collect recyclables in compressed form.\" \/>\n<meta property=\"article:modified_time\" content=\"2020-11-11T08:25:38+00:00\" \/>\n<meta property=\"og:image\" content=\"https:\/\/teswic.com\/wp-content\/uploads\/2020\/09\/1500mlFlascheVerpresst-scaled.jpg\" \/>\n\t<meta property=\"og:image:width\" content=\"2560\" \/>\n\t<meta property=\"og:image:height\" content=\"1920\" \/>\n\t<meta property=\"og:image:type\" content=\"image\/jpeg\" \/>\n<meta name=\"twitter:card\" content=\"summary_large_image\" \/>\n<meta name=\"twitter:label1\" content=\"Dur\u00e9e de lecture estim\u00e9e\" \/>\n\t<meta name=\"twitter:data1\" content=\"1 minute\" \/>\n<script type=\"application\/ld+json\" class=\"yoast-schema-graph\">{\"@context\":\"https:\/\/schema.org\",\"@graph\":[{\"@type\":\"WebPage\",\"@id\":\"https:\/\/teswic.com\/fr\/ressource-pet\/pourquoi-compacter\/\",\"url\":\"https:\/\/teswic.com\/fr\/ressource-pet\/pourquoi-compacter\/\",\"name\":\"TESWIC | Collect & Compact | Compactage des bouteilles en plastique\",\"isPartOf\":{\"@id\":\"https:\/\/teswic.com\/#website\"},\"datePublished\":\"2020-09-14T13:42:39+00:00\",\"dateModified\":\"2020-11-11T08:25:38+00:00\",\"description\":\"Compactage manuel des bouteilles en plastique au point de collecte. Sans \u00e9lectricit\u00e9. Compacte bouteilles ferm\u00e9es. Max. 400 bouteilles\/heure.\",\"breadcrumb\":{\"@id\":\"https:\/\/teswic.com\/fr\/ressource-pet\/pourquoi-compacter\/#breadcrumb\"},\"inLanguage\":\"fr-FR\",\"potentialAction\":[{\"@type\":\"ReadAction\",\"target\":[\"https:\/\/teswic.com\/fr\/ressource-pet\/pourquoi-compacter\/\"]}]},{\"@type\":\"BreadcrumbList\",\"@id\":\"https:\/\/teswic.com\/fr\/ressource-pet\/pourquoi-compacter\/#breadcrumb\",\"itemListElement\":[{\"@type\":\"ListItem\",\"position\":1,\"name\":\"Startseite\",\"item\":\"https:\/\/teswic.com\/fr\/\"},{\"@type\":\"ListItem\",\"position\":2,\"name\":\"Ressource PET\",\"item\":\"https:\/\/teswic.com\/fr\/ressource-pet\/\"},{\"@type\":\"ListItem\",\"position\":3,\"name\":\"Pourquoi compacter au point de collecte?\"}]},{\"@type\":\"WebSite\",\"@id\":\"https:\/\/teswic.com\/#website\",\"url\":\"https:\/\/teswic.com\/\",\"name\":\"Collect recyclables in compressed form.\",\"description\":\"Manual compaction of empties. \",\"publisher\":{\"@id\":\"https:\/\/teswic.com\/#organization\"},\"potentialAction\":[{\"@type\":\"SearchAction\",\"target\":{\"@type\":\"EntryPoint\",\"urlTemplate\":\"https:\/\/teswic.com\/?s={search_term_string}\"},\"query-input\":\"required name=search_term_string\"}],\"inLanguage\":\"fr-FR\"},{\"@type\":\"Organization\",\"@id\":\"https:\/\/teswic.com\/#organization\",\"name\":\"Teswic Technologies\",\"url\":\"https:\/\/teswic.com\/\",\"logo\":{\"@type\":\"ImageObject\",\"inLanguage\":\"fr-FR\",\"@id\":\"https:\/\/teswic.com\/#\/schema\/logo\/image\/\",\"url\":\"https:\/\/teswic.com\/wp-content\/uploads\/2020\/04\/Teswic150x30.png\",\"contentUrl\":\"https:\/\/teswic.com\/wp-content\/uploads\/2020\/04\/Teswic150x30.png\",\"width\":150,\"height\":35,\"caption\":\"Teswic Technologies\"},\"image\":{\"@id\":\"https:\/\/teswic.com\/#\/schema\/logo\/image\/\"},\"sameAs\":[\"https:\/\/www.linkedin.com\/company\/teswic-technologies\",\"https:\/\/www.youtube.com\/channel\/UCfleVzQ0OZ-NIJkLOpOBjaQ\"]}]}<\/script>\n<!-- \/ Yoast SEO plugin. -->","yoast_head_json":{"title":"TESWIC | Collect & Compact | Compactage des bouteilles en plastique","description":"Compactage manuel des bouteilles en plastique au point de collecte. Sans \u00e9lectricit\u00e9. Compacte bouteilles ferm\u00e9es. Max. 400 bouteilles\/heure.","robots":{"index":"index","follow":"follow","max-snippet":"max-snippet:-1","max-image-preview":"max-image-preview:large","max-video-preview":"max-video-preview:-1"},"canonical":"https:\/\/teswic.com\/fr\/ressource-pet\/pourquoi-compacter\/","og_locale":"fr_FR","og_type":"article","og_title":"TESWIC | Collect & Compact | Compactage des bouteilles en plastique","og_description":"Compactage manuel des bouteilles en plastique au point de collecte. Sans \u00e9lectricit\u00e9. Compacte bouteilles ferm\u00e9es. Max. 400 bouteilles\/heure.","og_url":"https:\/\/teswic.com\/fr\/ressource-pet\/pourquoi-compacter\/","og_site_name":"Collect recyclables in compressed form.","article_modified_time":"2020-11-11T08:25:38+00:00","og_image":[{"width":2560,"height":1920,"url":"https:\/\/teswic.com\/wp-content\/uploads\/2020\/09\/1500mlFlascheVerpresst-scaled.jpg","type":"image\/jpeg"}],"twitter_card":"summary_large_image","twitter_misc":{"Dur\u00e9e de lecture estim\u00e9e":"1 minute"},"schema":{"@context":"https:\/\/schema.org","@graph":[{"@type":"WebPage","@id":"https:\/\/teswic.com\/fr\/ressource-pet\/pourquoi-compacter\/","url":"https:\/\/teswic.com\/fr\/ressource-pet\/pourquoi-compacter\/","name":"TESWIC | Collect & Compact | Compactage des bouteilles en plastique","isPartOf":{"@id":"https:\/\/teswic.com\/#website"},"datePublished":"2020-09-14T13:42:39+00:00","dateModified":"2020-11-11T08:25:38+00:00","description":"Compactage manuel des bouteilles en plastique au point de collecte. Sans \u00e9lectricit\u00e9. Compacte bouteilles ferm\u00e9es. Max. 400 bouteilles\/heure.","breadcrumb":{"@id":"https:\/\/teswic.com\/fr\/ressource-pet\/pourquoi-compacter\/#breadcrumb"},"inLanguage":"fr-FR","potentialAction":[{"@type":"ReadAction","target":["https:\/\/teswic.com\/fr\/ressource-pet\/pourquoi-compacter\/"]}]},{"@type":"BreadcrumbList","@id":"https:\/\/teswic.com\/fr\/ressource-pet\/pourquoi-compacter\/#breadcrumb","itemListElement":[{"@type":"ListItem","position":1,"name":"Startseite","item":"https:\/\/teswic.com\/fr\/"},{"@type":"ListItem","position":2,"name":"Ressource PET","item":"https:\/\/teswic.com\/fr\/ressource-pet\/"},{"@type":"ListItem","position":3,"name":"Pourquoi compacter au point de collecte?"}]},{"@type":"WebSite","@id":"https:\/\/teswic.com\/#website","url":"https:\/\/teswic.com\/","name":"Collect recyclables in compressed form.","description":"Manual compaction of empties. ","publisher":{"@id":"https:\/\/teswic.com\/#organization"},"potentialAction":[{"@type":"SearchAction","target":{"@type":"EntryPoint","urlTemplate":"https:\/\/teswic.com\/?s={search_term_string}"},"query-input":"required name=search_term_string"}],"inLanguage":"fr-FR"},{"@type":"Organization","@id":"https:\/\/teswic.com\/#organization","name":"Teswic Technologies","url":"https:\/\/teswic.com\/","logo":{"@type":"ImageObject","inLanguage":"fr-FR","@id":"https:\/\/teswic.com\/#\/schema\/logo\/image\/","url":"https:\/\/teswic.com\/wp-content\/uploads\/2020\/04\/Teswic150x30.png","contentUrl":"https:\/\/teswic.com\/wp-content\/uploads\/2020\/04\/Teswic150x30.png","width":150,"height":35,"caption":"Teswic Technologies"},"image":{"@id":"https:\/\/teswic.com\/#\/schema\/logo\/image\/"},"sameAs":["https:\/\/www.linkedin.com\/company\/teswic-technologies","https:\/\/www.youtube.com\/channel\/UCfleVzQ0OZ-NIJkLOpOBjaQ"]}]}},"_links":{"self":[{"href":"https:\/\/teswic.com\/fr\/wp-json\/wp\/v2\/pages\/753","targetHints":{"allow":["GET"]}}],"collection":[{"href":"https:\/\/teswic.com\/fr\/wp-json\/wp\/v2\/pages"}],"about":[{"href":"https:\/\/teswic.com\/fr\/wp-json\/wp\/v2\/types\/page"}],"author":[{"embeddable":true,"href":"https:\/\/teswic.com\/fr\/wp-json\/wp\/v2\/users\/1"}],"replies":[{"embeddable":true,"href":"https:\/\/teswic.com\/fr\/wp-json\/wp\/v2\/comments?post=753"}],"version-history":[{"count":4,"href":"https:\/\/teswic.com\/fr\/wp-json\/wp\/v2\/pages\/753\/revisions"}],"predecessor-version":[{"id":1230,"href":"https:\/\/teswic.com\/fr\/wp-json\/wp\/v2\/pages\/753\/revisions\/1230"}],"up":[{"embeddable":true,"href":"https:\/\/teswic.com\/fr\/wp-json\/wp\/v2\/pages\/748"}],"wp:featuredmedia":[{"embeddable":true,"href":"https:\/\/teswic.com\/fr\/wp-json\/wp\/v2\/media\/1010"}],"wp:attachment":[{"href":"https:\/\/teswic.com\/fr\/wp-json\/wp\/v2\/media?parent=753"}],"curies":[{"name":"wp","href":"https:\/\/api.w.org\/{rel}","templated":true}]}}